{"id":4738,"date":"2025-03-26T19:22:25","date_gmt":"2025-03-26T19:22:25","guid":{"rendered":"https:\/\/miamedic.lt\/?post_type=product&#038;p=4738"},"modified":"2025-03-26T19:26:00","modified_gmt":"2025-03-26T19:26:00","slug":"bio-delis-pha-aha-10","status":"publish","type":"product","link":"https:\/\/miamedic.lt\/en\/shop\/bio-delis-pha-aha-10\/","title":{"rendered":"BIO \u2013 DELIS PHA-AHA 10%"},"content":{"rendered":"<p data-start=\"79\" data-end=\"160\"><strong data-start=\"83\" data-end=\"160\">BIO \u2013 DELIS 10% PHA\u2013AHA kremas \u2013 jautrios odos biostimuliacija ir atgaiva<\/strong><\/p>\n<p class=\"\" data-start=\"162\" data-end=\"581\"><strong data-start=\"162\" data-end=\"181\">BIO \u2013 DELIS 10%<\/strong> \u2013 tai pa\u017eangios formul\u0117s kremas, sukurtas itin jautriai ir \u0161velniai odai, kuri reikalauja subtilios, bet veiksmingos prie\u017ei\u016bros. Kremo sud\u0117tyje esantys PHA ir AHA r\u016bg\u0161\u010di\u0173 kompleksai \u0161velniai eksfolijuoja, gerina odos tekst\u016br\u0105, stimuliuoja atsinaujinim\u0105 ir prisideda prie jauninamojo efekto. Idealiai tinka \u017emon\u0117ms, gyvenantiems \u012ftemptu ritmu, da\u017enai keliaujantiems ar turintiems saul\u0117s paveikt\u0105 od\u0105.<\/p>\n<p data-start=\"583\" data-end=\"602\"><strong data-start=\"587\" data-end=\"600\">Effect:<\/strong><\/p>\n<p class=\"\" data-start=\"603\" data-end=\"895\">\u2022 Skatina l\u0105steli\u0173 regeneracij\u0105 ir epidermio atsinaujinim\u0105<br data-start=\"661\" data-end=\"664\" \/>\u2022 Padeda atkurti odos elastingum\u0105, lygum\u0105 ir stangrum\u0105<br data-start=\"718\" data-end=\"721\" \/>\u2022 I\u0161lygina smulkias rauk\u0161leles, gerina odos ton\u0105 ir spalvos tolygum\u0105<br data-start=\"789\" data-end=\"792\" \/>\u2022 Intensyviai dr\u0117kina ir stiprina apsaugin\u012f odos barjer\u0105<br data-start=\"848\" data-end=\"851\" \/>\u2022 Didina odos atsparum\u0105 aplinkos stresoriams<\/p>\n<p data-start=\"897\" data-end=\"918\"><strong data-start=\"901\" data-end=\"916\">Usage:<\/strong><\/p>\n<p class=\"\" data-start=\"919\" data-end=\"1065\">Nedidel\u012f kremo kiek\u012f tepkite ant \u0161varios, sausos veido odos. \u0160velniai \u012fmasa\u017euokite, kol susigers. Naudoti 1\u20132 kartus per dien\u0105, ryte ir\/ar vakare.<\/p>\n<p class=\"\" data-start=\"1067\" data-end=\"1194\">Tobulas pasirinkimas jautriai, stresui ir aplinkos poveikiui veikiamai odai, kai reikia \u0161velnaus, bet efektyvaus atsinaujinimo.<\/p>","protected":false},"excerpt":{"rendered":"<p>Jautrios odos biostimuliacija ir atgaiva.<\/p>\n<p><strong>Natinuel products can only be purchased after a consultation.<\/strong><\/p>","protected":false},"featured_media":4739,"comment_status":"open","ping_status":"closed","template":"","meta":[],"product_cat":[129],"product_tag":[],"class_list":{"0":"post-4738","1":"product","2":"type-product","3":"status-publish","4":"has-post-thumbnail","6":"product_cat-veido-kremai","7":"pa_brands-natinuel","8":"pa_talpa-50ml-2","10":"first","11":"instock","12":"taxable","13":"shipping-taxable","14":"product-type-external"},"_links":{"self":[{"href":"https:\/\/miamedic.lt\/en\/wp-json\/wp\/v2\/product\/4738","targetHints":{"allow":["GET"]}}],"collection":[{"href":"https:\/\/miamedic.lt\/en\/wp-json\/wp\/v2\/product"}],"about":[{"href":"https:\/\/miamedic.lt\/en\/wp-json\/wp\/v2\/types\/product"}],"replies":[{"embeddable":true,"href":"https:\/\/miamedic.lt\/en\/wp-json\/wp\/v2\/comments?post=4738"}],"version-history":[{"count":2,"href":"https:\/\/miamedic.lt\/en\/wp-json\/wp\/v2\/product\/4738\/revisions"}],"predecessor-version":[{"id":4741,"href":"https:\/\/miamedic.lt\/en\/wp-json\/wp\/v2\/product\/4738\/revisions\/4741"}],"wp:featuredmedia":[{"embeddable":true,"href":"https:\/\/miamedic.lt\/en\/wp-json\/wp\/v2\/media\/4739"}],"wp:attachment":[{"href":"https:\/\/miamedic.lt\/en\/wp-json\/wp\/v2\/media?parent=4738"}],"wp:term":[{"taxonomy":"product_cat","embeddable":true,"href":"https:\/\/miamedic.lt\/en\/wp-json\/wp\/v2\/product_cat?post=4738"},{"taxonomy":"product_tag","embeddable":true,"href":"https:\/\/miamedic.lt\/en\/wp-json\/wp\/v2\/product_tag?post=4738"}],"curies":[{"name":"wp","href":"https:\/\/api.w.org\/{rel}","templated":true}]}}