{"id":4727,"date":"2025-03-26T18:46:24","date_gmt":"2025-03-26T18:46:24","guid":{"rendered":"https:\/\/miamedic.lt\/?post_type=product&#038;p=4727"},"modified":"2026-02-16T09:53:25","modified_gmt":"2026-02-16T09:53:25","slug":"rozatrol","status":"publish","type":"product","link":"https:\/\/miamedic.lt\/en\/shop\/rozatrol\/","title":{"rendered":"ROZATROL"},"content":{"rendered":"<p data-start=\"73\" data-end=\"140\"><strong data-start=\"77\" data-end=\"140\">Rozatrol \u2013 kremas raustan\u010diai, jautriai ir sudirgusiai odai<\/strong><\/p>\n<p class=\"\" data-start=\"142\" data-end=\"468\"><strong data-start=\"142\" data-end=\"169\">ZO Skin Health Rozatrol<\/strong> \u2013 tai specialiai sukurta priemon\u0117 jautriai, \u012f raudon\u012f linkusiai odai, kuri padeda suma\u017einti paraudim\u0105, sustiprinti kapiliar\u0173 b\u016bkl\u0119 ir atkurti odos komfort\u0105. Kremas sujungia \u0161velni\u0105 fermentin\u0119 eksfoliacij\u0105, dr\u0117kinim\u0105, prie\u0161u\u017edegimin\u012f ir antimikrobin\u012f poveik\u012f, u\u017etikrinant visapusi\u0161k\u0105 odos prie\u017ei\u016br\u0105.<\/p>\n<p data-start=\"470\" data-end=\"489\"><strong data-start=\"474\" data-end=\"487\">Effect:<\/strong><\/p>\n<p class=\"\" data-start=\"490\" data-end=\"841\">\u2022 Ramina sudirgusi\u0105, raustan\u010di\u0105 od\u0105<br data-start=\"525\" data-end=\"528\" \/>\u2022 Gerina mikrocirkuliacij\u0105 ir kraujagysli\u0173 b\u016bkl\u0119<br data-start=\"576\" data-end=\"579\" \/>\u2022 Reguliuoja u\u017edegiminius procesus ir ma\u017eina UV sukelto paraudimo rizik\u0105<br data-start=\"651\" data-end=\"654\" \/>\u2022 \u0160velniai eksfolijuoja, lygina odos pavir\u0161i\u0173 ir ton\u0105<br data-start=\"707\" data-end=\"710\" \/>\u2022 Reguliuoja riebalini\u0173 liauk\u0173 veikl\u0105<br data-start=\"747\" data-end=\"750\" \/>\u2022 Apsaugo nuo laisv\u0173j\u0173 radikal\u0173 \u017ealos<br data-start=\"787\" data-end=\"790\" \/>\u2022 Giliai dr\u0117kina ir stiprina odos apsaugin\u012f barjer\u0105<\/p>\n<p data-start=\"1381\" data-end=\"1402\"><strong data-start=\"1385\" data-end=\"1400\">Usage:<\/strong><\/p>\n<p class=\"\" data-start=\"1403\" data-end=\"1576\">Tepkite ant \u0161varios ir sausos odos ryte ir \/ arba vakare, po prausimosi. Rekomenduojama naudoti kartu su <strong data-start=\"1508\" data-end=\"1531\">Daily Power Defense<\/strong> kaip dal\u012f kasdien\u0117s odos prie\u017ei\u016bros rutinos.<\/p>\n<p class=\"\" data-start=\"1597\" data-end=\"1752\">Puikus pasirinkimas jautriai, reaktyviai odai, linkusiai \u012f ro\u017ein\u0119, kuperoz\u0119 ar nuolatin\u012f paraudim\u0105 \u2013 u\u017etikrina ilgalaik\u012f komfort\u0105 ir geresn\u0119 odos i\u0161vaizd\u0105.<\/p>","protected":false},"excerpt":{"rendered":"<p>Kremas raustan\u010diai, jautriai ir sudirgusiai odai.<\/p>\n<p><strong>Zo Skin Health products can only be purchased after a consultation.<\/strong><\/p>","protected":false},"featured_media":4728,"comment_status":"open","ping_status":"closed","template":"","meta":[],"product_cat":[129],"product_tag":[],"class_list":{"0":"post-4727","1":"product","2":"type-product","3":"status-publish","4":"has-post-thumbnail","6":"product_cat-veido-kremai","7":"pa_brands-zo-skin-health","8":"pa_talpa-50ml-2","10":"first","11":"instock","12":"taxable","13":"shipping-taxable","14":"product-type-external"},"_links":{"self":[{"href":"https:\/\/miamedic.lt\/en\/wp-json\/wp\/v2\/product\/4727","targetHints":{"allow":["GET"]}}],"collection":[{"href":"https:\/\/miamedic.lt\/en\/wp-json\/wp\/v2\/product"}],"about":[{"href":"https:\/\/miamedic.lt\/en\/wp-json\/wp\/v2\/types\/product"}],"replies":[{"embeddable":true,"href":"https:\/\/miamedic.lt\/en\/wp-json\/wp\/v2\/comments?post=4727"}],"version-history":[{"count":1,"href":"https:\/\/miamedic.lt\/en\/wp-json\/wp\/v2\/product\/4727\/revisions"}],"predecessor-version":[{"id":4729,"href":"https:\/\/miamedic.lt\/en\/wp-json\/wp\/v2\/product\/4727\/revisions\/4729"}],"wp:featuredmedia":[{"embeddable":true,"href":"https:\/\/miamedic.lt\/en\/wp-json\/wp\/v2\/media\/4728"}],"wp:attachment":[{"href":"https:\/\/miamedic.lt\/en\/wp-json\/wp\/v2\/media?parent=4727"}],"wp:term":[{"taxonomy":"product_cat","embeddable":true,"href":"https:\/\/miamedic.lt\/en\/wp-json\/wp\/v2\/product_cat?post=4727"},{"taxonomy":"product_tag","embeddable":true,"href":"https:\/\/miamedic.lt\/en\/wp-json\/wp\/v2\/product_tag?post=4727"}],"curies":[{"name":"wp","href":"https:\/\/api.w.org\/{rel}","templated":true}]}}