{"id":4724,"date":"2025-03-26T18:35:07","date_gmt":"2025-03-26T18:35:07","guid":{"rendered":"https:\/\/miamedic.lt\/?post_type=product&#038;p=4724"},"modified":"2025-12-01T10:09:25","modified_gmt":"2025-12-01T10:09:25","slug":"retinol-skin-brightener-0-5","status":"publish","type":"product","link":"https:\/\/miamedic.lt\/en\/shop\/retinol-skin-brightener-0-5\/","title":{"rendered":"RETINOL SKIN BRIGHTENER 0.5%"},"content":{"rendered":"<p data-start=\"93\" data-end=\"199\"><strong data-start=\"97\" data-end=\"199\">Retinol Skin Brightener 0.5% \u2013 pa\u017eangus \u0161viesinantis serumas su vidutin\u0117s koncentracijos retinoliu<\/strong><\/p>\n<p class=\"\" data-start=\"201\" data-end=\"553\"><strong data-start=\"201\" data-end=\"248\">ZO Skin Health Retinol Skin Brightener 0.5%<\/strong> \u2013 tai tarpinis \u017eingsnis tarp \u0161velnaus ir stipresnio retinolio, sukurtas pigmentacijos ma\u017einimui ir odos tonuso suvienodinimui. \u0160is serumas idealiai tinka tiems, kurie jau yra susipa\u017ein\u0119 su retinoliu ir siekia efektyvesnio rezultato ma\u017einant d\u0117mes, suvienodinant tekst\u016br\u0105 bei skatinant odos atsinaujinim\u0105.<\/p>\n<p data-start=\"555\" data-end=\"574\"><strong data-start=\"559\" data-end=\"572\">Effect:<\/strong><\/p>\n<p class=\"\" data-start=\"575\" data-end=\"885\">\u2022 Eksfolijuoja, skaistina ir lygina odos atspalv\u012f<br data-start=\"624\" data-end=\"627\" \/>\u2022 Ma\u017eina esam\u0105 pigmentacij\u0105 ir padeda i\u0161vengti naujos atsiradimo<br data-start=\"691\" data-end=\"694\" \/>\u2022 Slopina melanino gamyb\u0105 odos l\u0105stel\u0117se<br data-start=\"734\" data-end=\"737\" \/>\u2022 Apsaugo nuo laisv\u0173j\u0173 radikal\u0173, l\u0117tina sen\u0117jimo po\u017eymius<br data-start=\"794\" data-end=\"797\" \/>\u2022 Ramina sudirgusi\u0105 od\u0105, ma\u017eina paraudim\u0105<br data-start=\"838\" data-end=\"841\" \/>\u2022 Gerina bendr\u0105 odos strukt\u016br\u0105 ir i\u0161vaizd\u0105<\/p>\n<p data-start=\"1370\" data-end=\"1391\"><strong data-start=\"1374\" data-end=\"1389\">Usage:<\/strong><\/p>\n<p class=\"\" data-start=\"1392\" data-end=\"1655\">Vakare po prausimosi tepkite 1\u20132 paspaudimus produkto ant veido ar pigmentini\u0173 sri\u010di\u0173. Prad\u0117kite nuo 2\u20133 kart\u0173 per savait\u0119, palaipsniui da\u017eninkite naudojim\u0105. Galimas laikinas paraudimas, \u0161erpetojimas ar sausumas \u2013 tai normali odos adaptacijos \u012f retinol\u012f reakcija.<\/p>\n<p class=\"\" data-start=\"1676\" data-end=\"1810\">Tobulas sprendimas tiems, kurie jau naudoja retinol\u012f ir siekia ry\u0161kesnio \u0161viesinamojo efekto su visapusi\u0161ka odos apsauga bei komfortu.<\/p>","protected":false},"excerpt":{"rendered":"<p>Pa\u017eangus \u0161viesinantis serumas su vidutin\u0117s koncentracijos retinoliu.<\/p>\n<p><strong>Zo Skin Health products can only be purchased after a consultation.<\/strong><\/p>","protected":false},"featured_media":4725,"comment_status":"open","ping_status":"closed","template":"","meta":[],"product_cat":[107],"product_tag":[],"class_list":{"0":"post-4724","1":"product","2":"type-product","3":"status-publish","4":"has-post-thumbnail","6":"product_cat-serumai","7":"pa_brands-zo-skin-health","8":"pa_talpa-50ml-2","10":"first","11":"instock","12":"taxable","13":"shipping-taxable","14":"product-type-external"},"_links":{"self":[{"href":"https:\/\/miamedic.lt\/en\/wp-json\/wp\/v2\/product\/4724","targetHints":{"allow":["GET"]}}],"collection":[{"href":"https:\/\/miamedic.lt\/en\/wp-json\/wp\/v2\/product"}],"about":[{"href":"https:\/\/miamedic.lt\/en\/wp-json\/wp\/v2\/types\/product"}],"replies":[{"embeddable":true,"href":"https:\/\/miamedic.lt\/en\/wp-json\/wp\/v2\/comments?post=4724"}],"version-history":[{"count":1,"href":"https:\/\/miamedic.lt\/en\/wp-json\/wp\/v2\/product\/4724\/revisions"}],"predecessor-version":[{"id":4726,"href":"https:\/\/miamedic.lt\/en\/wp-json\/wp\/v2\/product\/4724\/revisions\/4726"}],"wp:featuredmedia":[{"embeddable":true,"href":"https:\/\/miamedic.lt\/en\/wp-json\/wp\/v2\/media\/4725"}],"wp:attachment":[{"href":"https:\/\/miamedic.lt\/en\/wp-json\/wp\/v2\/media?parent=4724"}],"wp:term":[{"taxonomy":"product_cat","embeddable":true,"href":"https:\/\/miamedic.lt\/en\/wp-json\/wp\/v2\/product_cat?post=4724"},{"taxonomy":"product_tag","embeddable":true,"href":"https:\/\/miamedic.lt\/en\/wp-json\/wp\/v2\/product_tag?post=4724"}],"curies":[{"name":"wp","href":"https:\/\/api.w.org\/{rel}","templated":true}]}}