{"id":4721,"date":"2025-03-26T18:28:53","date_gmt":"2025-03-26T18:28:53","guid":{"rendered":"https:\/\/miamedic.lt\/?post_type=product&#038;p=4721"},"modified":"2025-12-01T10:09:32","modified_gmt":"2025-12-01T10:09:32","slug":"retinol-skin-brightener-0-25","status":"publish","type":"product","link":"https:\/\/miamedic.lt\/en\/shop\/retinol-skin-brightener-0-25\/","title":{"rendered":"RETINOL SKIN BRIGHTENER 0.25%"},"content":{"rendered":"<p data-start=\"94\" data-end=\"182\"><strong data-start=\"98\" data-end=\"182\">Retinol Skin Brightener 0.25% \u2013 \u0161viesinamasis serumas su retinoliu jautriai odai<\/strong><\/p>\n<p class=\"\" data-start=\"184\" data-end=\"599\"><strong data-start=\"184\" data-end=\"232\">ZO Skin Health Retinol Skin Brightener 0.25%<\/strong> \u2013 tai \u0161velnaus poveikio, bet veiksmingas serumas su retinoliu, skirtas odos atspalvio suvienodinimui ir pigmentini\u0173 d\u0117mi\u0173 ma\u017einimui. Sukurtas taip, kad b\u016bt\u0173 saugus net jautriai odai ar tiems, kurie tik pradeda naudoti retinol\u012f. Oleosomose \u012fkapsuliuotas retinolis u\u017etikrina tolyg\u0173 ir tikslin\u012f veikim\u0105, o papildomi raminamieji ingredientai padeda i\u0161vengti sudirginimo.<\/p>\n<p data-start=\"601\" data-end=\"620\"><strong data-start=\"605\" data-end=\"618\">Effect:<\/strong><\/p>\n<p class=\"\" data-start=\"621\" data-end=\"936\">\u2022 \u0160velniai eksfolijuoja, skaistina ir suvienodina odos ton\u0105<br data-start=\"680\" data-end=\"683\" \/>\u2022 Padeda suma\u017einti esamas pigmentines d\u0117mes ir u\u017ekirsti keli\u0105 nauj\u0173 atsiradimui<br data-start=\"762\" data-end=\"765\" \/>\u2022 Slopina melanino gamyb\u0105, l\u0117tina sen\u0117jimo po\u017eymius<br data-start=\"816\" data-end=\"819\" \/>\u2022 Ramina jautri\u0105 od\u0105, ma\u017eina paraudim\u0105 ir diskomfort\u0105<br data-start=\"872\" data-end=\"875\" \/>\u2022 Palaiko sveik\u0105 odos dr\u0117gm\u0117s balans\u0105 ir apsaugin\u0119 funkcij\u0105<\/p>\n<p data-start=\"1422\" data-end=\"1443\"><strong data-start=\"1426\" data-end=\"1441\">Usage:<\/strong><\/p>\n<p class=\"\" data-start=\"1444\" data-end=\"1714\">Vakare, po prausimosi, tepkite 1\u20132 paspaudimus serumo ant \u0161varios veido odos. Prad\u0117kite nuo 2\u20133 kart\u0173 per savait\u0119, palaipsniui didindami da\u017enum\u0105, kai oda pripranta. Gali pasireik\u0161ti paraudimas, \u0161erpetojimas ar sausumo poj\u016btis \u2013 tai laikina reakcija \u012f aktyv\u0173 ingredient\u0105.<\/p>\n<p class=\"\" data-start=\"1716\" data-end=\"1733\"><strong data-start=\"1716\" data-end=\"1727\">Kiekis:<\/strong> 50 ml<\/p>\n<p class=\"\" data-start=\"1735\" data-end=\"1887\">Puikus pasirinkimas jautriai odai ar pirmam \u017eingsniui \u012f retinolio naudojim\u0105 \u2013 veiksmingas \u0161viesinantis ir lyginantis sprendimas su \u0161velniu prisilietimu.<\/p>","protected":false},"excerpt":{"rendered":"<p>\u0160viesinamasis serumas su retinoliu jautriai odai.<\/p>\n<p><strong>Zo Skin Health products can only be purchased after a consultation.<\/strong><\/p>","protected":false},"featured_media":4722,"comment_status":"open","ping_status":"closed","template":"","meta":[],"product_cat":[107],"product_tag":[],"class_list":{"0":"post-4721","1":"product","2":"type-product","3":"status-publish","4":"has-post-thumbnail","6":"product_cat-serumai","7":"pa_brands-zo-skin-health","8":"pa_talpa-50ml-2","10":"first","11":"instock","12":"taxable","13":"shipping-taxable","14":"product-type-external"},"_links":{"self":[{"href":"https:\/\/miamedic.lt\/en\/wp-json\/wp\/v2\/product\/4721","targetHints":{"allow":["GET"]}}],"collection":[{"href":"https:\/\/miamedic.lt\/en\/wp-json\/wp\/v2\/product"}],"about":[{"href":"https:\/\/miamedic.lt\/en\/wp-json\/wp\/v2\/types\/product"}],"replies":[{"embeddable":true,"href":"https:\/\/miamedic.lt\/en\/wp-json\/wp\/v2\/comments?post=4721"}],"version-history":[{"count":2,"href":"https:\/\/miamedic.lt\/en\/wp-json\/wp\/v2\/product\/4721\/revisions"}],"predecessor-version":[{"id":12563,"href":"https:\/\/miamedic.lt\/en\/wp-json\/wp\/v2\/product\/4721\/revisions\/12563"}],"wp:featuredmedia":[{"embeddable":true,"href":"https:\/\/miamedic.lt\/en\/wp-json\/wp\/v2\/media\/4722"}],"wp:attachment":[{"href":"https:\/\/miamedic.lt\/en\/wp-json\/wp\/v2\/media?parent=4721"}],"wp:term":[{"taxonomy":"product_cat","embeddable":true,"href":"https:\/\/miamedic.lt\/en\/wp-json\/wp\/v2\/product_cat?post=4721"},{"taxonomy":"product_tag","embeddable":true,"href":"https:\/\/miamedic.lt\/en\/wp-json\/wp\/v2\/product_tag?post=4721"}],"curies":[{"name":"wp","href":"https:\/\/api.w.org\/{rel}","templated":true}]}}