{"id":4718,"date":"2025-03-26T18:24:11","date_gmt":"2025-03-26T18:24:11","guid":{"rendered":"https:\/\/miamedic.lt\/?post_type=product&#038;p=4718"},"modified":"2025-12-01T10:09:56","modified_gmt":"2025-12-01T10:09:56","slug":"renewal-creme","status":"publish","type":"product","link":"https:\/\/miamedic.lt\/en\/shop\/renewal-creme\/","title":{"rendered":"RENEWAL CR\u00c8ME"},"content":{"rendered":"<p data-start=\"78\" data-end=\"163\"><strong data-start=\"82\" data-end=\"163\">Renewal Cr\u00e8me \u2013 dr\u0117kinamasis kremas su retinoliu kasdienei odos regeneracijai<\/strong><\/p>\n<p class=\"\" data-start=\"165\" data-end=\"530\"><strong data-start=\"165\" data-end=\"197\">ZO Skin Health Renewal Cr\u00e8me<\/strong> \u2013 tai \u0161velnios, bet veiksmingos formul\u0117s dr\u0117kinantis kremas, sukurtas atkurti odos komfort\u0105, ma\u017einti sudirgim\u0105 ir skatinti nat\u016bral\u0173 atsinaujinim\u0105. Sud\u0117tyje esantis retinolis kartu su antioksidantais ir raminan\u010diais ekstraktais padeda atitolinti sen\u0117jimo po\u017eymius, sustiprinti odos barjer\u0105 ir i\u0161laikyti optimali\u0105 dr\u0117gm\u0117s pusiausvyr\u0105.<\/p>\n<p data-start=\"532\" data-end=\"551\"><strong data-start=\"536\" data-end=\"549\">Effect:<\/strong><\/p>\n<p class=\"\" data-start=\"552\" data-end=\"804\">\u2022 Skatina odos regeneracij\u0105 ir sveikos i\u0161vaizdos atk\u016brim\u0105<br data-start=\"609\" data-end=\"612\" \/>\u2022 Ramina sudirgusi\u0105 od\u0105 ir ma\u017eina paraudimus<br data-start=\"656\" data-end=\"659\" \/>\u2022 Giliai dr\u0117kina ir padeda i\u0161laikyti dr\u0117gm\u0119 odoje<br data-start=\"708\" data-end=\"711\" \/>\u2022 Stiprina apsaugin\u012f odos barjer\u0105<br data-start=\"744\" data-end=\"747\" \/>\u2022 Saugo nuo laisv\u0173j\u0173 radikal\u0173 ir l\u0117tina sen\u0117jimo po\u017eymius<\/p>\n<p data-start=\"1236\" data-end=\"1257\"><strong data-start=\"1240\" data-end=\"1255\">Usage:<\/strong><\/p>\n<p class=\"\" data-start=\"1258\" data-end=\"1381\">Tepkite 1\u20132 paspaudimus produkto ant \u0161varios, sausos veido odos ryte ir \/ arba vakare po prausimosi. \u0160velniai \u012fmasa\u017euokite.<\/p>\n<p class=\"\" data-start=\"1402\" data-end=\"1543\">Tobula kasdien\u0117 priemon\u0117 jautriai, dehidratuotai ar pavargusiai odai, kuri\u0105 reikia atkurti, dr\u0117kinti ir apsaugoti nuo prie\u0161laikinio sen\u0117jimo.<\/p>","protected":false},"excerpt":{"rendered":"<p>Dr\u0117kinamasis kremas su retinoliu kasdienei odos regeneracijai.<\/p>\n<p><strong>Zo Skin Health products can only be purchased after a consultation.<\/strong><\/p>","protected":false},"featured_media":4719,"comment_status":"open","ping_status":"closed","template":"","meta":[],"product_cat":[129],"product_tag":[],"class_list":{"0":"post-4718","1":"product","2":"type-product","3":"status-publish","4":"has-post-thumbnail","6":"product_cat-veido-kremai","7":"pa_brands-zo-skin-health","8":"pa_talpa-50ml-2","10":"first","11":"instock","12":"taxable","13":"shipping-taxable","14":"product-type-external"},"_links":{"self":[{"href":"https:\/\/miamedic.lt\/en\/wp-json\/wp\/v2\/product\/4718","targetHints":{"allow":["GET"]}}],"collection":[{"href":"https:\/\/miamedic.lt\/en\/wp-json\/wp\/v2\/product"}],"about":[{"href":"https:\/\/miamedic.lt\/en\/wp-json\/wp\/v2\/types\/product"}],"replies":[{"embeddable":true,"href":"https:\/\/miamedic.lt\/en\/wp-json\/wp\/v2\/comments?post=4718"}],"version-history":[{"count":1,"href":"https:\/\/miamedic.lt\/en\/wp-json\/wp\/v2\/product\/4718\/revisions"}],"predecessor-version":[{"id":4720,"href":"https:\/\/miamedic.lt\/en\/wp-json\/wp\/v2\/product\/4718\/revisions\/4720"}],"wp:featuredmedia":[{"embeddable":true,"href":"https:\/\/miamedic.lt\/en\/wp-json\/wp\/v2\/media\/4719"}],"wp:attachment":[{"href":"https:\/\/miamedic.lt\/en\/wp-json\/wp\/v2\/media?parent=4718"}],"wp:term":[{"taxonomy":"product_cat","embeddable":true,"href":"https:\/\/miamedic.lt\/en\/wp-json\/wp\/v2\/product_cat?post=4718"},{"taxonomy":"product_tag","embeddable":true,"href":"https:\/\/miamedic.lt\/en\/wp-json\/wp\/v2\/product_tag?post=4718"}],"curies":[{"name":"wp","href":"https:\/\/api.w.org\/{rel}","templated":true}]}}