{"id":4715,"date":"2025-03-26T18:02:57","date_gmt":"2025-03-26T18:02:57","guid":{"rendered":"https:\/\/miamedic.lt\/?post_type=product&#038;p=4715"},"modified":"2025-12-01T10:10:04","modified_gmt":"2025-12-01T10:10:04","slug":"recovery-creme","status":"publish","type":"product","link":"https:\/\/miamedic.lt\/en\/shop\/recovery-creme\/","title":{"rendered":"RECOVERY CR\u00c8ME"},"content":{"rendered":"<p data-start=\"79\" data-end=\"161\"><strong data-start=\"83\" data-end=\"161\">Recovery Cr\u00e8me \u2013 intensyviai dr\u0117kinantis kremas sausai ir sudirgusiai odai<\/strong><\/p>\n<p class=\"\" data-start=\"163\" data-end=\"460\"><strong data-start=\"163\" data-end=\"196\">ZO Skin Health Recovery Cr\u00e8me<\/strong> \u2013 tai giliai dr\u0117kinanti priemon\u0117, specialiai sukurta sausai, jautriai ir i\u0161saus\u0117jusiai odai. \u0160is kremas padeda atkurti odos komfort\u0105, ma\u017eina paraudim\u0105 bei sudirgim\u0105, stiprina apsaugin\u012f barjer\u0105 ir apsaugo nuo dr\u0117gm\u0117s netekimo. Tinka naudoti tiek dien\u0105, tiek nakt\u012f.<\/p>\n<p data-start=\"462\" data-end=\"481\"><strong data-start=\"466\" data-end=\"479\">Effect:<\/strong><\/p>\n<p class=\"\" data-start=\"482\" data-end=\"759\">\u2022 Intensyviai dr\u0117kina ir ramina saus\u0105, jautri\u0105 od\u0105<br data-start=\"532\" data-end=\"535\" \/>\u2022 Greitai ma\u017eina diskomfort\u0105, nie\u017e\u0117jim\u0105 ir paraudim\u0105<br data-start=\"587\" data-end=\"590\" \/>\u2022 Stiprina odos barjer\u0105 ir apsaugo nuo dr\u0117gm\u0117s praradimo<br data-start=\"646\" data-end=\"649\" \/>\u2022 Saugo nuo laisv\u0173j\u0173 radikal\u0173 \u017ealos ir l\u0117tina sen\u0117jim\u0105<br data-start=\"703\" data-end=\"706\" \/>\u2022 Padeda atkurti sveikos odos i\u0161vaizd\u0105 ir elastingum\u0105<\/p>\n<p data-start=\"1062\" data-end=\"1083\"><strong data-start=\"1066\" data-end=\"1081\">Usage:<\/strong><\/p>\n<p class=\"\" data-start=\"1084\" data-end=\"1233\">Po prausimosi, ryte ir \/ arba vakare, naudokite 1\u20132 paspaudimus kremo ant \u0161varios ir sausos veido odos. \u0160velniai \u012fmasa\u017euokite iki visi\u0161ko susig\u0117rimo.<\/p>\n<p class=\"\" data-start=\"1235\" data-end=\"1252\"><strong data-start=\"1235\" data-end=\"1246\">Kiekis:<\/strong> 50 ml<\/p>\n<p class=\"\" data-start=\"1254\" data-end=\"1387\">Tobulas pasirinkimas sausai ar jautriai odai, kai reikalingas greitas nuraminimas, gilus dr\u0117kinimas ir apsauga vis\u0105 dien\u0105 (ar nakt\u012f).<\/p>","protected":false},"excerpt":{"rendered":"<p>Intensyviai dr\u0117kinantis kremas sausai ir sudirgusiai odai<\/p>\n<p><strong>Zo Skin Health products can only be purchased after a consultation.<\/strong><\/p>","protected":false},"featured_media":4716,"comment_status":"open","ping_status":"closed","template":"","meta":[],"product_cat":[129],"product_tag":[],"class_list":{"0":"post-4715","1":"product","2":"type-product","3":"status-publish","4":"has-post-thumbnail","6":"product_cat-veido-kremai","7":"pa_brands-zo-skin-health","8":"pa_talpa-50ml-2","10":"first","11":"instock","12":"taxable","13":"shipping-taxable","14":"product-type-external"},"_links":{"self":[{"href":"https:\/\/miamedic.lt\/en\/wp-json\/wp\/v2\/product\/4715","targetHints":{"allow":["GET"]}}],"collection":[{"href":"https:\/\/miamedic.lt\/en\/wp-json\/wp\/v2\/product"}],"about":[{"href":"https:\/\/miamedic.lt\/en\/wp-json\/wp\/v2\/types\/product"}],"replies":[{"embeddable":true,"href":"https:\/\/miamedic.lt\/en\/wp-json\/wp\/v2\/comments?post=4715"}],"version-history":[{"count":1,"href":"https:\/\/miamedic.lt\/en\/wp-json\/wp\/v2\/product\/4715\/revisions"}],"predecessor-version":[{"id":4717,"href":"https:\/\/miamedic.lt\/en\/wp-json\/wp\/v2\/product\/4715\/revisions\/4717"}],"wp:featuredmedia":[{"embeddable":true,"href":"https:\/\/miamedic.lt\/en\/wp-json\/wp\/v2\/media\/4716"}],"wp:attachment":[{"href":"https:\/\/miamedic.lt\/en\/wp-json\/wp\/v2\/media?parent=4715"}],"wp:term":[{"taxonomy":"product_cat","embeddable":true,"href":"https:\/\/miamedic.lt\/en\/wp-json\/wp\/v2\/product_cat?post=4715"},{"taxonomy":"product_tag","embeddable":true,"href":"https:\/\/miamedic.lt\/en\/wp-json\/wp\/v2\/product_tag?post=4715"}],"curies":[{"name":"wp","href":"https:\/\/api.w.org\/{rel}","templated":true}]}}