{"id":4712,"date":"2025-03-26T17:50:44","date_gmt":"2025-03-26T17:50:44","guid":{"rendered":"https:\/\/miamedic.lt\/?post_type=product&#038;p=4712"},"modified":"2025-12-01T10:10:28","modified_gmt":"2025-12-01T10:10:28","slug":"radical-night-repair","status":"publish","type":"product","link":"https:\/\/miamedic.lt\/en\/shop\/radical-night-repair\/","title":{"rendered":"RADICAL NIGHT REPAIR"},"content":{"rendered":"<p><strong data-start=\"89\" data-end=\"158\">Radical Night Repair \u2013 intensyvus naktinis kremas su 1% retinoliu<\/strong><\/p>\n<p><strong data-start=\"160\" data-end=\"199\">ZO Skin Health Radical Night Repair<\/strong> \u2013 tai stipraus poveikio naktin\u0117 atjauninanti priemon\u0117 su 1% retinoliu, sukurta siekiant maksimali\u0173 odos atsinaujinimo rezultat\u0173. Kremas aktyviai stimuliuoja kolageno sintez\u0119, gerina odos tekst\u016br\u0105 ir elastingum\u0105, ma\u017eina rauk\u0161les bei pigmentines d\u0117mes, tuo pa\u010diu apsaugodamas nuo oksidacinio streso ir u\u017edegim\u0173.<\/p>\n<h3 class=\"\" data-start=\"511\" data-end=\"530\"><strong data-start=\"515\" data-end=\"528\">Effect:<\/strong><\/h3>\n<p>\u2022 Skatina odos regeneracij\u0105 ir kolageno gamyb\u0105<br data-start=\"577\" data-end=\"580\" \/>\u2022 Ma\u017eina rauk\u0161les, smulkias linijas, stangrina od\u0105<br data-start=\"630\" data-end=\"633\" \/>\u2022 \u0160viesina pigmentines d\u0117mes ir suvienodina odos ton\u0105<br data-start=\"686\" data-end=\"689\" \/>\u2022 Glotnina \u0161iurk\u0161\u010di\u0105, pavargusi\u0105 od\u0105<br data-start=\"725\" data-end=\"728\" \/>\u2022 Suteikia antioksidacin\u0119 apsaug\u0105 nuo laisv\u0173j\u0173 radikal\u0173<br data-start=\"783\" data-end=\"786\" \/>\u2022 Ramina sudirgimus, ma\u017eina paraudimus ir u\u017edegimus<br data-start=\"837\" data-end=\"840\" \/>\u2022 Stiprina odos apsaugin\u012f barjer\u0105 bei atstato dr\u0117gm\u0117s balans\u0105<\/p>\n<h3 class=\"\" data-start=\"1458\" data-end=\"1479\"><strong data-start=\"1462\" data-end=\"1477\">Usage:<\/strong><\/h3>\n<p>Vakare, ant \u0161varios ir sausos odos, u\u017etepkite nedidel\u012f kiek\u012f produkto. Prad\u0117kite naudoti 2\u20133 kartus per savait\u0119, palaipsniui didinant da\u017en\u012f, kai oda pripranta. Dienos metu naudokite apsaug\u0105 nuo saul\u0117s. Prie\u0161 naudojim\u0105 n\u0117\u0161tumo ar \u017eindymo metu \u2013 pasitarkite su gydytoju.<\/p>\n<p><strong data-start=\"1750\" data-end=\"1761\">Kiekis:<\/strong> 60 ml<\/p>\n<p>Galingas retinolio kremas tiems, kurie siekia ry\u0161kesnio atjauninimo efekto, lygios, stangrios ir skaistesn\u0117s odos.<\/p>","protected":false},"excerpt":{"rendered":"<p>Intensyvus naktinis kremas su 1% retinoliu.<\/p>\n<p><strong>Zo Skin Health products can only be purchased after a consultation.<\/strong><\/p>","protected":false},"featured_media":4713,"comment_status":"open","ping_status":"closed","template":"","meta":[],"product_cat":[180,129],"product_tag":[],"class_list":{"0":"post-4712","1":"product","2":"type-product","3":"status-publish","4":"has-post-thumbnail","6":"product_cat-naktiniai-kremai","7":"product_cat-veido-kremai","8":"pa_brands-zo-skin-health","9":"pa_talpa-60ml","11":"first","12":"instock","13":"taxable","14":"shipping-taxable","15":"product-type-external"},"_links":{"self":[{"href":"https:\/\/miamedic.lt\/en\/wp-json\/wp\/v2\/product\/4712","targetHints":{"allow":["GET"]}}],"collection":[{"href":"https:\/\/miamedic.lt\/en\/wp-json\/wp\/v2\/product"}],"about":[{"href":"https:\/\/miamedic.lt\/en\/wp-json\/wp\/v2\/types\/product"}],"replies":[{"embeddable":true,"href":"https:\/\/miamedic.lt\/en\/wp-json\/wp\/v2\/comments?post=4712"}],"version-history":[{"count":2,"href":"https:\/\/miamedic.lt\/en\/wp-json\/wp\/v2\/product\/4712\/revisions"}],"predecessor-version":[{"id":12665,"href":"https:\/\/miamedic.lt\/en\/wp-json\/wp\/v2\/product\/4712\/revisions\/12665"}],"wp:featuredmedia":[{"embeddable":true,"href":"https:\/\/miamedic.lt\/en\/wp-json\/wp\/v2\/media\/4713"}],"wp:attachment":[{"href":"https:\/\/miamedic.lt\/en\/wp-json\/wp\/v2\/media?parent=4712"}],"wp:term":[{"taxonomy":"product_cat","embeddable":true,"href":"https:\/\/miamedic.lt\/en\/wp-json\/wp\/v2\/product_cat?post=4712"},{"taxonomy":"product_tag","embeddable":true,"href":"https:\/\/miamedic.lt\/en\/wp-json\/wp\/v2\/product_tag?post=4712"}],"curies":[{"name":"wp","href":"https:\/\/api.w.org\/{rel}","templated":true}]}}