{"id":4709,"date":"2025-03-26T17:34:54","date_gmt":"2025-03-26T17:34:54","guid":{"rendered":"https:\/\/miamedic.lt\/?post_type=product&#038;p=4709"},"modified":"2026-02-16T09:53:34","modified_gmt":"2026-02-16T09:53:34","slug":"oil-control-pads","status":"publish","type":"product","link":"https:\/\/miamedic.lt\/en\/shop\/oil-control-pads\/","title":{"rendered":"OIL CONTROL PADS"},"content":{"rendered":"<p data-start=\"81\" data-end=\"162\"><strong data-start=\"85\" data-end=\"162\">Oil Control Pads \u2013 valomieji tampon\u0117liai riebiai ir \u012f akn\u0119 linkusiai odai<\/strong><\/p>\n<p class=\"\" data-start=\"164\" data-end=\"504\"><strong data-start=\"164\" data-end=\"199\">ZO Skin Health Oil Control Pads<\/strong> \u2013 tai veiksmingi vatos tampon\u0117liai, specialiai sukurti riebiai ir spuoguotai odai. Sud\u0117tyje esanti 2% salicilo r\u016bg\u0161tis kartu su papildomais eksfolijuojan\u010diais ir raminan\u010diais ingredientais padeda reguliuoti riebal\u0173 i\u0161siskyrim\u0105, atverti poras, \u0161viesinti akn\u0117s randus ir u\u017etikrinti tolygesn\u0119 odos tekst\u016br\u0105.<\/p>\n<p data-start=\"506\" data-end=\"525\"><strong data-start=\"510\" data-end=\"523\">Effect:<\/strong><\/p>\n<p class=\"\" data-start=\"526\" data-end=\"787\">\u2022 Giliai valo ir mechani\u0161kai eksfolijuoja od\u0105<br data-start=\"571\" data-end=\"574\" \/>\u2022 Ma\u017eina perteklin\u012f sebum\u0105, suteikia matin\u012f efekt\u0105<br data-start=\"624\" data-end=\"627\" \/>\u2022 Sutraukia ir valo poras<br data-start=\"652\" data-end=\"655\" \/>\u2022 Padeda i\u0161vengti nauj\u0173 spuog\u0173 susidarymo<br data-start=\"696\" data-end=\"699\" \/>\u2022 \u0160viesina akn\u0117s paliktus randelius<br data-start=\"734\" data-end=\"737\" \/>\u2022 Ramina sudirgusi\u0105 od\u0105 ir palaiko dr\u0117gm\u0117s balans\u0105<\/p>\n<p data-start=\"1141\" data-end=\"1162\"><strong data-start=\"1145\" data-end=\"1160\">Usage:<\/strong><\/p>\n<p class=\"\" data-start=\"1163\" data-end=\"1440\">Po kruop\u0161taus veido prausimo \u0161velniai nuvalykite problemines vietas tampon\u0117liu. Naudokite nuo 1 iki 3 kart\u0173 per dien\u0105, priklausomai nuo odos jautrumo. Jei oda pradeda stipriai saus\u0117ti ar \u0161erpetoti \u2013 suma\u017einkite naudojimo da\u017en\u012f. B\u016btinai naudokite apsaug\u0105 nuo saul\u0117s dienos metu.<\/p>\n<p class=\"\" data-start=\"1442\" data-end=\"1462\"><strong data-start=\"1442\" data-end=\"1454\">Pakuot\u0117:<\/strong> 60 vnt.<\/p>\n<p class=\"\" data-start=\"1464\" data-end=\"1573\">Puiki priemon\u0117 norintiems suvaldyti riebal\u0173 pertekli\u0173, i\u0161vengti spuog\u0173 ir i\u0161laikyti \u0161vari\u0105, subalansuot\u0105 od\u0105.<\/p>","protected":false},"excerpt":{"rendered":"<p>Valomieji tampon\u0117liai riebiai ir \u012f akn\u0119 linkusiai odai<\/p>\n<p><strong>Zo Skin Health products can only be purchased after a consultation.<\/strong><\/p>","protected":false},"featured_media":4710,"comment_status":"open","ping_status":"closed","template":"","meta":[],"product_cat":[105],"product_tag":[],"class_list":{"0":"post-4709","1":"product","2":"type-product","3":"status-publish","4":"has-post-thumbnail","6":"product_cat-tonikai","7":"pa_brands-zo-skin-health","9":"first","10":"instock","11":"taxable","12":"shipping-taxable","13":"product-type-external"},"_links":{"self":[{"href":"https:\/\/miamedic.lt\/en\/wp-json\/wp\/v2\/product\/4709","targetHints":{"allow":["GET"]}}],"collection":[{"href":"https:\/\/miamedic.lt\/en\/wp-json\/wp\/v2\/product"}],"about":[{"href":"https:\/\/miamedic.lt\/en\/wp-json\/wp\/v2\/types\/product"}],"replies":[{"embeddable":true,"href":"https:\/\/miamedic.lt\/en\/wp-json\/wp\/v2\/comments?post=4709"}],"version-history":[{"count":2,"href":"https:\/\/miamedic.lt\/en\/wp-json\/wp\/v2\/product\/4709\/revisions"}],"predecessor-version":[{"id":12564,"href":"https:\/\/miamedic.lt\/en\/wp-json\/wp\/v2\/product\/4709\/revisions\/12564"}],"wp:featuredmedia":[{"embeddable":true,"href":"https:\/\/miamedic.lt\/en\/wp-json\/wp\/v2\/media\/4710"}],"wp:attachment":[{"href":"https:\/\/miamedic.lt\/en\/wp-json\/wp\/v2\/media?parent=4709"}],"wp:term":[{"taxonomy":"product_cat","embeddable":true,"href":"https:\/\/miamedic.lt\/en\/wp-json\/wp\/v2\/product_cat?post=4709"},{"taxonomy":"product_tag","embeddable":true,"href":"https:\/\/miamedic.lt\/en\/wp-json\/wp\/v2\/product_tag?post=4709"}],"curies":[{"name":"wp","href":"https:\/\/api.w.org\/{rel}","templated":true}]}}