{"id":4706,"date":"2025-03-26T17:30:48","date_gmt":"2025-03-26T17:30:48","guid":{"rendered":"https:\/\/miamedic.lt\/?post_type=product&#038;p=4706"},"modified":"2025-12-01T10:10:53","modified_gmt":"2025-12-01T10:10:53","slug":"growth-factor-serum","status":"publish","type":"product","link":"https:\/\/miamedic.lt\/en\/shop\/growth-factor-serum\/","title":{"rendered":"GROWTH FACTOR SERUM"},"content":{"rendered":"<p data-start=\"84\" data-end=\"178\"><strong data-start=\"88\" data-end=\"178\">Growth Factor Serum \u2013 stiprinantis ir atjauninantis veido serumas su augimo faktoriais<\/strong><\/p>\n<p class=\"\" data-start=\"180\" data-end=\"498\"><strong data-start=\"180\" data-end=\"218\">ZO Skin Health Growth Factor Serum<\/strong> \u2013 tai intensyviai veikiantis naktinis serumas, skirtas odos atsinaujinimui ir strukt\u016bros stiprinimui. Formul\u0117je esantys augimo faktoriai kartu su antioksidant\u0173 kompleksu aktyvina kolageno bei hialurono r\u016bg\u0161ties gamyb\u0105, stiprina odos barjer\u0105 ir padeda sul\u0117tinti sen\u0117jimo po\u017eymius.<\/p>\n<p data-start=\"500\" data-end=\"519\"><strong data-start=\"504\" data-end=\"517\">Effect:<\/strong><\/p>\n<p class=\"\" data-start=\"520\" data-end=\"822\">\u2022 Pastebimai lygina odos pavir\u0161i\u0173 ir ton\u0105<br data-start=\"561\" data-end=\"564\" \/>\u2022 Gerina stangrum\u0105, elastingum\u0105 ir odos tekst\u016br\u0105<br data-start=\"612\" data-end=\"615\" \/>\u2022 Ma\u017eina rauk\u0161les ir mimikos linijas<br data-start=\"651\" data-end=\"654\" \/>\u2022 Suteikia odai glotnumo ir \u0161velnumo poj\u016bt\u012f<br data-start=\"697\" data-end=\"700\" \/>\u2022 Apsaugo nuo oksidacinio streso ir l\u0117tina sen\u0117jim\u0105<br data-start=\"751\" data-end=\"754\" \/>\u2022 Padeda atkurti dr\u0117gm\u0117s balans\u0105, stiprina apsaugin\u012f odos sluoksn\u012f<\/p>\n<p data-start=\"1275\" data-end=\"1296\"><strong data-start=\"1279\" data-end=\"1294\">Usage:<\/strong><\/p>\n<p class=\"\" data-start=\"1297\" data-end=\"1417\">Vakare po prausimosi tepkite nedidel\u012f kiek\u012f serumo ant \u0161varios veido odos. \u0160velniai \u012fmasa\u017euokite, kol visi\u0161kai susigers.<\/p>\n<p class=\"\" data-start=\"1419\" data-end=\"1436\"><strong data-start=\"1419\" data-end=\"1430\">Kiekis:<\/strong> 30 ml<\/p>\n<p class=\"\" data-start=\"1438\" data-end=\"1577\">Puiki priemon\u0117 tiems, kurie siekia matomo atjaun\u0117jimo efekto, stangresn\u0117s ir tolygesn\u0117s odos strukt\u016bros bei apsaugos nuo ankstyvo sen\u0117jimo.<\/p>","protected":false},"excerpt":{"rendered":"<p>Stiprinantis ir atjauninantis veido serumas su augimo faktoriais.<\/p>\n<p><strong>Zo Skin Health products can only be purchased after a consultation.<\/strong><\/p>","protected":false},"featured_media":4707,"comment_status":"open","ping_status":"closed","template":"","meta":[],"product_cat":[107],"product_tag":[],"class_list":{"0":"post-4706","1":"product","2":"type-product","3":"status-publish","4":"has-post-thumbnail","6":"product_cat-serumai","7":"pa_brands-zo-skin-health","8":"pa_talpa-30ml-2","10":"first","11":"instock","12":"taxable","13":"shipping-taxable","14":"product-type-external"},"_links":{"self":[{"href":"https:\/\/miamedic.lt\/en\/wp-json\/wp\/v2\/product\/4706","targetHints":{"allow":["GET"]}}],"collection":[{"href":"https:\/\/miamedic.lt\/en\/wp-json\/wp\/v2\/product"}],"about":[{"href":"https:\/\/miamedic.lt\/en\/wp-json\/wp\/v2\/types\/product"}],"replies":[{"embeddable":true,"href":"https:\/\/miamedic.lt\/en\/wp-json\/wp\/v2\/comments?post=4706"}],"version-history":[{"count":2,"href":"https:\/\/miamedic.lt\/en\/wp-json\/wp\/v2\/product\/4706\/revisions"}],"predecessor-version":[{"id":4806,"href":"https:\/\/miamedic.lt\/en\/wp-json\/wp\/v2\/product\/4706\/revisions\/4806"}],"wp:featuredmedia":[{"embeddable":true,"href":"https:\/\/miamedic.lt\/en\/wp-json\/wp\/v2\/media\/4707"}],"wp:attachment":[{"href":"https:\/\/miamedic.lt\/en\/wp-json\/wp\/v2\/media?parent=4706"}],"wp:term":[{"taxonomy":"product_cat","embeddable":true,"href":"https:\/\/miamedic.lt\/en\/wp-json\/wp\/v2\/product_cat?post=4706"},{"taxonomy":"product_tag","embeddable":true,"href":"https:\/\/miamedic.lt\/en\/wp-json\/wp\/v2\/product_tag?post=4706"}],"curies":[{"name":"wp","href":"https:\/\/api.w.org\/{rel}","templated":true}]}}