{"id":4703,"date":"2025-03-26T17:24:01","date_gmt":"2025-03-26T17:24:01","guid":{"rendered":"https:\/\/miamedic.lt\/?post_type=product&#038;p=4703"},"modified":"2025-12-01T10:10:59","modified_gmt":"2025-12-01T10:10:59","slug":"growth-factor-eye-serum","status":"publish","type":"product","link":"https:\/\/miamedic.lt\/en\/shop\/growth-factor-eye-serum\/","title":{"rendered":"GROWTH FACTOR EYE SERUM"},"content":{"rendered":"<p data-start=\"88\" data-end=\"172\"><strong data-start=\"92\" data-end=\"172\">Growth Factor Eye Serum \u2013 atgaivinanti paaki\u0173 prie\u017ei\u016bra su augimo faktoriais<\/strong><\/p>\n<p class=\"\" data-start=\"174\" data-end=\"507\"><strong data-start=\"174\" data-end=\"216\">ZO Skin Health Growth Factor Eye Serum<\/strong> \u2013 tai pa\u017eangus, atjauninantis serumas paaki\u0173 zonai, sukurtas ma\u017einti rauk\u0161leles, suteikti stangrumo ir intensyviai dr\u0117kinti od\u0105. D\u0117l integruotos augimo faktori\u0173 technologijos ir neuropeptid\u0173 derinio, priemon\u0117 padeda suma\u017einti nuovargio po\u017eymius, vizualiai atkurti odos pilnum\u0105 ir \u0161vyt\u0117jim\u0105.<\/p>\n<p data-start=\"509\" data-end=\"528\"><strong data-start=\"513\" data-end=\"526\">Effect:<\/strong><\/p>\n<p class=\"\" data-start=\"529\" data-end=\"824\">\u2022 Pastebimai ma\u017eina smulkias linijas ir rauk\u0161les<br data-start=\"577\" data-end=\"580\" \/>\u2022 Akimirksniu suteikia stangrumo ir \u201eu\u017epildymo\u201c efekt\u0105 paaki\u0173 srityje<br data-start=\"649\" data-end=\"652\" \/>\u2022 V\u0117sina ir atgaivina pavargusias akis<br data-start=\"690\" data-end=\"693\" \/>\u2022 Giliai dr\u0117kina, i\u0161laikydamas odos komfort\u0105<br data-start=\"737\" data-end=\"740\" \/>\u2022 Skatina kolageno ir hialurono r\u016bg\u0161ties gamyb\u0105<br data-start=\"787\" data-end=\"790\" \/>\u2022 Apsaugo nuo oksidacinio streso<\/p>\n<p data-start=\"1194\" data-end=\"1215\"><strong data-start=\"1198\" data-end=\"1213\">Usage:<\/strong><\/p>\n<p class=\"\" data-start=\"1216\" data-end=\"1396\">Po prausimosi ryte ir \/ arba vakare, tepkite nedidel\u012f kiek\u012f serumo ant sausos odos aplink akis. \u012emasa\u017euokite \u0161velniais sukamaisiais judesiais. Naudokite kasdien arba pagal poreik\u012f.<\/p>\n<p class=\"\" data-start=\"1398\" data-end=\"1415\"><strong data-start=\"1398\" data-end=\"1409\">Kiekis:<\/strong> 15 ml<\/p>\n<p class=\"\" data-start=\"1417\" data-end=\"1549\">Ideali priemon\u0117 gaivesniam, jaunatvi\u0161kesniam ir pails\u0117jusiam \u017evilgsniui \u2013 tiek kasdieniam naudojimui, tiek greitam efektui pasiekti.<\/p>","protected":false},"excerpt":{"rendered":"<p>Atgaivinanti paaki\u0173 prie\u017ei\u016bra su augimo faktoriais<\/p>\n<p><strong>Zo Skin Health products can only be purchased after a consultation.<\/strong><\/p>","protected":false},"featured_media":4704,"comment_status":"open","ping_status":"closed","template":"","meta":[],"product_cat":[83],"product_tag":[],"class_list":{"0":"post-4703","1":"product","2":"type-product","3":"status-publish","4":"has-post-thumbnail","6":"product_cat-paakiu-kremai","7":"pa_brands-zo-skin-health","8":"pa_talpa-15ml","10":"first","11":"instock","12":"taxable","13":"shipping-taxable","14":"product-type-external"},"_links":{"self":[{"href":"https:\/\/miamedic.lt\/en\/wp-json\/wp\/v2\/product\/4703","targetHints":{"allow":["GET"]}}],"collection":[{"href":"https:\/\/miamedic.lt\/en\/wp-json\/wp\/v2\/product"}],"about":[{"href":"https:\/\/miamedic.lt\/en\/wp-json\/wp\/v2\/types\/product"}],"replies":[{"embeddable":true,"href":"https:\/\/miamedic.lt\/en\/wp-json\/wp\/v2\/comments?post=4703"}],"version-history":[{"count":1,"href":"https:\/\/miamedic.lt\/en\/wp-json\/wp\/v2\/product\/4703\/revisions"}],"predecessor-version":[{"id":4705,"href":"https:\/\/miamedic.lt\/en\/wp-json\/wp\/v2\/product\/4703\/revisions\/4705"}],"wp:featuredmedia":[{"embeddable":true,"href":"https:\/\/miamedic.lt\/en\/wp-json\/wp\/v2\/media\/4704"}],"wp:attachment":[{"href":"https:\/\/miamedic.lt\/en\/wp-json\/wp\/v2\/media?parent=4703"}],"wp:term":[{"taxonomy":"product_cat","embeddable":true,"href":"https:\/\/miamedic.lt\/en\/wp-json\/wp\/v2\/product_cat?post=4703"},{"taxonomy":"product_tag","embeddable":true,"href":"https:\/\/miamedic.lt\/en\/wp-json\/wp\/v2\/product_tag?post=4703"}],"curies":[{"name":"wp","href":"https:\/\/api.w.org\/{rel}","templated":true}]}}