{"id":4700,"date":"2025-03-26T17:21:40","date_gmt":"2025-03-26T17:21:40","guid":{"rendered":"https:\/\/miamedic.lt\/?post_type=product&#038;p=4700"},"modified":"2025-12-01T10:11:22","modified_gmt":"2025-12-01T10:11:22","slug":"gentle-cleanser","status":"publish","type":"product","link":"https:\/\/miamedic.lt\/en\/shop\/gentle-cleanser\/","title":{"rendered":"Gentle Cleanser"},"content":{"rendered":"<p data-start=\"80\" data-end=\"149\"><strong data-start=\"84\" data-end=\"149\">Gentle Cleanser \u2013 \u0161velnus kasdienis prausiklis vis\u0173 tip\u0173 odai<\/strong><\/p>\n<p class=\"\" data-start=\"151\" data-end=\"420\"><strong data-start=\"151\" data-end=\"185\">ZO Skin Health Gentle Cleanser<\/strong> \u2013 tai \u0161velnios formul\u0117s prausiklis, sukurtas veiksmingai pa\u0161alinti ne\u0161varumus, makia\u017eo liku\u010dius ir perteklin\u012f sebum\u0105, kartu i\u0161saugant odos dr\u0117gm\u0119 ir komfort\u0105. Idealiai tinka jautriai odai bei kasdieniam naudojimui visiems odos tipams.<\/p>\n<p data-start=\"422\" data-end=\"441\"><strong data-start=\"426\" data-end=\"439\">Effect:<\/strong><\/p>\n<p class=\"\" data-start=\"442\" data-end=\"691\">\u2022 Kruop\u0161\u010diai i\u0161valo od\u0105 nepa\u017eeid\u017eiant jos apsauginio barjero<br data-start=\"502\" data-end=\"505\" \/>\u2022 Skatina nat\u016bralius odos dr\u0117kinimo mechanizmus<br data-start=\"552\" data-end=\"555\" \/>\u2022 Ramina sudirgusi\u0105, jautri\u0105 od\u0105<br data-start=\"587\" data-end=\"590\" \/>\u2022 Suteikia apsaug\u0105 nuo aplinkos tar\u0161os ir laisv\u0173j\u0173 radikal\u0173<br data-start=\"649\" data-end=\"652\" \/>\u2022 Palieka od\u0105 \u0161vari\u0105, gaivi\u0105 ir \u0161velni\u0105<\/p>\n<p data-start=\"945\" data-end=\"966\"><strong data-start=\"949\" data-end=\"964\">Usage:<\/strong><\/p>\n<p class=\"\" data-start=\"967\" data-end=\"1123\">Ryte ir \/ arba vakare \u012fmasa\u017euokite nedidel\u012f kiek\u012f prausiklio \u012f sudr\u0117kint\u0105 veido ar kaklo od\u0105. \u0160velniai pamasa\u017euokite, tuomet kruop\u0161\u010diai nuplaukite vandeniu.<\/p>\n<p class=\"\" data-start=\"1125\" data-end=\"1143\"><strong data-start=\"1125\" data-end=\"1136\">Kiekis:<\/strong> 200 ml<\/p>\n<p class=\"\" data-start=\"1145\" data-end=\"1253\">Puikus pasirinkimas kasdieniam veido valymui, kai svarbiausia \u2013 \u0161vara, \u0161velnumas ir odos balanso i\u0161laikymas.<\/p>","protected":false},"excerpt":{"rendered":"<p>\u0160velnus kasdienis prausiklis vis\u0173 tip\u0173 odai<\/p>\n<p><strong>Zo Skin Health products can only be purchased after a consultation.<\/strong><\/p>","protected":false},"featured_media":4701,"comment_status":"open","ping_status":"closed","template":"","meta":[],"product_cat":[124],"product_tag":[],"class_list":{"0":"post-4700","1":"product","2":"type-product","3":"status-publish","4":"has-post-thumbnail","6":"product_cat-prausikliai","7":"pa_brands-zo-skin-health","8":"pa_talpa-200-ml","10":"first","11":"instock","12":"taxable","13":"shipping-taxable","14":"product-type-external"},"_links":{"self":[{"href":"https:\/\/miamedic.lt\/en\/wp-json\/wp\/v2\/product\/4700","targetHints":{"allow":["GET"]}}],"collection":[{"href":"https:\/\/miamedic.lt\/en\/wp-json\/wp\/v2\/product"}],"about":[{"href":"https:\/\/miamedic.lt\/en\/wp-json\/wp\/v2\/types\/product"}],"replies":[{"embeddable":true,"href":"https:\/\/miamedic.lt\/en\/wp-json\/wp\/v2\/comments?post=4700"}],"version-history":[{"count":1,"href":"https:\/\/miamedic.lt\/en\/wp-json\/wp\/v2\/product\/4700\/revisions"}],"predecessor-version":[{"id":4702,"href":"https:\/\/miamedic.lt\/en\/wp-json\/wp\/v2\/product\/4700\/revisions\/4702"}],"wp:featuredmedia":[{"embeddable":true,"href":"https:\/\/miamedic.lt\/en\/wp-json\/wp\/v2\/media\/4701"}],"wp:attachment":[{"href":"https:\/\/miamedic.lt\/en\/wp-json\/wp\/v2\/media?parent=4700"}],"wp:term":[{"taxonomy":"product_cat","embeddable":true,"href":"https:\/\/miamedic.lt\/en\/wp-json\/wp\/v2\/product_cat?post=4700"},{"taxonomy":"product_tag","embeddable":true,"href":"https:\/\/miamedic.lt\/en\/wp-json\/wp\/v2\/product_tag?post=4700"}],"curies":[{"name":"wp","href":"https:\/\/api.w.org\/{rel}","templated":true}]}}