{"id":4697,"date":"2025-03-26T17:18:02","date_gmt":"2025-03-26T17:18:02","guid":{"rendered":"https:\/\/miamedic.lt\/?post_type=product&#038;p=4697"},"modified":"2025-12-01T10:11:30","modified_gmt":"2025-12-01T10:11:30","slug":"firming-serum","status":"publish","type":"product","link":"https:\/\/miamedic.lt\/en\/shop\/firming-serum\/","title":{"rendered":"FIRMING SERUM"},"content":{"rendered":"<p data-start=\"78\" data-end=\"145\"><strong data-start=\"82\" data-end=\"145\">Firming Serum \u2013 stangrinantis ir jauninamasis veido serumas<\/strong><\/p>\n<p class=\"\" data-start=\"147\" data-end=\"467\"><strong data-start=\"147\" data-end=\"179\">ZO Skin Health Firming Serum<\/strong> \u2013 tai pa\u017eangi prie\u0161rauk\u0161lin\u0117 priemon\u0117, sukurta pagerinti odos elastingum\u0105, stangrum\u0105 ir kont\u016br\u0173 i\u0161rai\u0161k\u0105. \u0160is lengvas, greitai \u012fsigeriantis serumas stimuliuoja kolageno bei elastino gamyb\u0105, apsaugo nuo oksidacinio streso ir stiprina odos barjer\u0105, kartu ma\u017eindamas u\u017edegim\u0105 bei paraudim\u0105.<\/p>\n<p data-start=\"469\" data-end=\"488\"><strong data-start=\"473\" data-end=\"486\">Effect:<\/strong><\/p>\n<p class=\"\" data-start=\"489\" data-end=\"756\">\u2022 Skatina kolageno ir elastino sintez\u0119<br data-start=\"527\" data-end=\"530\" \/>\u2022 Stangrina, pakelia ir formuoja veido kont\u016brus<br data-start=\"577\" data-end=\"580\" \/>\u2022 Gerina odos elastingum\u0105 ir strukt\u016br\u0105<br data-start=\"618\" data-end=\"621\" \/>\u2022 Ramina sudirgusi\u0105 od\u0105, ma\u017eina u\u017edegim\u0105<br data-start=\"661\" data-end=\"664\" \/>\u2022 Saugo nuo laisv\u0173j\u0173 radikal\u0173 daromos \u017ealos<br data-start=\"707\" data-end=\"710\" \/>\u2022 Dr\u0117kina ir stiprina odos apsaugin\u012f barjer\u0105<\/p>\n<p data-start=\"1123\" data-end=\"1144\"><strong data-start=\"1127\" data-end=\"1142\">Usage:<\/strong><\/p>\n<p class=\"\" data-start=\"1145\" data-end=\"1270\">Ryte ir \/ arba vakare tepkite serum\u0105 ant \u0161varios ir sausos veido odos. Naudokite kaip dal\u012f kasdien\u0117s odos prie\u017ei\u016bros rutinos.<\/p>\n<p class=\"\" data-start=\"1291\" data-end=\"1426\">Ideali priemon\u0117 tiems, kurie nori atgaivinti odos tonus\u0105, suma\u017einti suglebim\u0105 ir i\u0161ry\u0161kinti veido kont\u016brus \u2013 \u0161velniai, bet veiksmingai.<\/p>","protected":false},"excerpt":{"rendered":"<p>Firming Serum \u2013 stangrinantis ir jauninamasis veido serumas.<\/p>\n<p><strong>Zo Skin Health products can only be purchased after a consultation.<\/strong><\/p>","protected":false},"featured_media":4698,"comment_status":"open","ping_status":"closed","template":"","meta":[],"product_cat":[107],"product_tag":[],"class_list":{"0":"post-4697","1":"product","2":"type-product","3":"status-publish","4":"has-post-thumbnail","6":"product_cat-serumai","7":"pa_brands-zo-skin-health","8":"pa_talpa-50ml-2","10":"first","11":"instock","12":"taxable","13":"shipping-taxable","14":"product-type-external"},"_links":{"self":[{"href":"https:\/\/miamedic.lt\/en\/wp-json\/wp\/v2\/product\/4697","targetHints":{"allow":["GET"]}}],"collection":[{"href":"https:\/\/miamedic.lt\/en\/wp-json\/wp\/v2\/product"}],"about":[{"href":"https:\/\/miamedic.lt\/en\/wp-json\/wp\/v2\/types\/product"}],"replies":[{"embeddable":true,"href":"https:\/\/miamedic.lt\/en\/wp-json\/wp\/v2\/comments?post=4697"}],"version-history":[{"count":1,"href":"https:\/\/miamedic.lt\/en\/wp-json\/wp\/v2\/product\/4697\/revisions"}],"predecessor-version":[{"id":4699,"href":"https:\/\/miamedic.lt\/en\/wp-json\/wp\/v2\/product\/4697\/revisions\/4699"}],"wp:featuredmedia":[{"embeddable":true,"href":"https:\/\/miamedic.lt\/en\/wp-json\/wp\/v2\/media\/4698"}],"wp:attachment":[{"href":"https:\/\/miamedic.lt\/en\/wp-json\/wp\/v2\/media?parent=4697"}],"wp:term":[{"taxonomy":"product_cat","embeddable":true,"href":"https:\/\/miamedic.lt\/en\/wp-json\/wp\/v2\/product_cat?post=4697"},{"taxonomy":"product_tag","embeddable":true,"href":"https:\/\/miamedic.lt\/en\/wp-json\/wp\/v2\/product_tag?post=4697"}],"curies":[{"name":"wp","href":"https:\/\/api.w.org\/{rel}","templated":true}]}}