{"id":4694,"date":"2025-03-26T17:15:36","date_gmt":"2025-03-26T17:15:36","guid":{"rendered":"https:\/\/miamedic.lt\/?post_type=product&#038;p=4694"},"modified":"2025-12-01T10:11:36","modified_gmt":"2025-12-01T10:11:36","slug":"exfoliation-accelerator","status":"publish","type":"product","link":"https:\/\/miamedic.lt\/en\/shop\/exfoliation-accelerator\/","title":{"rendered":"EXFOLIATION ACCELERATOR"},"content":{"rendered":"<p data-start=\"88\" data-end=\"176\"><strong data-start=\"92\" data-end=\"176\">Exfoliation Accelerator \u2013 glotnesnei ir tolygesnei odai su 10% glikolio r\u016bg\u0161timi<\/strong><\/p>\n<p class=\"\" data-start=\"178\" data-end=\"598\"><strong data-start=\"178\" data-end=\"220\">ZO Skin Health Exfoliation Accelerator<\/strong> \u2013 tai efektyvus eksfolijuojantis kremas, skirtas pagreitinti odos atsinaujinim\u0105 ir pagerinti jos tekst\u016br\u0105. D\u0117l auk\u0161tos glikolio r\u016bg\u0161ties koncentracijos jis \u0161velniai, bet veiksmingai pa\u0161alina negyvas l\u0105steles, lygina odos ton\u0105 ir suteikia sveik\u0105 \u0161vyt\u0117jim\u0105. Formul\u0117 papildyta dr\u0117kinan\u010diais, raminan\u010diais ir antioksidaciniais ingredientais, tod\u0117l kremas tinka net jautresnei odai.<\/p>\n<p data-start=\"600\" data-end=\"619\"><strong data-start=\"604\" data-end=\"617\">Effect:<\/strong><\/p>\n<p class=\"\" data-start=\"620\" data-end=\"852\">\u2022 Skatina odos atsinaujinim\u0105<br data-start=\"648\" data-end=\"651\" \/>\u2022 Chemi\u0161kai eksfolijuoja, lygina odos pavir\u0161i\u0173 ir atspalv\u012f<br data-start=\"709\" data-end=\"712\" \/>\u2022 Ma\u017eina \u0161iurk\u0161tum\u0105, pagerina odos tekst\u016br\u0105<br data-start=\"755\" data-end=\"758\" \/>\u2022 Ramina sudirgusi\u0105 ar jautri\u0105 od\u0105<br data-start=\"792\" data-end=\"795\" \/>\u2022 Apsaugo nuo oksidacinio streso ir stiprina odos barjer\u0105<\/p>\n<p data-start=\"1259\" data-end=\"1280\"><strong data-start=\"1263\" data-end=\"1278\">Usage:<\/strong><\/p>\n<p class=\"\" data-start=\"1281\" data-end=\"1407\">Ryte, po prausimosi, tepkite nedidel\u012f kiek\u012f produkto ant \u0161varios veido odos. B\u016btinai naudokite apsaug\u0105 nuo saul\u0117s dienos metu.<\/p>\n<p class=\"\" data-start=\"1409\" data-end=\"1426\"><strong data-start=\"1409\" data-end=\"1420\">Kiekis:<\/strong> 50 ml<\/p>\n<p class=\"\" data-start=\"1428\" data-end=\"1529\">Ideali priemon\u0117 siekiant lygios, \u0161vytin\u010dios ir atsinaujinusios odos su papildoma apsauga ir komfortu.<\/p>","protected":false},"excerpt":{"rendered":"<p>Tai efektyvus eksfolijuojantis kremas, skirtas pagreitinti odos atsinaujinim\u0105 ir pagerinti jos tekst\u016br\u0105.<\/p>\n<p><strong>Zo Skin Health products can only be purchased after a consultation.<\/strong><\/p>","protected":false},"featured_media":4695,"comment_status":"open","ping_status":"closed","template":"","meta":[],"product_cat":[129],"product_tag":[],"class_list":{"0":"post-4694","1":"product","2":"type-product","3":"status-publish","4":"has-post-thumbnail","6":"product_cat-veido-kremai","7":"pa_brands-zo-skin-health","8":"pa_talpa-50ml-2","10":"first","11":"instock","12":"taxable","13":"shipping-taxable","14":"product-type-external"},"_links":{"self":[{"href":"https:\/\/miamedic.lt\/en\/wp-json\/wp\/v2\/product\/4694","targetHints":{"allow":["GET"]}}],"collection":[{"href":"https:\/\/miamedic.lt\/en\/wp-json\/wp\/v2\/product"}],"about":[{"href":"https:\/\/miamedic.lt\/en\/wp-json\/wp\/v2\/types\/product"}],"replies":[{"embeddable":true,"href":"https:\/\/miamedic.lt\/en\/wp-json\/wp\/v2\/comments?post=4694"}],"version-history":[{"count":1,"href":"https:\/\/miamedic.lt\/en\/wp-json\/wp\/v2\/product\/4694\/revisions"}],"predecessor-version":[{"id":4696,"href":"https:\/\/miamedic.lt\/en\/wp-json\/wp\/v2\/product\/4694\/revisions\/4696"}],"wp:featuredmedia":[{"embeddable":true,"href":"https:\/\/miamedic.lt\/en\/wp-json\/wp\/v2\/media\/4695"}],"wp:attachment":[{"href":"https:\/\/miamedic.lt\/en\/wp-json\/wp\/v2\/media?parent=4694"}],"wp:term":[{"taxonomy":"product_cat","embeddable":true,"href":"https:\/\/miamedic.lt\/en\/wp-json\/wp\/v2\/product_cat?post=4694"},{"taxonomy":"product_tag","embeddable":true,"href":"https:\/\/miamedic.lt\/en\/wp-json\/wp\/v2\/product_tag?post=4694"}],"curies":[{"name":"wp","href":"https:\/\/api.w.org\/{rel}","templated":true}]}}