{"id":4691,"date":"2025-03-26T17:10:40","date_gmt":"2025-03-26T17:10:40","guid":{"rendered":"https:\/\/miamedic.lt\/?post_type=product&#038;p=4691"},"modified":"2026-02-16T09:53:44","modified_gmt":"2026-02-16T09:53:44","slug":"exfoliating-polish","status":"publish","type":"product","link":"https:\/\/miamedic.lt\/en\/shop\/exfoliating-polish\/","title":{"rendered":"EXFOLIATING POLISH"},"content":{"rendered":"<p data-start=\"83\" data-end=\"159\"><strong data-start=\"87\" data-end=\"159\">Exfoliating Polish \u2013 prabangus veido \u0161veitiklis su magnio kristalais<\/strong><\/p>\n<p class=\"\" data-start=\"161\" data-end=\"446\"><strong data-start=\"161\" data-end=\"198\">ZO Skin Health Exfoliating Polish<\/strong> \u2013 tai intensyvus, ta\u010diau \u0161velnus \u0161veitiklis, skirtas atkurti odos skaistum\u0105, glotnum\u0105 ir gaiv\u0105. Itin smulk\u016bs magnio kristalai \u0161velniai, bet efektyviai pa\u0161alina negyvas l\u0105steles, valo poras ir paruo\u0161ia od\u0105 geresniam veikli\u0173j\u0173 med\u017eiag\u0173 \u012fsisavinimui.<\/p>\n<p data-start=\"448\" data-end=\"467\"><strong data-start=\"452\" data-end=\"465\">Effect:<\/strong><\/p>\n<p class=\"\" data-start=\"468\" data-end=\"810\">\u2022 Fizi\u0161kai pa\u0161alina negyvas odos l\u0105steles<br data-start=\"509\" data-end=\"512\" \/>\u2022 Atveria ir valo poras, \u0161viesina bei lygina od\u0105<br data-start=\"560\" data-end=\"563\" \/>\u2022 Akimirksniu suteikia glotnumo, skaistumo ir \u0161velnumo<br data-start=\"617\" data-end=\"620\" \/>\u2022 Skatina mikrocirkuliacij\u0105 ir l\u0105steli\u0173 regeneracij\u0105<br data-start=\"672\" data-end=\"675\" \/>\u2022 Ma\u017eina \u0161erpetojim\u0105, i\u0161saus\u0117jim\u0105<br data-start=\"708\" data-end=\"711\" \/>\u2022 Padeda apsisaugoti nuo laisv\u0173j\u0173 radikal\u0173 poveikio<br data-start=\"762\" data-end=\"765\" \/>\u2022 Pagerina kit\u0173 prie\u017ei\u016bros produkt\u0173 \u012fsig\u0117rim\u0105<\/p>\n<p data-start=\"1275\" data-end=\"1296\"><strong data-start=\"1279\" data-end=\"1294\">Usage:<\/strong><\/p>\n<p class=\"\" data-start=\"1297\" data-end=\"1594\">Po prausimosi, ryte ar vakare, tepkite nedidel\u012f kiek\u012f \u0161veitiklio ant sudr\u0117kintos veido bei kaklo odos. \u0160velniais sukamaisiais judesiais masa\u017euokite, tada kruop\u0161\u010diai nuplaukite vandeniu. Naudoti 2\u20133 kartus per savait\u0119, prireikus \u2013 kasdien. Jautriai odai rekomenduojama naudoti 2 kartus per savait\u0119.<\/p>\n<p class=\"\" data-start=\"1596\" data-end=\"1612\"><strong data-start=\"1596\" data-end=\"1607\">Kiekis:<\/strong> 65 g<\/p>\n<p class=\"\" data-start=\"1614\" data-end=\"1696\">Puikus pasirinkimas siekiant lygios, \u0161vytin\u010dios ir vizualiai atsinaujinusios odos.<\/p>","protected":false},"excerpt":{"rendered":"<p>Prabangus veido \u0161veitiklis su magnio kristalais<\/p>\n<p><strong>Zo Skin Health products can only be purchased after a consultation.<\/strong><\/p>","protected":false},"featured_media":4692,"comment_status":"open","ping_status":"closed","template":"","meta":[],"product_cat":[110],"product_tag":[],"class_list":{"0":"post-4691","1":"product","2":"type-product","3":"status-publish","4":"has-post-thumbnail","6":"product_cat-sveitikliai","7":"pa_brands-zo-skin-health","8":"pa_talpa-65g","10":"first","11":"instock","12":"taxable","13":"shipping-taxable","14":"product-type-external"},"_links":{"self":[{"href":"https:\/\/miamedic.lt\/en\/wp-json\/wp\/v2\/product\/4691","targetHints":{"allow":["GET"]}}],"collection":[{"href":"https:\/\/miamedic.lt\/en\/wp-json\/wp\/v2\/product"}],"about":[{"href":"https:\/\/miamedic.lt\/en\/wp-json\/wp\/v2\/types\/product"}],"replies":[{"embeddable":true,"href":"https:\/\/miamedic.lt\/en\/wp-json\/wp\/v2\/comments?post=4691"}],"version-history":[{"count":1,"href":"https:\/\/miamedic.lt\/en\/wp-json\/wp\/v2\/product\/4691\/revisions"}],"predecessor-version":[{"id":4693,"href":"https:\/\/miamedic.lt\/en\/wp-json\/wp\/v2\/product\/4691\/revisions\/4693"}],"wp:featuredmedia":[{"embeddable":true,"href":"https:\/\/miamedic.lt\/en\/wp-json\/wp\/v2\/media\/4692"}],"wp:attachment":[{"href":"https:\/\/miamedic.lt\/en\/wp-json\/wp\/v2\/media?parent=4691"}],"wp:term":[{"taxonomy":"product_cat","embeddable":true,"href":"https:\/\/miamedic.lt\/en\/wp-json\/wp\/v2\/product_cat?post=4691"},{"taxonomy":"product_tag","embeddable":true,"href":"https:\/\/miamedic.lt\/en\/wp-json\/wp\/v2\/product_tag?post=4691"}],"curies":[{"name":"wp","href":"https:\/\/api.w.org\/{rel}","templated":true}]}}