{"id":4688,"date":"2025-03-26T17:06:56","date_gmt":"2025-03-26T17:06:56","guid":{"rendered":"https:\/\/miamedic.lt\/?post_type=product&#038;p=4688"},"modified":"2026-02-16T09:53:52","modified_gmt":"2026-02-16T09:53:52","slug":"exfoliating-cleanser","status":"publish","type":"product","link":"https:\/\/miamedic.lt\/en\/shop\/exfoliating-cleanser\/","title":{"rendered":"EXFOLIATING CLEANSER"},"content":{"rendered":"<p data-start=\"85\" data-end=\"158\"><strong data-start=\"89\" data-end=\"158\">Exfoliating Cleanser \u2013 giluminio valymo ir atnaujinimo prausiklis<\/strong><\/p>\n<p class=\"\" data-start=\"160\" data-end=\"468\"><strong data-start=\"160\" data-end=\"199\">ZO Skin Health Exfoliating Cleanser<\/strong> \u2013 tai efektyvus kasdienis prausiklis, sukurtas derinant mechanin\u012f ir chemin\u012f eksfolijavim\u0105. \u0160velnios mikrogranul\u0117s ir aktyviosios r\u016bg\u0161tys padeda pa\u0161alinti negyvas l\u0105steles, makia\u017eo liku\u010dius, riebal\u0173 pertekli\u0173 ir ne\u0161varumus, tuo pa\u010diu atgaivindamos ir apsaugodamos od\u0105.<\/p>\n<p data-start=\"470\" data-end=\"489\"><strong data-start=\"474\" data-end=\"487\">Effect:<\/strong><\/p>\n<p class=\"\" data-start=\"490\" data-end=\"792\">\u2022 Atliekama \u0161velni, bet veiksminga mechanin\u0117 ir chemin\u0117 eksfoliacija<br data-start=\"558\" data-end=\"561\" \/>\u2022 Giliai valo poras ir padeda i\u0161vengti j\u0173 u\u017esikim\u0161imo<br data-start=\"614\" data-end=\"617\" \/>\u2022 Pa\u0161alina ne\u0161varumus ir makia\u017eo liku\u010dius<br data-start=\"658\" data-end=\"661\" \/>\u2022 Praturtina od\u0105 antioksidantais, saugo nuo aplinkos poveikio<br data-start=\"722\" data-end=\"725\" \/>\u2022 Nesausina odos ir nepa\u017eeid\u017eia jos nat\u016bralaus apsauginio barjero<\/p>\n<p data-start=\"1133\" data-end=\"1154\"><strong data-start=\"1137\" data-end=\"1152\">Usage:<\/strong><\/p>\n<p class=\"\" data-start=\"1155\" data-end=\"1331\">Ryte ir \/ arba vakare nedidel\u012f kiek\u012f prausiklio \u012fmasa\u017euokite \u012f sudr\u0117kint\u0105 veido ar kaklo od\u0105. \u0160velniai pamasa\u017euokite ir kruop\u0161\u010diai nuplaukite vandeniu, tuomet od\u0105 nusausinkite.<\/p>\n<p class=\"\" data-start=\"1333\" data-end=\"1351\"><strong data-start=\"1333\" data-end=\"1344\">Kiekis:<\/strong> 200 ml<\/p>\n<p class=\"\" data-start=\"1353\" data-end=\"1454\">Puikus pasirinkimas riebiai ar mi\u0161riai odai \u2013 \u0161vari, lygi ir \u0161vytinti oda kasdien be sausumo poj\u016b\u010dio.<\/p>","protected":false},"excerpt":{"rendered":"<p>Tai efektyvus kasdienis prausiklis, sukurtas derinant mechanin\u012f ir chemin\u012f eksfolijavim\u0105.<\/p>\n<p><strong>Zo Skin Health products can only be purchased after a consultation.<\/strong><\/p>","protected":false},"featured_media":4689,"comment_status":"open","ping_status":"closed","template":"","meta":[],"product_cat":[124],"product_tag":[],"class_list":{"0":"post-4688","1":"product","2":"type-product","3":"status-publish","4":"has-post-thumbnail","6":"product_cat-prausikliai","7":"pa_brands-zo-skin-health","8":"pa_talpa-200-ml","10":"first","11":"instock","12":"taxable","13":"shipping-taxable","14":"product-type-external"},"_links":{"self":[{"href":"https:\/\/miamedic.lt\/en\/wp-json\/wp\/v2\/product\/4688","targetHints":{"allow":["GET"]}}],"collection":[{"href":"https:\/\/miamedic.lt\/en\/wp-json\/wp\/v2\/product"}],"about":[{"href":"https:\/\/miamedic.lt\/en\/wp-json\/wp\/v2\/types\/product"}],"replies":[{"embeddable":true,"href":"https:\/\/miamedic.lt\/en\/wp-json\/wp\/v2\/comments?post=4688"}],"version-history":[{"count":1,"href":"https:\/\/miamedic.lt\/en\/wp-json\/wp\/v2\/product\/4688\/revisions"}],"predecessor-version":[{"id":4690,"href":"https:\/\/miamedic.lt\/en\/wp-json\/wp\/v2\/product\/4688\/revisions\/4690"}],"wp:featuredmedia":[{"embeddable":true,"href":"https:\/\/miamedic.lt\/en\/wp-json\/wp\/v2\/media\/4689"}],"wp:attachment":[{"href":"https:\/\/miamedic.lt\/en\/wp-json\/wp\/v2\/media?parent=4688"}],"wp:term":[{"taxonomy":"product_cat","embeddable":true,"href":"https:\/\/miamedic.lt\/en\/wp-json\/wp\/v2\/product_cat?post=4688"},{"taxonomy":"product_tag","embeddable":true,"href":"https:\/\/miamedic.lt\/en\/wp-json\/wp\/v2\/product_tag?post=4688"}],"curies":[{"name":"wp","href":"https:\/\/api.w.org\/{rel}","templated":true}]}}