{"id":4685,"date":"2025-03-26T17:02:23","date_gmt":"2025-03-26T17:02:23","guid":{"rendered":"https:\/\/miamedic.lt\/?post_type=product&#038;p=4685"},"modified":"2025-12-01T10:12:14","modified_gmt":"2025-12-01T10:12:14","slug":"daily-power-defense","status":"publish","type":"product","link":"https:\/\/miamedic.lt\/en\/shop\/daily-power-defense\/","title":{"rendered":"DAILY POWER DEFENSE"},"content":{"rendered":"<p data-start=\"84\" data-end=\"155\"><strong data-start=\"88\" data-end=\"155\">Daily Power Defense \u2013 pa\u017eangus kasdienis prie\u0161rauk\u0161linis kremas<\/strong><\/p>\n<p class=\"\" data-start=\"157\" data-end=\"520\"><strong data-start=\"157\" data-end=\"195\">ZO Skin Health Daily Power Defense<\/strong> \u2013 tai auk\u0161tos veiksmingumo prie\u017ei\u016bros priemon\u0117, skirta apsaugoti od\u0105 nuo \u017ealingo aplinkos poveikio ir sul\u0117tinti sen\u0117jimo procesus. Kremas stiprina nat\u016bralius odos apsauginius mechanizmus, padeda atkurti l\u0105steli\u0173 DNR, skatina regeneracij\u0105, ma\u017eina smulkias linijas ir rauk\u0161leles, o oda tampa lygesn\u0117, skaistesn\u0117 ir stangresn\u0117.<\/p>\n<p data-start=\"522\" data-end=\"541\"><strong data-start=\"526\" data-end=\"539\">Effect:<\/strong><\/p>\n<p class=\"\" data-start=\"542\" data-end=\"819\">\u2022 L\u0117tina sen\u0117jimo po\u017eymi\u0173 atsiradim\u0105<br data-start=\"578\" data-end=\"581\" \/>\u2022 Ma\u017eina rauk\u0161les ir smulkias linijas<br data-start=\"618\" data-end=\"621\" \/>\u2022 Stiprina odos barjer\u0105 ir gerina elastingum\u0105<br data-start=\"666\" data-end=\"669\" \/>\u2022 Stimuliuoja l\u0105steli\u0173 regeneracij\u0105, \u0161viesina odos ton\u0105<br data-start=\"724\" data-end=\"727\" \/>\u2022 Saugo nuo laisv\u0173j\u0173 radikal\u0173 ir oksidacinio streso<br data-start=\"778\" data-end=\"781\" \/>\u2022 Gerina odos strukt\u016br\u0105 ir stangrum\u0105<\/p>\n<p data-start=\"1314\" data-end=\"1335\"><strong data-start=\"1318\" data-end=\"1333\">Usage:<\/strong><\/p>\n<p class=\"\" data-start=\"1336\" data-end=\"1480\">Po odos valymo tepkite nedidel\u012f kiek\u012f produkto ant sausos veido odos. Naudoti ryte ir (arba) vakare kaip dal\u012f kasdien\u0117s odos prie\u017ei\u016bros rutinos.<\/p>\n<p class=\"\" data-start=\"1501\" data-end=\"1612\">Tobulas sprendimas norintiems stiprios antioksidacin\u0117s apsaugos ir ilgalaikio prie\u0161rauk\u0161linio poveikio kasdien.<\/p>","protected":false},"excerpt":{"rendered":"<p>Tobulas sprendimas norintiems stiprios antioksidacin\u0117s apsaugos ir ilgalaikio prie\u0161rauk\u0161linio poveikio kasdien.<\/p>\n<p><strong>Zo Skin Health products can only be purchased after a consultation.<\/strong><\/p>","protected":false},"featured_media":4686,"comment_status":"open","ping_status":"closed","template":"","meta":[],"product_cat":[129],"product_tag":[],"class_list":{"0":"post-4685","1":"product","2":"type-product","3":"status-publish","4":"has-post-thumbnail","6":"product_cat-veido-kremai","7":"pa_brands-zo-skin-health","8":"pa_talpa-50ml-2","10":"first","11":"instock","12":"taxable","13":"shipping-taxable","14":"product-type-external"},"_links":{"self":[{"href":"https:\/\/miamedic.lt\/en\/wp-json\/wp\/v2\/product\/4685","targetHints":{"allow":["GET"]}}],"collection":[{"href":"https:\/\/miamedic.lt\/en\/wp-json\/wp\/v2\/product"}],"about":[{"href":"https:\/\/miamedic.lt\/en\/wp-json\/wp\/v2\/types\/product"}],"replies":[{"embeddable":true,"href":"https:\/\/miamedic.lt\/en\/wp-json\/wp\/v2\/comments?post=4685"}],"version-history":[{"count":1,"href":"https:\/\/miamedic.lt\/en\/wp-json\/wp\/v2\/product\/4685\/revisions"}],"predecessor-version":[{"id":4687,"href":"https:\/\/miamedic.lt\/en\/wp-json\/wp\/v2\/product\/4685\/revisions\/4687"}],"wp:featuredmedia":[{"embeddable":true,"href":"https:\/\/miamedic.lt\/en\/wp-json\/wp\/v2\/media\/4686"}],"wp:attachment":[{"href":"https:\/\/miamedic.lt\/en\/wp-json\/wp\/v2\/media?parent=4685"}],"wp:term":[{"taxonomy":"product_cat","embeddable":true,"href":"https:\/\/miamedic.lt\/en\/wp-json\/wp\/v2\/product_cat?post=4685"},{"taxonomy":"product_tag","embeddable":true,"href":"https:\/\/miamedic.lt\/en\/wp-json\/wp\/v2\/product_tag?post=4685"}],"curies":[{"name":"wp","href":"https:\/\/api.w.org\/{rel}","templated":true}]}}