{"id":4679,"date":"2025-03-26T16:54:58","date_gmt":"2025-03-26T16:54:58","guid":{"rendered":"https:\/\/miamedic.lt\/?post_type=product&#038;p=4679"},"modified":"2026-02-16T09:54:01","modified_gmt":"2026-02-16T09:54:01","slug":"complexion-renewal-pads","status":"publish","type":"product","link":"https:\/\/miamedic.lt\/en\/shop\/complexion-renewal-pads\/","title":{"rendered":"COMPLEXION RENEWAL PADS"},"content":{"rendered":"<p data-start=\"88\" data-end=\"182\"><strong data-start=\"92\" data-end=\"182\">Complexion Renewal Pads \u2013 valomieji tampon\u0117liai odos atgaivinimui ir balanso atk\u016brimui<\/strong><\/p>\n<p class=\"\" data-start=\"184\" data-end=\"483\"><strong data-start=\"184\" data-end=\"226\">ZO Skin Health Complexion Renewal Pads<\/strong> \u2013 tai patog\u016bs, i\u0161 anksto sudr\u0117kinti vatos tampon\u0117liai, skirti \u0161velniam, bet veiksmingam odos pavir\u0161iaus valymui. Jie padeda pa\u0161alinti ne\u0161varumus, riebal\u0173 pertekli\u0173 ir negyvas l\u0105steles, kartu suteikdami odai raminant\u012f, prie\u0161u\u017edegimin\u012f bei apsaugin\u012f poveik\u012f.<\/p>\n<p data-start=\"485\" data-end=\"504\"><strong data-start=\"489\" data-end=\"502\">Effect:<\/strong><\/p>\n<p class=\"\" data-start=\"505\" data-end=\"762\">\u2022 Atveria ir valo poras<br data-start=\"528\" data-end=\"531\" \/>\u2022 Pa\u0161alina sebumo pertekli\u0173 ir negyvas odos l\u0105steles<br data-start=\"583\" data-end=\"586\" \/>\u2022 Ma\u017eina paraudim\u0105 ir ramina sudirgusi\u0105 od\u0105<br data-start=\"629\" data-end=\"632\" \/>\u2022 Suteikia antioksidacin\u0119, antibakterin\u0119 bei prie\u0161u\u017edegimin\u0119 apsaug\u0105<br data-start=\"700\" data-end=\"703\" \/>\u2022 Padeda atkurti dr\u0117gm\u0117s balans\u0105 ir stiprina odos barjer\u0105<\/p>\n<p data-start=\"1062\" data-end=\"1083\"><strong data-start=\"1066\" data-end=\"1081\">Usage:<\/strong><\/p>\n<p class=\"\" data-start=\"1084\" data-end=\"1245\">Po prausimosi ryte ir\/ar vakare \u0161velniai valykite veido od\u0105 vatos tampon\u0117liu. Naudoti kaip kasdien\u0119 odos prie\u017ei\u016bros dal\u012f, ypa\u010d tinka riebiai ir probleminei odai.<\/p>\n<p class=\"\" data-start=\"1247\" data-end=\"1267\"><strong data-start=\"1247\" data-end=\"1259\">Pakuot\u0117:<\/strong> 60 vnt.<\/p>\n<p class=\"\" data-start=\"1269\" data-end=\"1373\">Idealiai tinka tiems, kurie nori \u0161varesn\u0117s, lygesn\u0117s ir subalansuotos odos su minimaliu pastang\u0173 kiekiu.<\/p>","protected":false},"excerpt":{"rendered":"<p>Idealiai tinka tiems, kurie nori \u0161varesn\u0117s, lygesn\u0117s ir subalansuotos odos su minimaliu pastang\u0173 kiekiu.<\/p>\n<p><strong>Zo Skin Health products can only be purchased after a consultation.<\/strong><\/p>","protected":false},"featured_media":4680,"comment_status":"open","ping_status":"closed","template":"","meta":[],"product_cat":[105],"product_tag":[],"class_list":{"0":"post-4679","1":"product","2":"type-product","3":"status-publish","4":"has-post-thumbnail","6":"product_cat-tonikai","7":"pa_brands-zo-skin-health","9":"first","10":"instock","11":"taxable","12":"shipping-taxable","13":"product-type-external"},"_links":{"self":[{"href":"https:\/\/miamedic.lt\/en\/wp-json\/wp\/v2\/product\/4679","targetHints":{"allow":["GET"]}}],"collection":[{"href":"https:\/\/miamedic.lt\/en\/wp-json\/wp\/v2\/product"}],"about":[{"href":"https:\/\/miamedic.lt\/en\/wp-json\/wp\/v2\/types\/product"}],"replies":[{"embeddable":true,"href":"https:\/\/miamedic.lt\/en\/wp-json\/wp\/v2\/comments?post=4679"}],"version-history":[{"count":1,"href":"https:\/\/miamedic.lt\/en\/wp-json\/wp\/v2\/product\/4679\/revisions"}],"predecessor-version":[{"id":4681,"href":"https:\/\/miamedic.lt\/en\/wp-json\/wp\/v2\/product\/4679\/revisions\/4681"}],"wp:featuredmedia":[{"embeddable":true,"href":"https:\/\/miamedic.lt\/en\/wp-json\/wp\/v2\/media\/4680"}],"wp:attachment":[{"href":"https:\/\/miamedic.lt\/en\/wp-json\/wp\/v2\/media?parent=4679"}],"wp:term":[{"taxonomy":"product_cat","embeddable":true,"href":"https:\/\/miamedic.lt\/en\/wp-json\/wp\/v2\/product_cat?post=4679"},{"taxonomy":"product_tag","embeddable":true,"href":"https:\/\/miamedic.lt\/en\/wp-json\/wp\/v2\/product_tag?post=4679"}],"curies":[{"name":"wp","href":"https:\/\/api.w.org\/{rel}","templated":true}]}}