{"id":4676,"date":"2025-03-26T16:51:34","date_gmt":"2025-03-26T16:51:34","guid":{"rendered":"https:\/\/miamedic.lt\/?post_type=product&#038;p=4676"},"modified":"2026-02-16T09:54:10","modified_gmt":"2026-02-16T09:54:10","slug":"complexion-clearing-masque","status":"publish","type":"product","link":"https:\/\/miamedic.lt\/en\/shop\/complexion-clearing-masque\/","title":{"rendered":"COMPLEXION CLEARING MASQUE"},"content":{"rendered":"<p data-start=\"91\" data-end=\"172\"><strong data-start=\"95\" data-end=\"172\">Complexion Clearing Masque \u2013 valomoji kauk\u0117 spuoguotai odai su 10% sieros<\/strong><\/p>\n<p class=\"\" data-start=\"174\" data-end=\"447\"><strong data-start=\"174\" data-end=\"219\">ZO Skin Health Complexion Clearing Masque<\/strong> \u2013 tai galinga valomoji kauk\u0117, skirta problemin\u0117s, riebios ir \u012f akn\u0119 linkusios odos prie\u017ei\u016brai. Su 10% sieros sud\u0117tyje, \u0161i priemon\u0117 veiksmingai ma\u017eina spuogus, reguliuoja riebal\u0173 i\u0161siskyrim\u0105, atveria poras ir palaiko odos \u0161var\u0105.<\/p>\n<p data-start=\"449\" data-end=\"468\"><strong data-start=\"453\" data-end=\"466\">Effect:<\/strong><\/p>\n<p class=\"\" data-start=\"469\" data-end=\"669\">\u2022 Ma\u017eina esamus akn\u0117s po\u017eymius<br data-start=\"499\" data-end=\"502\" \/>\u2022 Padeda i\u0161vengti nauj\u0173 spuog\u0173 susidarymo<br data-start=\"543\" data-end=\"546\" \/>\u2022 Efektyviai sugeria sebumo pertekli\u0173 ir ne\u0161varumus<br data-start=\"597\" data-end=\"600\" \/>\u2022 Atveria u\u017esikim\u0161usias poras<br data-start=\"629\" data-end=\"632\" \/>\u2022 Dr\u0117kina, nepa\u017eeid\u017eiant odos balanso<\/p>\n<p data-start=\"970\" data-end=\"991\"><strong data-start=\"974\" data-end=\"989\">Usage:<\/strong><\/p>\n<p class=\"\" data-start=\"992\" data-end=\"1264\">Tepkite kauk\u0119 ant \u0161varios odos, palaikykite 10\u201315 minu\u010di\u0173, tuomet nuplaukite \u0161iltu vandeniu ir \u0161velniai nusausinkite. Kauk\u0119 galima naudoti 2 kartus per savait\u0119, o esant jautrumui ar saus\u0117jimui \u2013 kart\u0105 per savait\u0119. Nedidel\u012f kiek\u012f galima naudoti ir lokaliai, tik ant spuogo.<\/p>\n<p class=\"\" data-start=\"1284\" data-end=\"1370\">Puiki priemon\u0117 tiems, kurie nori \u0161varios, subalansuotos ir skaistesn\u0117s odos be spuog\u0173.<\/p>","protected":false},"excerpt":{"rendered":"<p>Puiki priemon\u0117 tiems, kurie nori \u0161varios, subalansuotos ir skaistesn\u0117s odos be spuog\u0173.<\/p>\n<p><strong>Zo Skin Health products can only be purchased after a consultation.<\/strong><\/p>","protected":false},"featured_media":4677,"comment_status":"open","ping_status":"closed","template":"","meta":[],"product_cat":[420],"product_tag":[],"class_list":{"0":"post-4676","1":"product","2":"type-product","3":"status-publish","4":"has-post-thumbnail","6":"product_cat-veido-kaukes","7":"pa_brands-zo-skin-health","8":"pa_talpa-85g","10":"first","11":"instock","12":"taxable","13":"shipping-taxable","14":"product-type-external"},"_links":{"self":[{"href":"https:\/\/miamedic.lt\/en\/wp-json\/wp\/v2\/product\/4676","targetHints":{"allow":["GET"]}}],"collection":[{"href":"https:\/\/miamedic.lt\/en\/wp-json\/wp\/v2\/product"}],"about":[{"href":"https:\/\/miamedic.lt\/en\/wp-json\/wp\/v2\/types\/product"}],"replies":[{"embeddable":true,"href":"https:\/\/miamedic.lt\/en\/wp-json\/wp\/v2\/comments?post=4676"}],"version-history":[{"count":2,"href":"https:\/\/miamedic.lt\/en\/wp-json\/wp\/v2\/product\/4676\/revisions"}],"predecessor-version":[{"id":12985,"href":"https:\/\/miamedic.lt\/en\/wp-json\/wp\/v2\/product\/4676\/revisions\/12985"}],"wp:featuredmedia":[{"embeddable":true,"href":"https:\/\/miamedic.lt\/en\/wp-json\/wp\/v2\/media\/4677"}],"wp:attachment":[{"href":"https:\/\/miamedic.lt\/en\/wp-json\/wp\/v2\/media?parent=4676"}],"wp:term":[{"taxonomy":"product_cat","embeddable":true,"href":"https:\/\/miamedic.lt\/en\/wp-json\/wp\/v2\/product_cat?post=4676"},{"taxonomy":"product_tag","embeddable":true,"href":"https:\/\/miamedic.lt\/en\/wp-json\/wp\/v2\/product_tag?post=4676"}],"curies":[{"name":"wp","href":"https:\/\/api.w.org\/{rel}","templated":true}]}}