{"id":4667,"date":"2025-03-26T16:39:28","date_gmt":"2025-03-26T16:39:28","guid":{"rendered":"https:\/\/miamedic.lt\/?post_type=product&#038;p=4667"},"modified":"2025-12-01T10:13:30","modified_gmt":"2025-12-01T10:13:30","slug":"broad-spectrum-sunscreen-spf-50","status":"publish","type":"product","link":"https:\/\/miamedic.lt\/en\/shop\/broad-spectrum-sunscreen-spf-50\/","title":{"rendered":"Spectrum Sunscreen SPF 50"},"content":{"rendered":"<p><strong data-start=\"100\" data-end=\"181\">ZO Skin Health Broad-Spectrum Sunscreen SPF 50 \u2013 i\u0161mani apsauga jautriai odai<\/strong><\/p>\n<p class=\"\" data-start=\"183\" data-end=\"563\"><strong data-start=\"183\" data-end=\"208\">ZO Skin Health SPF 50<\/strong> \u2013 tai pa\u017eangi, mineraliniais filtrais pagr\u012fsta apsauga nuo \u017ealingo saul\u0117s poveikio. Sukurta vis\u0173 tip\u0173, net ir jautriai ar po proced\u016br\u0173 esan\u010diai odai, \u0161i priemon\u0117 ne tik saugo nuo UVA\/UVB, bet ir nuo IR bei HEV (m\u0117lynosios \u0161viesos) spinduli\u0173. Formul\u0117 papildyta dr\u0117kinan\u010diais ir raminan\u010diais ingredientais, tod\u0117l apsauga tampa ir intensyvia odos prie\u017ei\u016bra.<\/p>\n<p data-start=\"565\" data-end=\"599\"><strong data-start=\"569\" data-end=\"597\">Pagrindiniai privalumai:<\/strong><\/p>\n<p class=\"\" data-start=\"600\" data-end=\"857\">\u2022 Plataus spektro apsauga nuo UVA, UVB, IR ir HEV spinduli\u0173<br data-start=\"659\" data-end=\"662\" \/>\u2022 Apsaugo l\u0105steles nuo DNR pa\u017eeidim\u0173, stiprina odos barjer\u0105<br data-start=\"721\" data-end=\"724\" \/>\u2022 Dr\u0117kina, apsaugo nuo i\u0161saus\u0117jimo<br data-start=\"758\" data-end=\"761\" \/>\u2022 Ramina od\u0105, ma\u017eina u\u017edegim\u0105 ir dirglum\u0105<br data-start=\"802\" data-end=\"805\" \/>\u2022 Tinka net jautriai ar po proced\u016br\u0173 esan\u010diai odai<\/p>\n<p data-start=\"1307\" data-end=\"1328\"><strong data-start=\"1311\" data-end=\"1326\">Usage:<\/strong><\/p>\n<p class=\"\" data-start=\"1329\" data-end=\"1547\">Tepkite likus 15 minu\u010di\u0173 iki buvimo saul\u0117je. Siekiant i\u0161laikyti apsaug\u0105, pakartotinai naudokite kas 2 valandas. Prie\u0161 maudantis ar intensyviai prakaituojant rekomenduojama naudoti papildom\u0105 vandeniui atspari\u0105 priemon\u0119.<\/p>\n<p class=\"\" data-start=\"1568\" data-end=\"1662\">Ideali apsauga tiems, kurie ie\u0161ko patikimo, \u0161velnaus ir od\u0105 puosel\u0117jan\u010dio sprendimo kasdienai.<\/p>","protected":false},"excerpt":{"rendered":"<p>Tai pa\u017eangi, mineraliniais filtrais pagr\u012fsta apsauga nuo \u017ealingo saul\u0117s poveikio.<\/p>\n<p><strong>Zo Skin Health products can only be purchased after a consultation.<\/strong><\/p>","protected":false},"featured_media":4669,"comment_status":"open","ping_status":"closed","template":"","meta":[],"product_cat":[153],"product_tag":[],"class_list":{"0":"post-4667","1":"product","2":"type-product","3":"status-publish","4":"has-post-thumbnail","6":"product_cat-spf-veido-prieziura","7":"pa_brands-zo-skin-health","8":"pa_talpa-118g","10":"first","11":"instock","12":"featured","13":"taxable","14":"shipping-taxable","15":"product-type-external"},"_links":{"self":[{"href":"https:\/\/miamedic.lt\/en\/wp-json\/wp\/v2\/product\/4667","targetHints":{"allow":["GET"]}}],"collection":[{"href":"https:\/\/miamedic.lt\/en\/wp-json\/wp\/v2\/product"}],"about":[{"href":"https:\/\/miamedic.lt\/en\/wp-json\/wp\/v2\/types\/product"}],"replies":[{"embeddable":true,"href":"https:\/\/miamedic.lt\/en\/wp-json\/wp\/v2\/comments?post=4667"}],"version-history":[{"count":3,"href":"https:\/\/miamedic.lt\/en\/wp-json\/wp\/v2\/product\/4667\/revisions"}],"predecessor-version":[{"id":4671,"href":"https:\/\/miamedic.lt\/en\/wp-json\/wp\/v2\/product\/4667\/revisions\/4671"}],"wp:featuredmedia":[{"embeddable":true,"href":"https:\/\/miamedic.lt\/en\/wp-json\/wp\/v2\/media\/4669"}],"wp:attachment":[{"href":"https:\/\/miamedic.lt\/en\/wp-json\/wp\/v2\/media?parent=4667"}],"wp:term":[{"taxonomy":"product_cat","embeddable":true,"href":"https:\/\/miamedic.lt\/en\/wp-json\/wp\/v2\/product_cat?post=4667"},{"taxonomy":"product_tag","embeddable":true,"href":"https:\/\/miamedic.lt\/en\/wp-json\/wp\/v2\/product_tag?post=4667"}],"curies":[{"name":"wp","href":"https:\/\/api.w.org\/{rel}","templated":true}]}}