{"id":4642,"date":"2025-03-24T21:50:45","date_gmt":"2025-03-24T21:50:45","guid":{"rendered":"https:\/\/miamedic.lt\/?post_type=product&#038;p=4642"},"modified":"2025-12-01T00:29:55","modified_gmt":"2025-12-01T00:29:55","slug":"c-shot-serumas","status":"publish","type":"product","link":"https:\/\/miamedic.lt\/en\/shop\/c-shot-serumas\/","title":{"rendered":"C-SHOT SERUMAS"},"content":{"rendered":"<p data-start=\"70\" data-end=\"155\"><strong data-start=\"74\" data-end=\"155\">C-Shot Serum \u2013 intensyvus vitamino C koncentratas odos \u0161vyt\u0117jimui ir apsaugai<\/strong><\/p>\n<p class=\"\" data-start=\"157\" data-end=\"493\"><strong data-start=\"157\" data-end=\"181\">Neauvia C-Shot Serum<\/strong> \u2013 tai pa\u017eangus serumas, praturtintas net 30% stabilios vitamino C formos, sukurtas kasdieninei vis\u0173 odos tip\u0173 prie\u017ei\u016brai. \u0160i auk\u0161tos koncentracijos formul\u0117 efektyviai palaiko kolageno gamyb\u0105, saugo od\u0105 nuo laisv\u0173j\u0173 radikal\u0173 poveikio ir padeda suma\u017einti tamsi\u0173 d\u0117mi\u0173 atsiradim\u0105, suteikdama odai sveik\u0105 \u0161vyt\u0117jim\u0105.<\/p>\n<p data-start=\"661\" data-end=\"680\"><strong data-start=\"665\" data-end=\"678\">Effect:<\/strong><\/p>\n<p class=\"\" data-start=\"681\" data-end=\"908\">\u2022 Skatina naujo kolageno sintez\u0119<br data-start=\"713\" data-end=\"716\" \/>\u2022 Saugo od\u0105 nuo laisv\u0173j\u0173 radikal\u0173 \u017ealos<br data-start=\"755\" data-end=\"758\" \/>\u2022 Padeda \u0161viesinti pigmentines d\u0117mes ir suvienodina odos ton\u0105<br data-start=\"819\" data-end=\"822\" \/>\u2022 Suteikia odai skaistumo ir \u0161vyt\u0117jimo<br data-start=\"860\" data-end=\"863\" \/>\u2022 Tinka vis\u0173 tip\u0173 odai, kasdieniam naudojimui<\/p>\n<p data-start=\"910\" data-end=\"931\"><strong data-start=\"914\" data-end=\"929\">Usage:<\/strong><\/p>\n<p class=\"\" data-start=\"932\" data-end=\"1147\">Ryte ir vakare \u012fla\u0161inkite 3\u20135 la\u0161us serumo \u012f deln\u0105, patrinkite rankas ir \u0161velniai \u012fmasa\u017euokite produkt\u0105 \u012f veido, kaklo bei dekolt\u0117 od\u0105. Masa\u017euokite abiem rankomis auk\u0161tyn nukreiptais judesiais, pradedant nuo kaktos.<\/p>\n<p class=\"\" data-start=\"1149\" data-end=\"1260\">Idealus pasirinkimas tiems, kurie nori intensyvios antioksidacin\u0117s apsaugos ir ry\u0161kaus odos atgaivinimo efekto.<\/p>","protected":false},"excerpt":{"rendered":"<p>Tai pa\u017eangus serumas, praturtintas net 30% stabilios vitamino C formos, sukurtas kasdieninei vis\u0173 odos tip\u0173 prie\u017ei\u016brai.<\/p>","protected":false},"featured_media":5148,"comment_status":"open","ping_status":"closed","template":"","meta":[],"product_cat":[107,129],"product_tag":[],"class_list":{"0":"post-4642","1":"product","2":"type-product","3":"status-publish","4":"has-post-thumbnail","6":"product_cat-serumai","7":"product_cat-veido-kremai","8":"pa_brands-neauvia","9":"pa_talpa-30ml-2","11":"first","12":"instock","13":"taxable","14":"shipping-taxable","15":"purchasable","16":"product-type-simple"},"_links":{"self":[{"href":"https:\/\/miamedic.lt\/en\/wp-json\/wp\/v2\/product\/4642","targetHints":{"allow":["GET"]}}],"collection":[{"href":"https:\/\/miamedic.lt\/en\/wp-json\/wp\/v2\/product"}],"about":[{"href":"https:\/\/miamedic.lt\/en\/wp-json\/wp\/v2\/types\/product"}],"replies":[{"embeddable":true,"href":"https:\/\/miamedic.lt\/en\/wp-json\/wp\/v2\/comments?post=4642"}],"version-history":[{"count":1,"href":"https:\/\/miamedic.lt\/en\/wp-json\/wp\/v2\/product\/4642\/revisions"}],"predecessor-version":[{"id":4644,"href":"https:\/\/miamedic.lt\/en\/wp-json\/wp\/v2\/product\/4642\/revisions\/4644"}],"wp:featuredmedia":[{"embeddable":true,"href":"https:\/\/miamedic.lt\/en\/wp-json\/wp\/v2\/media\/5148"}],"wp:attachment":[{"href":"https:\/\/miamedic.lt\/en\/wp-json\/wp\/v2\/media?parent=4642"}],"wp:term":[{"taxonomy":"product_cat","embeddable":true,"href":"https:\/\/miamedic.lt\/en\/wp-json\/wp\/v2\/product_cat?post=4642"},{"taxonomy":"product_tag","embeddable":true,"href":"https:\/\/miamedic.lt\/en\/wp-json\/wp\/v2\/product_tag?post=4642"}],"curies":[{"name":"wp","href":"https:\/\/api.w.org\/{rel}","templated":true}]}}