{"id":4636,"date":"2025-03-24T21:43:40","date_gmt":"2025-03-24T21:43:40","guid":{"rendered":"https:\/\/miamedic.lt\/?post_type=product&#038;p=4636"},"modified":"2025-12-01T00:29:56","modified_gmt":"2025-12-01T00:29:56","slug":"advanced-cream","status":"publish","type":"product","link":"https:\/\/miamedic.lt\/en\/shop\/advanced-cream\/","title":{"rendered":"ADVANCED CREAM"},"content":{"rendered":"<p data-start=\"72\" data-end=\"160\"><strong data-start=\"76\" data-end=\"160\">Advanced Cream \u2013 intensyvi sen\u0117jim\u0105 stabdanti prie\u017ei\u016bra sausai ir brand\u017eiai odai<\/strong><\/p>\n<p class=\"\" data-start=\"162\" data-end=\"462\"><strong data-start=\"162\" data-end=\"188\">Neauvia Advanced Cream<\/strong> \u2013 tai pa\u017eangios formul\u0117s kremas, sukurtas atkurti sausos ir brand\u017eios odos stangrum\u0105 bei elastingum\u0105. D\u0117l augimo faktori\u0173 ir keramid\u0173 komplekso veikimo, kremas pastebimai lygina odos tekst\u016br\u0105, ma\u017eina smulki\u0173 rauk\u0161li\u0173 atsiradim\u0105 ir suteikia odai putlumo bei komforto poj\u016bt\u012f.<\/p>\n<p data-start=\"1005\" data-end=\"1024\"><strong data-start=\"1009\" data-end=\"1022\">Effect:<\/strong><\/p>\n<p class=\"\" data-start=\"1025\" data-end=\"1240\">\u2022 Suteikia odai stangrumo ir elastingumo<br data-start=\"1065\" data-end=\"1068\" \/>\u2022 Ma\u017eina rauk\u0161les ir smulkias linijas<br data-start=\"1105\" data-end=\"1108\" \/>\u2022 Atkuria odos barjer\u0105 ir dr\u0117gm\u0117s balans\u0105<br data-start=\"1149\" data-end=\"1152\" \/>\u2022 Pagerina odos tekst\u016br\u0105 ir suteikia putlumo efekt\u0105<br data-start=\"1203\" data-end=\"1206\" \/>\u2022 Tinka sausai ir brand\u017eiai odai<\/p>\n<p data-start=\"1242\" data-end=\"1263\"><strong data-start=\"1246\" data-end=\"1261\">Usage:<\/strong><\/p>\n<p class=\"\" data-start=\"1264\" data-end=\"1529\">Ryte ir vakare paskirstykite nedidel\u012f kiek\u012f kremo ant pir\u0161t\u0173 galiuk\u0173. Po serumo paskirstykite krem\u0105 ant veido, kaklo ir dekolt\u0117 odos, \u0161velniais judesiais jud\u0117dami auk\u0161tyn ir \u012f i\u0161or\u0119. Pabaigai lengvai patap\u0161nokite od\u0105, kad pagerintum\u0117te veikli\u0173j\u0173 med\u017eiag\u0173 \u012fsig\u0117rim\u0105.<\/p>\n<p class=\"\" data-start=\"1531\" data-end=\"1618\">Puikus pasirinkimas siekiantiems intensyvios odos regeneracijos ir ilgalaikio komforto.<\/p>","protected":false},"excerpt":{"rendered":"<p>Tai pa\u017eangios formul\u0117s kremas, sukurtas atkurti sausos ir brand\u017eios odos stangrum\u0105 bei elastingum\u0105.<\/p>","protected":false},"featured_media":5146,"comment_status":"open","ping_status":"closed","template":"","meta":[],"product_cat":[129],"product_tag":[],"class_list":{"0":"post-4636","1":"product","2":"type-product","3":"status-publish","4":"has-post-thumbnail","6":"product_cat-veido-kremai","7":"pa_brands-neauvia","8":"pa_talpa-50ml-2","10":"first","11":"instock","12":"taxable","13":"shipping-taxable","14":"purchasable","15":"product-type-simple"},"_links":{"self":[{"href":"https:\/\/miamedic.lt\/en\/wp-json\/wp\/v2\/product\/4636","targetHints":{"allow":["GET"]}}],"collection":[{"href":"https:\/\/miamedic.lt\/en\/wp-json\/wp\/v2\/product"}],"about":[{"href":"https:\/\/miamedic.lt\/en\/wp-json\/wp\/v2\/types\/product"}],"replies":[{"embeddable":true,"href":"https:\/\/miamedic.lt\/en\/wp-json\/wp\/v2\/comments?post=4636"}],"version-history":[{"count":1,"href":"https:\/\/miamedic.lt\/en\/wp-json\/wp\/v2\/product\/4636\/revisions"}],"predecessor-version":[{"id":4638,"href":"https:\/\/miamedic.lt\/en\/wp-json\/wp\/v2\/product\/4636\/revisions\/4638"}],"wp:featuredmedia":[{"embeddable":true,"href":"https:\/\/miamedic.lt\/en\/wp-json\/wp\/v2\/media\/5146"}],"wp:attachment":[{"href":"https:\/\/miamedic.lt\/en\/wp-json\/wp\/v2\/media?parent=4636"}],"wp:term":[{"taxonomy":"product_cat","embeddable":true,"href":"https:\/\/miamedic.lt\/en\/wp-json\/wp\/v2\/product_cat?post=4636"},{"taxonomy":"product_tag","embeddable":true,"href":"https:\/\/miamedic.lt\/en\/wp-json\/wp\/v2\/product_tag?post=4636"}],"curies":[{"name":"wp","href":"https:\/\/api.w.org\/{rel}","templated":true}]}}