{"id":4633,"date":"2025-03-24T21:39:58","date_gmt":"2025-03-24T21:39:58","guid":{"rendered":"https:\/\/miamedic.lt\/?post_type=product&#038;p=4633"},"modified":"2025-06-09T08:57:46","modified_gmt":"2025-06-09T08:57:46","slug":"eye-fusion","status":"publish","type":"product","link":"https:\/\/miamedic.lt\/en\/shop\/eye-fusion\/","title":{"rendered":"Eye Fusion"},"content":{"rendered":"<p data-start=\"68\" data-end=\"127\"><strong data-start=\"72\" data-end=\"127\">Eye Fusion \u2013 pa\u017eangi paaki\u0173 odos prie\u017ei\u016bros sistema<\/strong><\/p>\n<p class=\"\" data-start=\"129\" data-end=\"436\"><strong data-start=\"129\" data-end=\"143\">Eye Fusion<\/strong> \u2013 tai pa\u017eangus kremas, sukurtas spr\u0119sti pagrindines paaki\u0173 srities problemas: ma\u017eina smulkias rauk\u0161leles, tamsius ratilus, paburkim\u0105 ir nuovargio po\u017eymius. Formul\u0117 praturtinta planktono ekstraktu ir kitais veiksmingais ingredientais, kurie intensyviai dr\u0117kina ir stiprina jautri\u0105 paaki\u0173 zon\u0105.<\/p>\n<p data-start=\"438\" data-end=\"474\"><strong data-start=\"442\" data-end=\"472\">Pagrindiniai ingredientai:<\/strong><\/p>\n<p class=\"\" data-start=\"475\" data-end=\"723\">\u2022 <strong data-start=\"477\" data-end=\"501\">Planktono ekstraktas<\/strong> \u2013 skatina odos l\u0105steli\u0173 atsinaujinim\u0105, stiprina odos strukt\u016br\u0105<br data-start=\"564\" data-end=\"567\" \/>\u2022 <strong data-start=\"569\" data-end=\"594\">Gliciretinin\u0117 r\u016bg\u0161tis<\/strong> \u2013 ramina od\u0105, ma\u017eina sudirgim\u0105<br data-start=\"625\" data-end=\"628\" \/>\u2022 <strong data-start=\"630\" data-end=\"659\">Dimetilmetoksichromanolis<\/strong> \u2013 galingas antioksidantas, apsaugantis nuo oksidacinio streso<\/p>\n<p data-start=\"725\" data-end=\"744\"><strong data-start=\"729\" data-end=\"742\">Effect:<\/strong><\/p>\n<p class=\"\" data-start=\"745\" data-end=\"913\">\u2022 Dr\u0117kina ir stiprina paaki\u0173 od\u0105<br data-start=\"777\" data-end=\"780\" \/>\u2022 Ma\u017eina paburkim\u0105 bei mai\u0161elius po akimis<br data-start=\"822\" data-end=\"825\" \/>\u2022 Skaistina tamsius ratilus<br data-start=\"852\" data-end=\"855\" \/>\u2022 Lygina smulkias rauk\u0161leles<br data-start=\"883\" data-end=\"886\" \/>\u2022 Tinka visiems odos tipams<\/p>\n<p data-start=\"915\" data-end=\"936\"><strong data-start=\"919\" data-end=\"934\">Usage:<\/strong><\/p>\n<p class=\"\" data-start=\"937\" data-end=\"1115\">Ryte ir vakare u\u017etepkite nedidel\u012f kiek\u012f kremo (1 paspaudim\u0105) ant \u0161varios odos aplink akis. \u0160velniai paskirstykite pir\u0161t\u0173 galiukais sukamaisiais judesiais, kol visi\u0161kai susigers.<\/p>\n<p class=\"\" data-start=\"1117\" data-end=\"1189\">Ideali kasdien\u0117 priemon\u0117 gaivesnei, pails\u0117jusiai ir lygesnei aki\u0173 zonai.<\/p>","protected":false},"excerpt":{"rendered":"<p>Tai pa\u017eangus kremas, sukurtas spr\u0119sti pagrindines paaki\u0173 srities problemas: ma\u017eina smulkias rauk\u0161leles, tamsius ratilus, paburkim\u0105 ir nuovargio po\u017eymius.<\/p>","protected":false},"featured_media":5145,"comment_status":"open","ping_status":"closed","template":"","meta":[],"product_cat":[83],"product_tag":[],"class_list":{"0":"post-4633","1":"product","2":"type-product","3":"status-publish","4":"has-post-thumbnail","6":"product_cat-paakiu-kremai","7":"pa_brands-neauvia","8":"pa_talpa-30ml-2","10":"first","11":"outofstock","12":"taxable","13":"shipping-taxable","14":"purchasable","15":"product-type-simple"},"_links":{"self":[{"href":"https:\/\/miamedic.lt\/en\/wp-json\/wp\/v2\/product\/4633","targetHints":{"allow":["GET"]}}],"collection":[{"href":"https:\/\/miamedic.lt\/en\/wp-json\/wp\/v2\/product"}],"about":[{"href":"https:\/\/miamedic.lt\/en\/wp-json\/wp\/v2\/types\/product"}],"replies":[{"embeddable":true,"href":"https:\/\/miamedic.lt\/en\/wp-json\/wp\/v2\/comments?post=4633"}],"version-history":[{"count":1,"href":"https:\/\/miamedic.lt\/en\/wp-json\/wp\/v2\/product\/4633\/revisions"}],"predecessor-version":[{"id":4635,"href":"https:\/\/miamedic.lt\/en\/wp-json\/wp\/v2\/product\/4633\/revisions\/4635"}],"wp:featuredmedia":[{"embeddable":true,"href":"https:\/\/miamedic.lt\/en\/wp-json\/wp\/v2\/media\/5145"}],"wp:attachment":[{"href":"https:\/\/miamedic.lt\/en\/wp-json\/wp\/v2\/media?parent=4633"}],"wp:term":[{"taxonomy":"product_cat","embeddable":true,"href":"https:\/\/miamedic.lt\/en\/wp-json\/wp\/v2\/product_cat?post=4633"},{"taxonomy":"product_tag","embeddable":true,"href":"https:\/\/miamedic.lt\/en\/wp-json\/wp\/v2\/product_tag?post=4633"}],"curies":[{"name":"wp","href":"https:\/\/api.w.org\/{rel}","templated":true}]}}