{"id":4630,"date":"2025-03-24T21:18:03","date_gmt":"2025-03-24T21:18:03","guid":{"rendered":"https:\/\/miamedic.lt\/?post_type=product&#038;p=4630"},"modified":"2026-02-02T17:23:49","modified_gmt":"2026-02-02T17:23:49","slug":"noon-triolift-mask","status":"publish","type":"product","link":"https:\/\/miamedic.lt\/en\/shop\/noon-triolift-mask\/","title":{"rendered":"Noon triolift mask"},"content":{"rendered":"<p data-start=\"68\" data-end=\"134\"><strong data-start=\"72\" data-end=\"134\">Triolift Mask \u2013 intensyviai jauninanti ir dr\u0117kinanti kauk\u0117<\/strong><\/p>\n<p class=\"\" data-start=\"136\" data-end=\"364\"><strong data-start=\"136\" data-end=\"153\">Triolift Mask<\/strong> skirta odos atjauninimui, dr\u0117kinimui ir raminimui. Kauk\u0117s sud\u0117tyje esantys aktyvieji komponentai padeda suma\u017einti sen\u0117jimo po\u017eymius, gerina odos stangrum\u0105 ir elastingum\u0105, suteikia \u0161vyt\u0117jimo bei komforto poj\u016bt\u012f.<\/p>\n<p data-start=\"366\" data-end=\"385\"><strong data-start=\"370\" data-end=\"383\">Effect:<\/strong><\/p>\n<p class=\"\" data-start=\"386\" data-end=\"545\">\u2022 Ma\u017eina smulki\u0173 ir gili\u0173 rauk\u0161li\u0173 atsiradim\u0105<br data-start=\"431\" data-end=\"434\" \/>\u2022 Giliai dr\u0117kina ir maitina od\u0105<br data-start=\"465\" data-end=\"468\" \/>\u2022 Ramina sudirgusi\u0105 ar pavargusi\u0105 od\u0105<br data-start=\"505\" data-end=\"508\" \/>\u2022 Pagerina odos elastingum\u0105 ir tonus\u0105<\/p>\n<p data-start=\"547\" data-end=\"568\"><strong data-start=\"551\" data-end=\"566\">Usage:<\/strong><\/p>\n<p class=\"\" data-start=\"569\" data-end=\"706\">Gausiai u\u017etepkite kauk\u0119 ant \u0161varios veido, kaklo, aki\u0173 ir kr\u016btin\u0117s odos. Palikite veikti 10\u201315 minu\u010di\u0173, tuomet nuplaukite \u0161iltu vandeniu.<\/p>\n<p class=\"\" data-start=\"708\" data-end=\"810\">Puikiai tinka reguliariai odos prie\u017ei\u016brai, kai norisi atkurti spindes\u012f ir suteikti odai jaunatvi\u0161kumo.<\/p>","protected":false},"excerpt":{"rendered":"<p>Intensyvi pagalba probleminei ir jautriai odai<\/p>\n<p><strong>Noon Aesthetics products can only be purchased after a consultation.<\/strong><\/p>","protected":false},"featured_media":4631,"comment_status":"open","ping_status":"closed","template":"","meta":[],"product_cat":[420],"product_tag":[],"class_list":{"0":"post-4630","1":"product","2":"type-product","3":"status-publish","4":"has-post-thumbnail","6":"product_cat-veido-kaukes","7":"pa_brands-noon-aestetics","8":"pa_talpa-70ml","10":"first","11":"instock","12":"taxable","13":"shipping-taxable","14":"product-type-external"},"_links":{"self":[{"href":"https:\/\/miamedic.lt\/en\/wp-json\/wp\/v2\/product\/4630","targetHints":{"allow":["GET"]}}],"collection":[{"href":"https:\/\/miamedic.lt\/en\/wp-json\/wp\/v2\/product"}],"about":[{"href":"https:\/\/miamedic.lt\/en\/wp-json\/wp\/v2\/types\/product"}],"replies":[{"embeddable":true,"href":"https:\/\/miamedic.lt\/en\/wp-json\/wp\/v2\/comments?post=4630"}],"version-history":[{"count":1,"href":"https:\/\/miamedic.lt\/en\/wp-json\/wp\/v2\/product\/4630\/revisions"}],"predecessor-version":[{"id":4632,"href":"https:\/\/miamedic.lt\/en\/wp-json\/wp\/v2\/product\/4630\/revisions\/4632"}],"wp:featuredmedia":[{"embeddable":true,"href":"https:\/\/miamedic.lt\/en\/wp-json\/wp\/v2\/media\/4631"}],"wp:attachment":[{"href":"https:\/\/miamedic.lt\/en\/wp-json\/wp\/v2\/media?parent=4630"}],"wp:term":[{"taxonomy":"product_cat","embeddable":true,"href":"https:\/\/miamedic.lt\/en\/wp-json\/wp\/v2\/product_cat?post=4630"},{"taxonomy":"product_tag","embeddable":true,"href":"https:\/\/miamedic.lt\/en\/wp-json\/wp\/v2\/product_tag?post=4630"}],"curies":[{"name":"wp","href":"https:\/\/api.w.org\/{rel}","templated":true}]}}