{"id":4624,"date":"2025-03-24T21:11:19","date_gmt":"2025-03-24T21:11:19","guid":{"rendered":"https:\/\/miamedic.lt\/?post_type=product&#038;p=4624"},"modified":"2025-12-01T10:02:17","modified_gmt":"2025-12-01T10:02:17","slug":"noon-c-cleanser-foam","status":"publish","type":"product","link":"https:\/\/miamedic.lt\/en\/shop\/noon-c-cleanser-foam\/","title":{"rendered":"Noon c-cleanser foam"},"content":{"rendered":"<p data-start=\"70\" data-end=\"143\"><strong data-start=\"74\" data-end=\"143\">C-Cleanser Foam \u2013 \u0161velnus prausiklis riebal\u0173 pertekliui pa\u0161alinti<\/strong><\/p>\n<p class=\"\" data-start=\"145\" data-end=\"383\">Lengvos tekst\u016bros put\u0173 prausiklis, skirtas efektyviai nuvalyti odos pavir\u0161iaus ne\u0161varumus ir perteklin\u012f sebum\u0105, tuo pa\u010diu i\u0161laikant odos \u0161velnum\u0105 ir nat\u016bral\u0173 skaistum\u0105. U\u017etenka vos nedidelio kiekio produkto norint kruop\u0161\u010diai nuvalyti od\u0105.<\/p>\n<p data-start=\"385\" data-end=\"404\"><strong data-start=\"389\" data-end=\"402\">Effect:<\/strong><\/p>\n<p class=\"\" data-start=\"405\" data-end=\"559\">\u2022 Pa\u0161alina perteklin\u012f riebal\u0173 sluoksn\u012f<br data-start=\"443\" data-end=\"446\" \/>\u2022 Nuvalo ne\u0161varumus ir makia\u017eo liku\u010dius<br data-start=\"485\" data-end=\"488\" \/>\u2022 Palieka od\u0105 gaivi\u0105, \u0161vari\u0105 ir \u0161velni\u0105<br data-start=\"527\" data-end=\"530\" \/>\u2022 Suteikia \u0161vyt\u0117jimo efekt\u0105<\/p>\n<p data-start=\"561\" data-end=\"582\"><strong data-start=\"565\" data-end=\"580\">Usage:<\/strong><\/p>\n<p class=\"\" data-start=\"583\" data-end=\"721\">Naudoti pagal kosmetologo rekomendacijas. Nedidel\u012f kiek\u012f put\u0173 paskirstyti ant dr\u0117gnos veido odos, \u0161velniai masa\u017euoti ir nuplauti vandeniu.<\/p>\n<p class=\"\" data-start=\"723\" data-end=\"804\">Tinka kasdienei odos prie\u017ei\u016brai, siekiant gaivios, \u0161varios ir subalansuotos odos.<\/p>","protected":false},"excerpt":{"rendered":"<p>\u0160velnus prausiklis riebal\u0173 pertekliui pa\u0161alinti<\/p>\n<p><strong>Noon Aesthetics products can only be purchased after a consultation.<\/strong><\/p>","protected":false},"featured_media":4625,"comment_status":"open","ping_status":"closed","template":"","meta":[],"product_cat":[124],"product_tag":[],"class_list":{"0":"post-4624","1":"product","2":"type-product","3":"status-publish","4":"has-post-thumbnail","6":"product_cat-prausikliai","7":"pa_brands-noon-aestetics","8":"pa_talpa-90ml","10":"first","11":"instock","12":"taxable","13":"shipping-taxable","14":"product-type-external"},"_links":{"self":[{"href":"https:\/\/miamedic.lt\/en\/wp-json\/wp\/v2\/product\/4624","targetHints":{"allow":["GET"]}}],"collection":[{"href":"https:\/\/miamedic.lt\/en\/wp-json\/wp\/v2\/product"}],"about":[{"href":"https:\/\/miamedic.lt\/en\/wp-json\/wp\/v2\/types\/product"}],"replies":[{"embeddable":true,"href":"https:\/\/miamedic.lt\/en\/wp-json\/wp\/v2\/comments?post=4624"}],"version-history":[{"count":1,"href":"https:\/\/miamedic.lt\/en\/wp-json\/wp\/v2\/product\/4624\/revisions"}],"predecessor-version":[{"id":4626,"href":"https:\/\/miamedic.lt\/en\/wp-json\/wp\/v2\/product\/4624\/revisions\/4626"}],"wp:featuredmedia":[{"embeddable":true,"href":"https:\/\/miamedic.lt\/en\/wp-json\/wp\/v2\/media\/4625"}],"wp:attachment":[{"href":"https:\/\/miamedic.lt\/en\/wp-json\/wp\/v2\/media?parent=4624"}],"wp:term":[{"taxonomy":"product_cat","embeddable":true,"href":"https:\/\/miamedic.lt\/en\/wp-json\/wp\/v2\/product_cat?post=4624"},{"taxonomy":"product_tag","embeddable":true,"href":"https:\/\/miamedic.lt\/en\/wp-json\/wp\/v2\/product_tag?post=4624"}],"curies":[{"name":"wp","href":"https:\/\/api.w.org\/{rel}","templated":true}]}}