{"id":4621,"date":"2025-03-24T21:08:09","date_gmt":"2025-03-24T21:08:09","guid":{"rendered":"https:\/\/miamedic.lt\/?post_type=product&#038;p=4621"},"modified":"2025-12-01T10:02:23","modified_gmt":"2025-12-01T10:02:23","slug":"noon-intensive-hydrogel","status":"publish","type":"product","link":"https:\/\/miamedic.lt\/en\/shop\/noon-intensive-hydrogel\/","title":{"rendered":"Noon intensive hydrogel"},"content":{"rendered":"<p data-start=\"73\" data-end=\"148\"><strong data-start=\"77\" data-end=\"148\">Intensive Hydrogel \u2013 subalansuota prie\u017ei\u016bra riebiai ir mi\u0161riai odai<\/strong><\/p>\n<p class=\"\" data-start=\"150\" data-end=\"459\"><strong data-start=\"150\" data-end=\"172\">Intensive Hydrogel<\/strong> \u2013 lengvos tekst\u016bros emulsija, praturtinta 10% pieno r\u016bg\u0161timi ir 2% salicilo r\u016bg\u0161timi, papildyta inovatyvia <strong data-start=\"280\" data-end=\"295\">DermShield\u2122<\/strong> technologija. Sukurta specialiai riebios, mi\u0161rios ir linkusios \u012f spuogus odos prie\u017ei\u016brai, \u0161i priemon\u0117 efektyviai gerina odos b\u016bkl\u0119 be dirginimo ar sausumo poj\u016b\u010dio.<\/p>\n<p data-start=\"461\" data-end=\"480\"><strong data-start=\"465\" data-end=\"478\">Effect:<\/strong><\/p>\n<p class=\"\" data-start=\"481\" data-end=\"794\">\u2022 Skatina \u0161veln\u0173 l\u0105steli\u0173 eksfoliacijos proces\u0105<br data-start=\"528\" data-end=\"531\" \/>\u2022 Stimuliuoja epidermio atsinaujinim\u0105<br data-start=\"568\" data-end=\"571\" \/>\u2022 Reguliuoja riebalini\u0173 liauk\u0173 veikl\u0105, pa\u0161alina sebumo pertekli\u0173<br data-start=\"635\" data-end=\"638\" \/>\u2022 Dr\u0117kina ir palaiko odos balans\u0105<br data-start=\"671\" data-end=\"674\" \/>\u2022 Oda tampa lygi, \u0161viesi ir \u0161vytinti<br data-start=\"710\" data-end=\"713\" \/>\u2022 Puikiai dera su kitomis odos prie\u017ei\u016bros priemon\u0117mis ar medicininiais tepalais<\/p>\n<p data-start=\"796\" data-end=\"828\"><strong data-start=\"800\" data-end=\"826\">Veikliosios med\u017eiagos:<\/strong><\/p>\n<p class=\"\" data-start=\"829\" data-end=\"883\">\u2022 10% pieno r\u016bg\u0161tis<br data-start=\"848\" data-end=\"851\" \/>\u2022 2% salicilo r\u016bg\u0161tis<br data-start=\"872\" data-end=\"875\" \/>\u2022 pH 3.5<\/p>\n<p data-start=\"885\" data-end=\"906\"><strong data-start=\"889\" data-end=\"904\">Usage:<\/strong><\/p>\n<p class=\"\" data-start=\"907\" data-end=\"1129\">Tepkite plonu sluoksniu ant \u0161varios veido ir kaklo odos iki 2 kart\u0173 per dien\u0105 arba pagal specialisto rekomendacijas. Dienos metu rekomenduojama naudoti kartu su <strong data-start=\"1068\" data-end=\"1097\">NOON Aesthetics Brush&amp;Go\u2122<\/strong> apsauginiais milteliais su SPF.<\/p>\n<p class=\"\" data-start=\"1131\" data-end=\"1234\">Puikus pasirinkimas tiems, kurie siekia \u0161vytin\u010dios, lygios ir subalansuotos odos be diskomforto jausmo.<\/p>","protected":false},"excerpt":{"rendered":"<p>Subalansuota prie\u017ei\u016bra riebiai ir mi\u0161riai odai<\/p>\n<p><strong>Noon Aesthetics products can only be purchased after a consultation.<\/strong><\/p>","protected":false},"featured_media":4622,"comment_status":"open","ping_status":"closed","template":"","meta":[],"product_cat":[107,129],"product_tag":[],"class_list":{"0":"post-4621","1":"product","2":"type-product","3":"status-publish","4":"has-post-thumbnail","6":"product_cat-serumai","7":"product_cat-veido-kremai","8":"pa_brands-noon-aestetics","9":"pa_talpa-50g","11":"first","12":"instock","13":"taxable","14":"shipping-taxable","15":"product-type-external"},"_links":{"self":[{"href":"https:\/\/miamedic.lt\/en\/wp-json\/wp\/v2\/product\/4621","targetHints":{"allow":["GET"]}}],"collection":[{"href":"https:\/\/miamedic.lt\/en\/wp-json\/wp\/v2\/product"}],"about":[{"href":"https:\/\/miamedic.lt\/en\/wp-json\/wp\/v2\/types\/product"}],"replies":[{"embeddable":true,"href":"https:\/\/miamedic.lt\/en\/wp-json\/wp\/v2\/comments?post=4621"}],"version-history":[{"count":1,"href":"https:\/\/miamedic.lt\/en\/wp-json\/wp\/v2\/product\/4621\/revisions"}],"predecessor-version":[{"id":4623,"href":"https:\/\/miamedic.lt\/en\/wp-json\/wp\/v2\/product\/4621\/revisions\/4623"}],"wp:featuredmedia":[{"embeddable":true,"href":"https:\/\/miamedic.lt\/en\/wp-json\/wp\/v2\/media\/4622"}],"wp:attachment":[{"href":"https:\/\/miamedic.lt\/en\/wp-json\/wp\/v2\/media?parent=4621"}],"wp:term":[{"taxonomy":"product_cat","embeddable":true,"href":"https:\/\/miamedic.lt\/en\/wp-json\/wp\/v2\/product_cat?post=4621"},{"taxonomy":"product_tag","embeddable":true,"href":"https:\/\/miamedic.lt\/en\/wp-json\/wp\/v2\/product_tag?post=4621"}],"curies":[{"name":"wp","href":"https:\/\/api.w.org\/{rel}","templated":true}]}}