{"id":4618,"date":"2025-03-24T21:01:35","date_gmt":"2025-03-24T21:01:35","guid":{"rendered":"https:\/\/miamedic.lt\/?post_type=product&#038;p=4618"},"modified":"2025-12-01T10:02:32","modified_gmt":"2025-12-01T10:02:32","slug":"igloo-moist-24-7","status":"publish","type":"product","link":"https:\/\/miamedic.lt\/en\/shop\/igloo-moist-24-7\/","title":{"rendered":"Igloo moist 24\/7"},"content":{"rendered":"<p data-start=\"71\" data-end=\"152\"><strong data-start=\"75\" data-end=\"152\">Igloo Moist 24\/7 \u2013 intensyvus dr\u0117kinimas ir v\u0117sinantis efektas vis\u0105 dien\u0105<\/strong><\/p>\n<p class=\"\" data-start=\"154\" data-end=\"442\"><strong data-start=\"154\" data-end=\"174\">Igloo Moist 24\/7<\/strong> kremas sukurtas naudojant inovatyvi\u0105 v\u0117sinimo technologij\u0105, u\u017etikrinan\u010di\u0105 ilgalaik\u012f odos komfort\u0105 ir gaivum\u0105. \u0160i priemon\u0117 ne tik ramina ir dr\u0117kina od\u0105, bet ir padeda i\u0161laikyti jos elastingum\u0105, stiprina apsaugin\u012f barjer\u0105 bei l\u0117tina pirm\u0173j\u0173 sen\u0117jimo po\u017eymi\u0173 atsiradim\u0105.<\/p>\n<p data-start=\"444\" data-end=\"463\"><strong data-start=\"448\" data-end=\"461\">Effect:<\/strong><\/p>\n<p class=\"\" data-start=\"464\" data-end=\"699\">\u2022 Giliai dr\u0117kina od\u0105<br data-start=\"484\" data-end=\"487\" \/>\u2022 Suteikia malon\u0173 v\u0117sinant\u012f ir raminant\u012f poj\u016bt\u012f<br data-start=\"534\" data-end=\"537\" \/>\u2022 Pagerina odos elastingum\u0105 ir stiprum\u0105<br data-start=\"576\" data-end=\"579\" \/>\u2022 L\u0117tina sen\u0117jimo po\u017eymi\u0173 atsiradim\u0105<br data-start=\"615\" data-end=\"618\" \/>\u2022 Tinka vis\u0173 tip\u0173 odai, ypa\u010d probleminei<br data-start=\"658\" data-end=\"661\" \/>\u2022 Saugu naudoti bet kokio am\u017eiaus odai<\/p>\n<p data-start=\"701\" data-end=\"722\"><strong data-start=\"705\" data-end=\"720\">Usage:<\/strong><\/p>\n<p class=\"\" data-start=\"723\" data-end=\"846\">Tepkite plonu sluoksniu ant \u0161varios veido, kaklo ir kr\u016btin\u0117s odos iki 2 kart\u0173 per dien\u0105 arba kaip rekomendavo specialistas.<\/p>\n<p class=\"\" data-start=\"848\" data-end=\"964\">Idealus pasirinkimas kasdienei dr\u0117kinan\u010diai prie\u017ei\u016brai, siekiant suteikti odai ilgalaik\u012f komfort\u0105, gaiv\u0105 ir apsaug\u0105.<\/p>","protected":false},"excerpt":{"rendered":"<p>Intensyvus dr\u0117kinimas ir v\u0117sinantis efektas vis\u0105 dien\u0105<\/p>\n<p><strong>Noon Aesthetics products can only be purchased after a consultation.<\/strong><\/p>","protected":false},"featured_media":4619,"comment_status":"open","ping_status":"closed","template":"","meta":[],"product_cat":[129],"product_tag":[],"class_list":{"0":"post-4618","1":"product","2":"type-product","3":"status-publish","4":"has-post-thumbnail","6":"product_cat-veido-kremai","7":"pa_brands-noon-aestetics","8":"pa_talpa-50g","10":"first","11":"instock","12":"taxable","13":"shipping-taxable","14":"product-type-external"},"_links":{"self":[{"href":"https:\/\/miamedic.lt\/en\/wp-json\/wp\/v2\/product\/4618","targetHints":{"allow":["GET"]}}],"collection":[{"href":"https:\/\/miamedic.lt\/en\/wp-json\/wp\/v2\/product"}],"about":[{"href":"https:\/\/miamedic.lt\/en\/wp-json\/wp\/v2\/types\/product"}],"replies":[{"embeddable":true,"href":"https:\/\/miamedic.lt\/en\/wp-json\/wp\/v2\/comments?post=4618"}],"version-history":[{"count":1,"href":"https:\/\/miamedic.lt\/en\/wp-json\/wp\/v2\/product\/4618\/revisions"}],"predecessor-version":[{"id":4620,"href":"https:\/\/miamedic.lt\/en\/wp-json\/wp\/v2\/product\/4618\/revisions\/4620"}],"wp:featuredmedia":[{"embeddable":true,"href":"https:\/\/miamedic.lt\/en\/wp-json\/wp\/v2\/media\/4619"}],"wp:attachment":[{"href":"https:\/\/miamedic.lt\/en\/wp-json\/wp\/v2\/media?parent=4618"}],"wp:term":[{"taxonomy":"product_cat","embeddable":true,"href":"https:\/\/miamedic.lt\/en\/wp-json\/wp\/v2\/product_cat?post=4618"},{"taxonomy":"product_tag","embeddable":true,"href":"https:\/\/miamedic.lt\/en\/wp-json\/wp\/v2\/product_tag?post=4618"}],"curies":[{"name":"wp","href":"https:\/\/api.w.org\/{rel}","templated":true}]}}