{"id":4615,"date":"2025-03-24T20:56:31","date_gmt":"2025-03-24T20:56:31","guid":{"rendered":"https:\/\/miamedic.lt\/?post_type=product&#038;p=4615"},"modified":"2025-12-01T10:02:52","modified_gmt":"2025-12-01T10:02:52","slug":"reform-eye-cream","status":"publish","type":"product","link":"https:\/\/miamedic.lt\/en\/shop\/reform-eye-cream\/","title":{"rendered":"REFORM EYE CREAM"},"content":{"rendered":"<p data-start=\"71\" data-end=\"126\"><strong data-start=\"75\" data-end=\"126\">NOON Reform Eye Cream \u2013 5 veiksm\u0173 paaki\u0173 kremas<\/strong><\/p>\n<p class=\"\" data-start=\"128\" data-end=\"398\">Pa\u017eangios sud\u0117ties paaki\u0173 kremas, veikiantis penkiose svarbiausiose srityse, susijusiose su jautrios paaki\u0173 odos prie\u017ei\u016bra. \u0160i priemon\u0117 ne tik stangrina ir skaistina od\u0105 aplink akis, bet ir intensyviai dr\u0117kina, ma\u017eina paburkimus bei saugo nuo laisv\u0173j\u0173 radikal\u0173 poveikio.<\/p>\n<p data-start=\"400\" data-end=\"419\"><strong data-start=\"404\" data-end=\"417\">Effect:<\/strong><\/p>\n<p class=\"\" data-start=\"420\" data-end=\"576\">\u2022 Gerina odos elastingum\u0105<br data-start=\"445\" data-end=\"448\" \/>\u2022 Ma\u017eina paaki\u0173 paburkim\u0105<br data-start=\"473\" data-end=\"476\" \/>\u2022 Stiprina apsaug\u0105 nuo laisv\u0173j\u0173 radikal\u0173<br data-start=\"516\" data-end=\"519\" \/>\u2022 Stangrina od\u0105<br data-start=\"534\" data-end=\"537\" \/>\u2022 Skaistina tamsius ratilus po akimis<\/p>\n<p data-start=\"578\" data-end=\"610\"><strong data-start=\"582\" data-end=\"608\">Aktyviosios med\u017eiagos:<\/strong><\/p>\n<ul data-start=\"611\" data-end=\"1366\">\n<li class=\"\" data-start=\"611\" data-end=\"693\">\n<p class=\"\" data-start=\"613\" data-end=\"693\"><strong data-start=\"613\" data-end=\"639\">Palmitoyl Tripeptide-5<\/strong> \u2013 skatina kolageno sintez\u0119, stiprina odos strukt\u016br\u0105<\/p>\n<\/li>\n<li class=\"\" data-start=\"694\" data-end=\"784\">\n<p class=\"\" data-start=\"696\" data-end=\"784\"><strong data-start=\"696\" data-end=\"747\">Dipeptido diaminobutyroilbenzilamido diacetatas<\/strong> \u2013 ma\u017eina rauk\u0161leli\u0173 gyl\u012f ir \u012ftamp\u0105<\/p>\n<\/li>\n<li class=\"\" data-start=\"785\" data-end=\"907\">\n<p class=\"\" data-start=\"787\" data-end=\"907\"><strong data-start=\"787\" data-end=\"833\">APP (Trinatrio askorbilpalmitato fosfatas)<\/strong> \u2013 stabilus vitamino C darinys, \u0161viesina ir saugo nuo oksidacinio streso<\/p>\n<\/li>\n<li class=\"\" data-start=\"908\" data-end=\"1062\">\n<p class=\"\" data-start=\"910\" data-end=\"1062\"><strong data-start=\"910\" data-end=\"967\">Did\u017eiojo rudadumblio (Ascophyllum Nodosum) ekstraktas<\/strong> ir <strong data-start=\"971\" data-end=\"1025\">raudon\u0173j\u0173 dumbli\u0173 ekstraktas (Asparagopsis Armata)<\/strong> \u2013 dr\u0117kina, stiprina ir apsaugo od\u0105<\/p>\n<\/li>\n<li class=\"\" data-start=\"1063\" data-end=\"1147\">\n<p class=\"\" data-start=\"1065\" data-end=\"1147\"><strong data-start=\"1065\" data-end=\"1083\">Kokos\u0173 aliejus<\/strong>, <strong data-start=\"1085\" data-end=\"1105\">ramun\u0117li\u0173 vanduo<\/strong>, <strong data-start=\"1107\" data-end=\"1121\">pantenolis<\/strong> \u2013 ramina ir maitina od\u0105<\/p>\n<\/li>\n<li class=\"\" data-start=\"1148\" data-end=\"1232\">\n<p class=\"\" data-start=\"1150\" data-end=\"1232\"><strong data-start=\"1150\" data-end=\"1205\">\u017dali\u0173j\u0173 mikrodumbli\u0173 ekstraktas (Dunaliella Salina)<\/strong> \u2013 stiprus antioksidantas<\/p>\n<\/li>\n<li class=\"\" data-start=\"1233\" data-end=\"1282\">\n<p class=\"\" data-start=\"1235\" data-end=\"1282\"><strong data-start=\"1235\" data-end=\"1258\">Natrio hialuronatas<\/strong> \u2013 intensyviai dr\u0117kina<\/p>\n<\/li>\n<li class=\"\" data-start=\"1283\" data-end=\"1366\">\n<p class=\"\" data-start=\"1285\" data-end=\"1366\"><strong data-start=\"1285\" data-end=\"1322\">Tokoferilo acetatas (vitaminas E)<\/strong> \u2013 saugo od\u0105 nuo \u017ealing\u0173 aplinkos veiksni\u0173<\/p>\n<\/li>\n<\/ul>\n<p class=\"\" data-start=\"1368\" data-end=\"1467\">Ideali priemon\u0117 kasdienei paaki\u0173 odos prie\u017ei\u016brai, suteikianti \u0161vyt\u0117jimo, glotnumo ir jaunatvi\u0161kumo.<\/p>","protected":false},"excerpt":{"rendered":"<p>Pa\u017eangios sud\u0117ties paaki\u0173 kremas, veikiantis penkiose svarbiausiose srityse<\/p>\n<p><strong>Noon Aesthetics products can only be purchased after a consultation.<\/strong><\/p>","protected":false},"featured_media":4616,"comment_status":"open","ping_status":"closed","template":"","meta":[],"product_cat":[83],"product_tag":[],"class_list":{"0":"post-4615","1":"product","2":"type-product","3":"status-publish","4":"has-post-thumbnail","6":"product_cat-paakiu-kremai","7":"pa_brands-noon-aestetics","8":"pa_talpa-15ml","10":"first","11":"instock","12":"taxable","13":"shipping-taxable","14":"product-type-external"},"_links":{"self":[{"href":"https:\/\/miamedic.lt\/en\/wp-json\/wp\/v2\/product\/4615","targetHints":{"allow":["GET"]}}],"collection":[{"href":"https:\/\/miamedic.lt\/en\/wp-json\/wp\/v2\/product"}],"about":[{"href":"https:\/\/miamedic.lt\/en\/wp-json\/wp\/v2\/types\/product"}],"replies":[{"embeddable":true,"href":"https:\/\/miamedic.lt\/en\/wp-json\/wp\/v2\/comments?post=4615"}],"version-history":[{"count":1,"href":"https:\/\/miamedic.lt\/en\/wp-json\/wp\/v2\/product\/4615\/revisions"}],"predecessor-version":[{"id":4617,"href":"https:\/\/miamedic.lt\/en\/wp-json\/wp\/v2\/product\/4615\/revisions\/4617"}],"wp:featuredmedia":[{"embeddable":true,"href":"https:\/\/miamedic.lt\/en\/wp-json\/wp\/v2\/media\/4616"}],"wp:attachment":[{"href":"https:\/\/miamedic.lt\/en\/wp-json\/wp\/v2\/media?parent=4615"}],"wp:term":[{"taxonomy":"product_cat","embeddable":true,"href":"https:\/\/miamedic.lt\/en\/wp-json\/wp\/v2\/product_cat?post=4615"},{"taxonomy":"product_tag","embeddable":true,"href":"https:\/\/miamedic.lt\/en\/wp-json\/wp\/v2\/product_tag?post=4615"}],"curies":[{"name":"wp","href":"https:\/\/api.w.org\/{rel}","templated":true}]}}