{"id":4612,"date":"2025-03-24T20:53:18","date_gmt":"2025-03-24T20:53:18","guid":{"rendered":"https:\/\/miamedic.lt\/?post_type=product&#038;p=4612"},"modified":"2025-12-01T10:02:58","modified_gmt":"2025-12-01T10:02:58","slug":"retinol-charisma-intense-1","status":"publish","type":"product","link":"https:\/\/miamedic.lt\/en\/shop\/retinol-charisma-intense-1\/","title":{"rendered":"retinol charisma intense 1%"},"content":{"rendered":"<p data-start=\"82\" data-end=\"156\"><strong data-start=\"86\" data-end=\"156\">Retinol Charisma Intense 1% \u2013 veiksminga odos atnaujinimo priemon\u0117<\/strong><\/p>\n<p class=\"\" data-start=\"158\" data-end=\"432\"><strong data-start=\"158\" data-end=\"189\">Retinol Charisma Intense 1%<\/strong> sukurtas kovai su sen\u0117jimo po\u017eymiais ir odos atspalvio netolygumu. \u0160is kremas padeda pagerinti odos tekst\u016br\u0105, suma\u017einti smulkias rauk\u0161leles bei suvienodinti ton\u0105. Formul\u0117 tinkama vis\u0173 tip\u0173 odai, taip pat brand\u017eiai ar linkusiai \u012f pigmentacij\u0105.<\/p>\n<p data-start=\"434\" data-end=\"474\"><strong data-start=\"438\" data-end=\"472\">Pagrindin\u0117 veiklioji med\u017eiaga:<\/strong><\/p>\n<p class=\"\" data-start=\"475\" data-end=\"578\">\u2022 <strong data-start=\"477\" data-end=\"493\">1% retinolis<\/strong> \u2013 skatina odos l\u0105steli\u0173 atsinaujinim\u0105, pagerina odos strukt\u016br\u0105, tonus\u0105 ir stangrum\u0105.<\/p>\n<p data-start=\"580\" data-end=\"601\"><strong data-start=\"584\" data-end=\"599\">Usage:<\/strong><\/p>\n<p class=\"\" data-start=\"602\" data-end=\"859\">Tepkite plonu sluoksniu ant \u0161varios veido bei kr\u016btin\u0117s odos vien\u0105 kart\u0105 per dien\u0105 arba kaip rekomendavo J\u016bs\u0173 odos prie\u017ei\u016bros specialistas. Dienos metu rekomenduojama papildomai naudoti <strong data-start=\"787\" data-end=\"818\">NOON Aesthetics Brush &amp; Go\u2122<\/strong>permatomus apsauginius miltelius su SPF.<\/p>\n<p class=\"\" data-start=\"861\" data-end=\"933\">Reguliarus naudojimas padeda i\u0161laikyti lygi\u0105, sveik\u0105 ir jaunatvi\u0161k\u0105 od\u0105.<\/p>","protected":false},"excerpt":{"rendered":"<p>Veiksminga odos atnaujinimo priemon\u0117<\/p>\n<p><strong>Noon Aesthetics products can only be purchased after a consultation.<\/strong><\/p>","protected":false},"featured_media":4613,"comment_status":"open","ping_status":"closed","template":"","meta":[],"product_cat":[107,129],"product_tag":[],"class_list":{"0":"post-4612","1":"product","2":"type-product","3":"status-publish","4":"has-post-thumbnail","6":"product_cat-serumai","7":"product_cat-veido-kremai","8":"pa_brands-noon-aestetics","9":"pa_talpa-30ml-2","11":"first","12":"instock","13":"taxable","14":"shipping-taxable","15":"product-type-external"},"_links":{"self":[{"href":"https:\/\/miamedic.lt\/en\/wp-json\/wp\/v2\/product\/4612","targetHints":{"allow":["GET"]}}],"collection":[{"href":"https:\/\/miamedic.lt\/en\/wp-json\/wp\/v2\/product"}],"about":[{"href":"https:\/\/miamedic.lt\/en\/wp-json\/wp\/v2\/types\/product"}],"replies":[{"embeddable":true,"href":"https:\/\/miamedic.lt\/en\/wp-json\/wp\/v2\/comments?post=4612"}],"version-history":[{"count":1,"href":"https:\/\/miamedic.lt\/en\/wp-json\/wp\/v2\/product\/4612\/revisions"}],"predecessor-version":[{"id":4614,"href":"https:\/\/miamedic.lt\/en\/wp-json\/wp\/v2\/product\/4612\/revisions\/4614"}],"wp:featuredmedia":[{"embeddable":true,"href":"https:\/\/miamedic.lt\/en\/wp-json\/wp\/v2\/media\/4613"}],"wp:attachment":[{"href":"https:\/\/miamedic.lt\/en\/wp-json\/wp\/v2\/media?parent=4612"}],"wp:term":[{"taxonomy":"product_cat","embeddable":true,"href":"https:\/\/miamedic.lt\/en\/wp-json\/wp\/v2\/product_cat?post=4612"},{"taxonomy":"product_tag","embeddable":true,"href":"https:\/\/miamedic.lt\/en\/wp-json\/wp\/v2\/product_tag?post=4612"}],"curies":[{"name":"wp","href":"https:\/\/api.w.org\/{rel}","templated":true}]}}