{"id":4609,"date":"2025-03-24T20:48:57","date_gmt":"2025-03-24T20:48:57","guid":{"rendered":"https:\/\/miamedic.lt\/?post_type=product&#038;p=4609"},"modified":"2025-12-01T10:03:05","modified_gmt":"2025-12-01T10:03:05","slug":"halo-ronic-serumas","status":"publish","type":"product","link":"https:\/\/miamedic.lt\/en\/shop\/halo-ronic-serumas\/","title":{"rendered":"HALO-RONIC\u2122 SERUMAS"},"content":{"rendered":"<p data-start=\"89\" data-end=\"173\"><strong data-start=\"93\" data-end=\"173\">NOON Halo-Ronic\u2122 Serumas \u2013 intensyvus dr\u0117kinimas ir odos spindesio atk\u016brimas<\/strong><\/p>\n<p class=\"\" data-start=\"175\" data-end=\"438\">Lengvos tekst\u016bros serumas, sukurtas maksimaliai dr\u0117kinti od\u0105, stiprinti jos apsaugines savybes bei atkurti nat\u016bral\u0173 \u0161vyt\u0117jim\u0105. Formul\u0117 papildyta antioksidantais ir augaliniais ekstraktais, kurie ramina od\u0105, saugo nuo oksidacinio streso ir stiprina odos imunitet\u0105.<\/p>\n<p data-start=\"440\" data-end=\"474\"><strong data-start=\"444\" data-end=\"472\">Pagrindiniai privalumai:<\/strong><\/p>\n<p class=\"\" data-start=\"475\" data-end=\"657\">\u2022 Intensyviai dr\u0117kina ir i\u0161laiko optimal\u0173 dr\u0117gm\u0117s balans\u0105<br data-start=\"532\" data-end=\"535\" \/>\u2022 Ramina sudirgusi\u0105 od\u0105, ma\u017eina u\u017edegimus<br data-start=\"576\" data-end=\"579\" \/>\u2022 Tinka vis\u0173 tip\u0173 odai<br data-start=\"601\" data-end=\"604\" \/>\u2022 Suteikia antioksidacin\u0119 bei antimikrobin\u0119 apsaug\u0105<\/p>\n<p data-start=\"659\" data-end=\"692\"><strong data-start=\"663\" data-end=\"690\">Aktyvieji ingredientai:<\/strong><\/p>\n<ul data-start=\"693\" data-end=\"1077\">\n<li class=\"\" data-start=\"693\" data-end=\"791\">\n<p class=\"\" data-start=\"695\" data-end=\"791\"><strong data-start=\"695\" data-end=\"729\">Hidrolizuota hialurono r\u016bg\u0161tis<\/strong> \u2013 u\u017etikrina gil\u0173 dr\u0117kinim\u0105 ir padeda i\u0161laikyti dr\u0117gm\u0119 odoje<\/p>\n<\/li>\n<li class=\"\" data-start=\"792\" data-end=\"863\">\n<p class=\"\" data-start=\"794\" data-end=\"863\"><strong data-start=\"794\" data-end=\"817\">Natrio hialuronatas<\/strong> \u2013 intensyviai dr\u0117kina, suteikia elastingumo<\/p>\n<\/li>\n<li class=\"\" data-start=\"864\" data-end=\"975\">\n<p class=\"\" data-start=\"866\" data-end=\"975\"><strong data-start=\"866\" data-end=\"913\">Ciber\u017eol\u0117s \u0161akn\u0173 ekstraktas (Curcuma Longa)<\/strong> \u2013 pasi\u017eymi antioksidacin\u0117mis savyb\u0117mis, ramina ir saugo od\u0105<\/p>\n<\/li>\n<li class=\"\" data-start=\"976\" data-end=\"1077\">\n<p class=\"\" data-start=\"978\" data-end=\"1077\"><strong data-start=\"978\" data-end=\"1026\">NEEM (Indi\u0161kojo nimbamed\u017eio lap\u0173 ekstraktas)<\/strong> \u2013 padeda kovoti su odos b\u0117rimais, ma\u017eina u\u017edegimus<\/p>\n<\/li>\n<\/ul>\n<p data-start=\"1079\" data-end=\"1100\"><strong data-start=\"1083\" data-end=\"1098\">Usage:<\/strong><\/p>\n<p class=\"\" data-start=\"1101\" data-end=\"1218\">U\u017ela\u0161inkite 2-3 la\u0161us serumo ant \u0161varios veido ir kaklo odos, vengiant aki\u0173 srities. Naudokite ryte ir (arba) vakare.<\/p>\n<p data-start=\"1220\" data-end=\"1240\"><strong data-start=\"1224\" data-end=\"1238\">\u012esp\u0117jimai:<\/strong><\/p>\n<p class=\"\" data-start=\"1241\" data-end=\"1417\">Tik i\u0161oriniam naudojimui. Prie\u0161 naudojim\u0105 rekomenduojama atlikti odos jautrumo test\u0105. Patekus \u012f akis \u2013 kruop\u0161\u010diai nuplaukite vandeniu. Laikykite vaikams nepasiekiamoje vietoje.<\/p>\n<p class=\"\" data-start=\"1419\" data-end=\"1506\">Tinka visiems, ie\u0161kantiems stipraus dr\u0117kinimo, odos apsaugos ir nat\u016bralaus spindesio!<\/p>","protected":false},"excerpt":{"rendered":"<p>Intensyvus dr\u0117kinimas ir odos spindesio atk\u016brimas<\/p>\n<p><strong>Noon Aesthetics products can only be purchased after a consultation.<\/strong><\/p>","protected":false},"featured_media":4610,"comment_status":"open","ping_status":"closed","template":"","meta":[],"product_cat":[107,129],"product_tag":[],"class_list":{"0":"post-4609","1":"product","2":"type-product","3":"status-publish","4":"has-post-thumbnail","6":"product_cat-serumai","7":"product_cat-veido-kremai","8":"pa_brands-noon-aestetics","9":"pa_talpa-50ml-2","11":"first","12":"instock","13":"taxable","14":"shipping-taxable","15":"product-type-external"},"_links":{"self":[{"href":"https:\/\/miamedic.lt\/en\/wp-json\/wp\/v2\/product\/4609","targetHints":{"allow":["GET"]}}],"collection":[{"href":"https:\/\/miamedic.lt\/en\/wp-json\/wp\/v2\/product"}],"about":[{"href":"https:\/\/miamedic.lt\/en\/wp-json\/wp\/v2\/types\/product"}],"replies":[{"embeddable":true,"href":"https:\/\/miamedic.lt\/en\/wp-json\/wp\/v2\/comments?post=4609"}],"version-history":[{"count":1,"href":"https:\/\/miamedic.lt\/en\/wp-json\/wp\/v2\/product\/4609\/revisions"}],"predecessor-version":[{"id":4611,"href":"https:\/\/miamedic.lt\/en\/wp-json\/wp\/v2\/product\/4609\/revisions\/4611"}],"wp:featuredmedia":[{"embeddable":true,"href":"https:\/\/miamedic.lt\/en\/wp-json\/wp\/v2\/media\/4610"}],"wp:attachment":[{"href":"https:\/\/miamedic.lt\/en\/wp-json\/wp\/v2\/media?parent=4609"}],"wp:term":[{"taxonomy":"product_cat","embeddable":true,"href":"https:\/\/miamedic.lt\/en\/wp-json\/wp\/v2\/product_cat?post=4609"},{"taxonomy":"product_tag","embeddable":true,"href":"https:\/\/miamedic.lt\/en\/wp-json\/wp\/v2\/product_tag?post=4609"}],"curies":[{"name":"wp","href":"https:\/\/api.w.org\/{rel}","templated":true}]}}