{"id":4603,"date":"2025-03-24T20:43:13","date_gmt":"2025-03-24T20:43:13","guid":{"rendered":"https:\/\/miamedic.lt\/?post_type=product&#038;p=4603"},"modified":"2026-02-02T17:24:18","modified_gmt":"2026-02-02T17:24:18","slug":"noon-igloo-kauke","status":"publish","type":"product","link":"https:\/\/miamedic.lt\/en\/shop\/noon-igloo-kauke\/","title":{"rendered":"NOON Igloo kauk\u0117"},"content":{"rendered":"<p class=\"\" data-start=\"65\" data-end=\"125\"><strong data-start=\"65\" data-end=\"125\">NOON Igloo Mask \u2013 intensyvus odos v\u0117sinimas ir atk\u016brimas<\/strong><\/p>\n<p class=\"\" data-start=\"127\" data-end=\"314\">\u0160i kauk\u0117 sukurta siekiant greitai atgaivinti, sudr\u0117kinti ir sustiprinti od\u0105. D\u0117l unikalios sud\u0117ties ji suteikia ilgalaik\u012f gaivumo poj\u016bt\u012f, \u0161velnina, ramina bei padeda atkurti pa\u017eeist\u0105 od\u0105.<\/p>\n<p data-start=\"316\" data-end=\"358\"><strong data-start=\"320\" data-end=\"358\">Pagrindin\u0117s veikliosios med\u017eiagos:<\/strong><\/p>\n<ul data-start=\"360\" data-end=\"823\">\n<li class=\"\" data-start=\"360\" data-end=\"500\">\n<p class=\"\" data-start=\"362\" data-end=\"500\"><strong data-start=\"362\" data-end=\"377\">Menthyl PCA<\/strong> \u2013 patentuotas v\u0117sinan\u010di\u0173 ingredient\u0173 kompleksas, aktyvuojantis TRMP8 receptorius ir suteikiantis intensyv\u0173 v\u0117sos poj\u016bt\u012f.<\/p>\n<\/li>\n<li class=\"\" data-start=\"501\" data-end=\"614\">\n<p class=\"\" data-start=\"503\" data-end=\"614\"><strong data-start=\"503\" data-end=\"517\">Ksilitolis<\/strong> \u2013 3D dr\u0117kinamasis kompleksas, kuris skatina hialurono r\u016bg\u0161ties gamyb\u0105, efektyviai dr\u0117kina od\u0105.<\/p>\n<\/li>\n<li class=\"\" data-start=\"615\" data-end=\"715\">\n<p class=\"\" data-start=\"617\" data-end=\"715\"><strong data-start=\"617\" data-end=\"686\">Kalnin\u0117s arnikos \u017eied\u0173 ekstraktas (Arnica Montana Flower Extract)<\/strong> \u2013 mink\u0161tina ir ramina od\u0105.<\/p>\n<\/li>\n<li class=\"\" data-start=\"716\" data-end=\"823\">\n<p class=\"\" data-start=\"718\" data-end=\"823\"><strong data-start=\"718\" data-end=\"746\">Kavos pupeli\u0173 ekstraktas<\/strong> \u2013 suteikia energijos, padeda suma\u017einti odos patinimus ir nuovargio po\u017eymius.<\/p>\n<\/li>\n<\/ul>\n<p class=\"\" data-start=\"825\" data-end=\"981\"><strong data-start=\"825\" data-end=\"839\">Igloo Mask<\/strong> idealiai tinka visiems odos tipams, ypa\u010d jautriai ar po proced\u016br\u0173 sudirgusiai odai. Rezultatas \u2013 gaivi, sudr\u0117kinta, \u0161velni ir atsigavusi oda.<\/p>","protected":false},"excerpt":{"rendered":"<p>Intensyvus odos v\u0117sinimas ir atk\u016brimas.<\/p>\n<p><strong>Noon Aesthetics products can only be purchased after a consultation.<\/strong><\/p>","protected":false},"featured_media":4604,"comment_status":"open","ping_status":"closed","template":"","meta":[],"product_cat":[420],"product_tag":[],"class_list":{"0":"post-4603","1":"product","2":"type-product","3":"status-publish","4":"has-post-thumbnail","6":"product_cat-veido-kaukes","7":"pa_brands-noon-aestetics","8":"pa_talpa-70ml","10":"first","11":"instock","12":"taxable","13":"shipping-taxable","14":"product-type-external"},"_links":{"self":[{"href":"https:\/\/miamedic.lt\/en\/wp-json\/wp\/v2\/product\/4603","targetHints":{"allow":["GET"]}}],"collection":[{"href":"https:\/\/miamedic.lt\/en\/wp-json\/wp\/v2\/product"}],"about":[{"href":"https:\/\/miamedic.lt\/en\/wp-json\/wp\/v2\/types\/product"}],"replies":[{"embeddable":true,"href":"https:\/\/miamedic.lt\/en\/wp-json\/wp\/v2\/comments?post=4603"}],"version-history":[{"count":1,"href":"https:\/\/miamedic.lt\/en\/wp-json\/wp\/v2\/product\/4603\/revisions"}],"predecessor-version":[{"id":4605,"href":"https:\/\/miamedic.lt\/en\/wp-json\/wp\/v2\/product\/4603\/revisions\/4605"}],"wp:featuredmedia":[{"embeddable":true,"href":"https:\/\/miamedic.lt\/en\/wp-json\/wp\/v2\/media\/4604"}],"wp:attachment":[{"href":"https:\/\/miamedic.lt\/en\/wp-json\/wp\/v2\/media?parent=4603"}],"wp:term":[{"taxonomy":"product_cat","embeddable":true,"href":"https:\/\/miamedic.lt\/en\/wp-json\/wp\/v2\/product_cat?post=4603"},{"taxonomy":"product_tag","embeddable":true,"href":"https:\/\/miamedic.lt\/en\/wp-json\/wp\/v2\/product_tag?post=4603"}],"curies":[{"name":"wp","href":"https:\/\/api.w.org\/{rel}","templated":true}]}}