{"id":4600,"date":"2025-03-24T20:39:00","date_gmt":"2025-03-24T20:39:00","guid":{"rendered":"https:\/\/miamedic.lt\/?post_type=product&#038;p=4600"},"modified":"2025-12-01T10:03:37","modified_gmt":"2025-12-01T10:03:37","slug":"retinol-charisma-plus-1-6","status":"publish","type":"product","link":"https:\/\/miamedic.lt\/en\/shop\/retinol-charisma-plus-1-6\/","title":{"rendered":"Retinol Charisma Plus 1.6%"},"content":{"rendered":"<p class=\"\" data-start=\"76\" data-end=\"152\"><strong data-start=\"76\" data-end=\"152\">Retinol Charisma Plus 1.6% \u2013 intensyvus odos atnaujinimas ir stiprinimas<\/strong><\/p>\n<p class=\"\" data-start=\"154\" data-end=\"415\">\u0160i stiprios koncentracijos priemon\u0117 veiksmingai kovoja su sen\u0117jimo po\u017eymiais, gerina odos tekst\u016br\u0105, stiprina jos strukt\u016br\u0105 ir padeda i\u0161lyginti odos ton\u0105. D\u0117l subalansuotos formul\u0117s kremas tinka vis\u0173 tip\u0173 odai, suteikdamas odai \u0161vyt\u0117jimo ir atsinaujinimo efekt\u0105.<\/p>\n<p data-start=\"417\" data-end=\"457\"><strong data-start=\"421\" data-end=\"455\">Pagrindin\u0117 veiklioji med\u017eiaga:<\/strong><\/p>\n<p class=\"\" data-start=\"458\" data-end=\"552\">\u2022 <strong data-start=\"460\" data-end=\"478\">1.6% retinolis<\/strong> \u2013 skatina odos atsinaujinim\u0105, ma\u017eina rauk\u0161les, gerina tekst\u016br\u0105 ir tonus\u0105.<\/p>\n<p data-start=\"554\" data-end=\"575\"><strong data-start=\"558\" data-end=\"573\">Usage:<\/strong><\/p>\n<p class=\"\" data-start=\"576\" data-end=\"805\">Tepkite plonu sluoksniu ant veido ir kr\u016btin\u0117s odos vakare arba kaip rekomendavo odos prie\u017ei\u016bros specialistas. Dienos metu rekomenduojama naudoti kartu su <strong data-start=\"730\" data-end=\"761\">NOON Aesthetics Brush &amp; Go\u2122<\/strong> permatomais apsauginiais milteliais su SPF.<\/p>\n<p class=\"\" data-start=\"807\" data-end=\"895\">Rezultatas \u2013 lygi, stipri, tolygaus atspalvio oda su ma\u017eiau matomais sen\u0117jimo po\u017eymiais.<\/p>","protected":false},"excerpt":{"rendered":"<p>Intensyvus odos atnaujinimas ir stiprinimas<\/p>\n<p><strong>Noon Aesthetics products can only be purchased after a consultation.<\/strong><\/p>","protected":false},"featured_media":4601,"comment_status":"open","ping_status":"closed","template":"","meta":[],"product_cat":[113,107,129],"product_tag":[],"class_list":{"0":"post-4600","1":"product","2":"type-product","3":"status-publish","4":"has-post-thumbnail","6":"product_cat-kuno-kremas","7":"product_cat-serumai","8":"product_cat-veido-kremai","9":"pa_brands-noon-aestetics","10":"pa_talpa-35g-2","12":"first","13":"instock","14":"taxable","15":"shipping-taxable","16":"product-type-external"},"_links":{"self":[{"href":"https:\/\/miamedic.lt\/en\/wp-json\/wp\/v2\/product\/4600","targetHints":{"allow":["GET"]}}],"collection":[{"href":"https:\/\/miamedic.lt\/en\/wp-json\/wp\/v2\/product"}],"about":[{"href":"https:\/\/miamedic.lt\/en\/wp-json\/wp\/v2\/types\/product"}],"replies":[{"embeddable":true,"href":"https:\/\/miamedic.lt\/en\/wp-json\/wp\/v2\/comments?post=4600"}],"version-history":[{"count":1,"href":"https:\/\/miamedic.lt\/en\/wp-json\/wp\/v2\/product\/4600\/revisions"}],"predecessor-version":[{"id":4602,"href":"https:\/\/miamedic.lt\/en\/wp-json\/wp\/v2\/product\/4600\/revisions\/4602"}],"wp:featuredmedia":[{"embeddable":true,"href":"https:\/\/miamedic.lt\/en\/wp-json\/wp\/v2\/media\/4601"}],"wp:attachment":[{"href":"https:\/\/miamedic.lt\/en\/wp-json\/wp\/v2\/media?parent=4600"}],"wp:term":[{"taxonomy":"product_cat","embeddable":true,"href":"https:\/\/miamedic.lt\/en\/wp-json\/wp\/v2\/product_cat?post=4600"},{"taxonomy":"product_tag","embeddable":true,"href":"https:\/\/miamedic.lt\/en\/wp-json\/wp\/v2\/product_tag?post=4600"}],"curies":[{"name":"wp","href":"https:\/\/api.w.org\/{rel}","templated":true}]}}