{"id":4597,"date":"2025-03-24T20:36:06","date_gmt":"2025-03-24T20:36:06","guid":{"rendered":"https:\/\/miamedic.lt\/?post_type=product&#038;p=4597"},"modified":"2025-12-01T10:03:56","modified_gmt":"2025-12-01T10:03:56","slug":"in-depth-filler-serum","status":"publish","type":"product","link":"https:\/\/miamedic.lt\/en\/shop\/in-depth-filler-serum\/","title":{"rendered":"In-depth filler serum"},"content":{"rendered":"<p class=\"\" data-start=\"71\" data-end=\"145\"><strong data-start=\"71\" data-end=\"145\">In-Depth Filler Serum \u2013 intensyvus odos stangrumo ir dr\u0117kinimo serumas<\/strong><\/p>\n<p class=\"\" data-start=\"147\" data-end=\"369\">\u0160is serumas sukurtas siekiant atkurti odos tank\u012f, elastingum\u0105 ir suteikti jai nat\u016bralaus \u0161vyt\u0117jimo. Kruop\u0161\u010diai parinkti aktyvieji komponentai stiprina odos strukt\u016br\u0105, ma\u017eina sen\u0117jimo po\u017eymius ir pagerina bendr\u0105 odos b\u016bkl\u0119.<\/p>\n<p data-start=\"371\" data-end=\"413\"><strong data-start=\"375\" data-end=\"413\">Pagrindin\u0117s veikliosios med\u017eiagos:<\/strong><\/p>\n<ul data-start=\"415\" data-end=\"944\">\n<li class=\"\" data-start=\"415\" data-end=\"497\">\n<p class=\"\" data-start=\"417\" data-end=\"497\"><strong data-start=\"417\" data-end=\"425\">MG6P<\/strong> \u2013 aktyvina kolageno ir elastino sintez\u0119, ma\u017eina odos sen\u0117jimo po\u017eymius.<\/p>\n<\/li>\n<li class=\"\" data-start=\"498\" data-end=\"680\">\n<p class=\"\" data-start=\"500\" data-end=\"680\"><strong data-start=\"500\" data-end=\"567\">Ksilino juodosios arbatos fermentas (Xylinum Black Tea Ferment)<\/strong> \u2013 \u0161viesina od\u0105, ma\u017eina \u0161iurk\u0161tum\u0105, slopina glikozilinimo procesus, suteikia odai tolyg\u0173 ton\u0105 ir sveik\u0105 blizges\u012f.<\/p>\n<\/li>\n<li class=\"\" data-start=\"681\" data-end=\"747\">\n<p class=\"\" data-start=\"683\" data-end=\"747\"><strong data-start=\"683\" data-end=\"706\">Natrio hialuronatas<\/strong> \u2013 u\u017etikrina gil\u0173 ir ilgalaik\u012f dr\u0117kinim\u0105.<\/p>\n<\/li>\n<li class=\"\" data-start=\"748\" data-end=\"846\">\n<p class=\"\" data-start=\"750\" data-end=\"846\"><strong data-start=\"750\" data-end=\"764\">Natrio PCA<\/strong> \u2013 nat\u016bralus odos dr\u0117kinamojo faktoriaus komponentas, i\u0161laikantis dr\u0117gm\u0117s balans\u0105.<\/p>\n<\/li>\n<li class=\"\" data-start=\"847\" data-end=\"944\">\n<p class=\"\" data-start=\"849\" data-end=\"944\"><strong data-start=\"849\" data-end=\"869\">TAUT tripeptidas<\/strong> \u2013 didina hialurono r\u016bg\u0161ties kiek\u012f odoje, pagerina jos stangrum\u0105 ir tonus\u0105.<\/p>\n<\/li>\n<\/ul>\n<p data-start=\"946\" data-end=\"967\"><strong data-start=\"950\" data-end=\"965\">Usage:<\/strong><\/p>\n<p class=\"\" data-start=\"968\" data-end=\"1074\">Tepkite plonu sluoksniu ant veido ir kaklo odos du kartus per dien\u0105 arba pagal specialisto rekomendacijas.<\/p>\n<p class=\"\" data-start=\"1076\" data-end=\"1149\">Rezultatas \u2013 stangresn\u0117, elastingesn\u0117, \u0161velnesn\u0117 oda su sveiku \u0161vyt\u0117jimu.<\/p>","protected":false},"excerpt":{"rendered":"<p>Intensive skin firming and hydrating serum.<\/p>\n<p><strong>Noon Aesthetics products can only be purchased after a consultation.<\/strong><\/p>","protected":false},"featured_media":4598,"comment_status":"open","ping_status":"closed","template":"","meta":[],"product_cat":[107,129],"product_tag":[],"class_list":{"0":"post-4597","1":"product","2":"type-product","3":"status-publish","4":"has-post-thumbnail","6":"product_cat-serumai","7":"product_cat-veido-kremai","8":"pa_brands-noon-aestetics","9":"pa_talpa-30ml-2","11":"first","12":"instock","13":"taxable","14":"shipping-taxable","15":"product-type-external"},"_links":{"self":[{"href":"https:\/\/miamedic.lt\/en\/wp-json\/wp\/v2\/product\/4597","targetHints":{"allow":["GET"]}}],"collection":[{"href":"https:\/\/miamedic.lt\/en\/wp-json\/wp\/v2\/product"}],"about":[{"href":"https:\/\/miamedic.lt\/en\/wp-json\/wp\/v2\/types\/product"}],"replies":[{"embeddable":true,"href":"https:\/\/miamedic.lt\/en\/wp-json\/wp\/v2\/comments?post=4597"}],"version-history":[{"count":1,"href":"https:\/\/miamedic.lt\/en\/wp-json\/wp\/v2\/product\/4597\/revisions"}],"predecessor-version":[{"id":4599,"href":"https:\/\/miamedic.lt\/en\/wp-json\/wp\/v2\/product\/4597\/revisions\/4599"}],"wp:featuredmedia":[{"embeddable":true,"href":"https:\/\/miamedic.lt\/en\/wp-json\/wp\/v2\/media\/4598"}],"wp:attachment":[{"href":"https:\/\/miamedic.lt\/en\/wp-json\/wp\/v2\/media?parent=4597"}],"wp:term":[{"taxonomy":"product_cat","embeddable":true,"href":"https:\/\/miamedic.lt\/en\/wp-json\/wp\/v2\/product_cat?post=4597"},{"taxonomy":"product_tag","embeddable":true,"href":"https:\/\/miamedic.lt\/en\/wp-json\/wp\/v2\/product_tag?post=4597"}],"curies":[{"name":"wp","href":"https:\/\/api.w.org\/{rel}","templated":true}]}}