{"id":4594,"date":"2025-03-24T20:32:05","date_gmt":"2025-03-24T20:32:05","guid":{"rendered":"https:\/\/miamedic.lt\/?post_type=product&#038;p=4594"},"modified":"2025-12-01T10:04:06","modified_gmt":"2025-12-01T10:04:06","slug":"noon-acno-solution","status":"publish","type":"product","link":"https:\/\/miamedic.lt\/en\/shop\/noon-acno-solution\/","title":{"rendered":"Noon Acno Solution"},"content":{"rendered":"<p class=\"\" data-start=\"68\" data-end=\"129\"><strong data-start=\"68\" data-end=\"129\">Noon Acno Solution \u2013 intensyvi problemin\u0117s odos prie\u017ei\u016bra<\/strong><\/p>\n<p class=\"\" data-start=\"131\" data-end=\"446\">Specialiai sukurta priemon\u0117, skirta riebios, jautrios ar sudirgusios odos prie\u017ei\u016brai. \u0160is sprendimas padeda kontroliuoti perteklin\u0119 sebumo gamyb\u0105, ma\u017eina paraudimus bei patogenini\u0173 bakterij\u0173 kiek\u012f odoje. Aktyv\u016bs ingredientai ramina sudirgusi\u0105 od\u0105, suma\u017eina jos jautrum\u0105 ir padeda palaikyti optimal\u0173 dr\u0117gm\u0117s balans\u0105.<\/p>\n<p data-start=\"448\" data-end=\"469\"><strong data-start=\"452\" data-end=\"467\">Usage:<\/strong><\/p>\n<p class=\"\" data-start=\"470\" data-end=\"602\">Plonu sluoksniu tepkite veido ar kit\u0173 problemini\u0173 viet\u0173 od\u0105 1\u20132 kartus per dien\u0105 arba kaip rekomendavo odos prie\u017ei\u016bros specialistas.<\/p>\n<p data-start=\"604\" data-end=\"624\"><strong data-start=\"608\" data-end=\"622\">\u012esp\u0117jimai:<\/strong><\/p>\n<p class=\"\" data-start=\"625\" data-end=\"807\">Skirta tik i\u0161oriniam naudojimui. Venkite patekimo \u012f akis \u2013 jei taip nutiko, kruop\u0161\u010diai nuplaukite vandeniu. Laikykite vaikams nepasiekiamoje vietoje. Sud\u0117tis nurodyta ant pakuot\u0117s.<\/p>\n<p class=\"\" data-start=\"809\" data-end=\"924\">Idealus pasirinkimas ie\u0161kantiems veiksmingos, bet \u0161velnios priemon\u0117s, padedan\u010dios kovoti su akne ir odos sudirgimu.<\/p>","protected":false},"excerpt":{"rendered":"<p>Specialiai sukurta priemon\u0117, skirta riebios, jautrios ar sudirgusios odos prie\u017ei\u016brai.<\/p>\n<p><strong>Noon Aesthetics products can only be purchased after a consultation.<\/strong><\/p>","protected":false},"featured_media":4595,"comment_status":"open","ping_status":"closed","template":"","meta":[],"product_cat":[107,129],"product_tag":[],"class_list":{"0":"post-4594","1":"product","2":"type-product","3":"status-publish","4":"has-post-thumbnail","6":"product_cat-serumai","7":"product_cat-veido-kremai","8":"pa_brands-noon-aestetics","9":"pa_talpa-30g","11":"first","12":"instock","13":"taxable","14":"shipping-taxable","15":"product-type-external"},"_links":{"self":[{"href":"https:\/\/miamedic.lt\/en\/wp-json\/wp\/v2\/product\/4594","targetHints":{"allow":["GET"]}}],"collection":[{"href":"https:\/\/miamedic.lt\/en\/wp-json\/wp\/v2\/product"}],"about":[{"href":"https:\/\/miamedic.lt\/en\/wp-json\/wp\/v2\/types\/product"}],"replies":[{"embeddable":true,"href":"https:\/\/miamedic.lt\/en\/wp-json\/wp\/v2\/comments?post=4594"}],"version-history":[{"count":1,"href":"https:\/\/miamedic.lt\/en\/wp-json\/wp\/v2\/product\/4594\/revisions"}],"predecessor-version":[{"id":4596,"href":"https:\/\/miamedic.lt\/en\/wp-json\/wp\/v2\/product\/4594\/revisions\/4596"}],"wp:featuredmedia":[{"embeddable":true,"href":"https:\/\/miamedic.lt\/en\/wp-json\/wp\/v2\/media\/4595"}],"wp:attachment":[{"href":"https:\/\/miamedic.lt\/en\/wp-json\/wp\/v2\/media?parent=4594"}],"wp:term":[{"taxonomy":"product_cat","embeddable":true,"href":"https:\/\/miamedic.lt\/en\/wp-json\/wp\/v2\/product_cat?post=4594"},{"taxonomy":"product_tag","embeddable":true,"href":"https:\/\/miamedic.lt\/en\/wp-json\/wp\/v2\/product_tag?post=4594"}],"curies":[{"name":"wp","href":"https:\/\/api.w.org\/{rel}","templated":true}]}}