{"id":4531,"date":"2025-03-20T17:59:35","date_gmt":"2025-03-20T17:59:35","guid":{"rendered":"https:\/\/miamedic.lt\/?post_type=product&#038;p=4531"},"modified":"2025-12-01T10:04:09","modified_gmt":"2025-12-01T10:04:09","slug":"in-depth-filler-cream","status":"publish","type":"product","link":"https:\/\/miamedic.lt\/en\/shop\/in-depth-filler-cream\/","title":{"rendered":"In-depth filler cream"},"content":{"rendered":"<p class=\"\" data-start=\"71\" data-end=\"138\"><strong data-start=\"71\" data-end=\"138\">In-Depth Filler Cream \u2013 intensyviai rauk\u0161les u\u017epildantis kremas<\/strong><\/p>\n<p class=\"\" data-start=\"140\" data-end=\"523\">\u0160is kremas sukurtas kovoti su odos sen\u0117jimo po\u017eymiais ir akivaizd\u017eiai suma\u017einti rauk\u0161li\u0173 gyl\u012f bei kiek\u012f. Formul\u0117 papildyta pa\u017eangiais peptidais ir aktyviais komponentais, kurie ne tik u\u017epildo rauk\u0161les, bet ir stiprina odos strukt\u016br\u0105, atkuria elastingum\u0105 bei suteikia tolyg\u0173 odos ton\u0105. Kremas taip pat giliai dr\u0117kina ir veikia kaip nat\u016brali alternatyva invazin\u0117ms u\u017epild\u0173 proced\u016broms.<\/p>\n<p class=\"\" data-start=\"987\" data-end=\"1165\"><strong data-start=\"1365\" data-end=\"1390\">In-Depth Filler Cream<\/strong> \u2013 puikus pasirinkimas brand\u017eiai odai, ie\u0161kan\u010diai intensyvaus atjauninimo, dr\u0117kinimo ir pastebimo odos glotnumo.<\/p>","protected":false},"excerpt":{"rendered":"<p>Intensyviai rauk\u0161les u\u017epildantis kremas.<\/p>\n<p><strong>Noon Aesthetics products can only be purchased after a consultation.<\/strong><\/p>","protected":false},"featured_media":12259,"comment_status":"open","ping_status":"closed","template":"","meta":[],"product_cat":[129],"product_tag":[],"class_list":{"0":"post-4531","1":"product","2":"type-product","3":"status-publish","4":"has-post-thumbnail","6":"product_cat-veido-kremai","7":"pa_brands-noon-aestetics","8":"pa_talpa-50g","10":"first","11":"instock","12":"taxable","13":"shipping-taxable","14":"product-type-external"},"_links":{"self":[{"href":"https:\/\/miamedic.lt\/en\/wp-json\/wp\/v2\/product\/4531","targetHints":{"allow":["GET"]}}],"collection":[{"href":"https:\/\/miamedic.lt\/en\/wp-json\/wp\/v2\/product"}],"about":[{"href":"https:\/\/miamedic.lt\/en\/wp-json\/wp\/v2\/types\/product"}],"replies":[{"embeddable":true,"href":"https:\/\/miamedic.lt\/en\/wp-json\/wp\/v2\/comments?post=4531"}],"version-history":[{"count":1,"href":"https:\/\/miamedic.lt\/en\/wp-json\/wp\/v2\/product\/4531\/revisions"}],"predecessor-version":[{"id":4533,"href":"https:\/\/miamedic.lt\/en\/wp-json\/wp\/v2\/product\/4531\/revisions\/4533"}],"wp:featuredmedia":[{"embeddable":true,"href":"https:\/\/miamedic.lt\/en\/wp-json\/wp\/v2\/media\/12259"}],"wp:attachment":[{"href":"https:\/\/miamedic.lt\/en\/wp-json\/wp\/v2\/media?parent=4531"}],"wp:term":[{"taxonomy":"product_cat","embeddable":true,"href":"https:\/\/miamedic.lt\/en\/wp-json\/wp\/v2\/product_cat?post=4531"},{"taxonomy":"product_tag","embeddable":true,"href":"https:\/\/miamedic.lt\/en\/wp-json\/wp\/v2\/product_tag?post=4531"}],"curies":[{"name":"wp","href":"https:\/\/api.w.org\/{rel}","templated":true}]}}