{"id":4525,"date":"2025-03-20T17:53:15","date_gmt":"2025-03-20T17:53:15","guid":{"rendered":"https:\/\/miamedic.lt\/?post_type=product&#038;p=4525"},"modified":"2025-12-01T10:04:24","modified_gmt":"2025-12-01T10:04:24","slug":"noon-brushgo-spf50","status":"publish","type":"product","link":"https:\/\/miamedic.lt\/en\/shop\/noon-brushgo-spf50\/","title":{"rendered":"Noon Brush&amp;Go SPF50"},"content":{"rendered":"<p class=\"\" data-start=\"129\" data-end=\"379\"><strong data-start=\"129\" data-end=\"149\">Brush&amp;Go\u2122 SPF 50<\/strong> \u2013 patogus ir lengvai naudojamas produktas, sukurtas kasdieniam naudojimui. U\u017etikrina patikim\u0105 apsaug\u0105 nuo \u017ealing\u0173 UVA, UVB ir infraraudon\u0173j\u0173 (IR) spinduli\u0173, padeda i\u0161vengti saul\u0117s sukelto odos pa\u017eeidimo ir prie\u0161laikinio sen\u0117jimo.<\/p>\n<p data-start=\"381\" data-end=\"402\"><strong data-start=\"385\" data-end=\"400\">Usage:<\/strong><\/p>\n<ol data-start=\"403\" data-end=\"951\">\n<li class=\"\" data-start=\"403\" data-end=\"474\">\n<p class=\"\" data-start=\"406\" data-end=\"474\">Atsukite dangtel\u012f ir \u012fd\u0117kite papildymo talpykl\u0105 \u012f \u0161epet\u0117lio dugn\u0105.<\/p>\n<\/li>\n<li class=\"\" data-start=\"475\" data-end=\"538\">\n<p class=\"\" data-start=\"478\" data-end=\"538\">\u012esukite indel\u012f, kol pajusite, kad jis tvirtai u\u017efiksuotas.<\/p>\n<\/li>\n<li class=\"\" data-start=\"539\" data-end=\"582\">\n<p class=\"\" data-start=\"542\" data-end=\"582\">Nuimkite \u0161epet\u0117lio vir\u0161utin\u012f dangtel\u012f.<\/p>\n<\/li>\n<li class=\"\" data-start=\"583\" data-end=\"638\">\n<p class=\"\" data-start=\"586\" data-end=\"638\">Pasukite \u0161epet\u0117lio pagrind\u0105 \u012f \u201eatrakinimo\u201c pad\u0117t\u012f.<\/p>\n<\/li>\n<li class=\"\" data-start=\"639\" data-end=\"758\">\n<p class=\"\" data-start=\"642\" data-end=\"758\">Reguliuokite pudros kiek\u012f pusiau pasukdami pagrind\u0105 \u2013 pilnas apsukimas leis i\u0161siskirti didesniam produkto kiekiui.<\/p>\n<\/li>\n<li class=\"\" data-start=\"759\" data-end=\"871\">\n<p class=\"\" data-start=\"762\" data-end=\"871\">Lengvai pakratykite \u0161epet\u0117l\u012f auk\u0161tyn kojomis ir tolygiai paskirstykite pudr\u0105 ant odos prie\u0161 einant \u012f saul\u0119.<\/p>\n<\/li>\n<li class=\"\" data-start=\"872\" data-end=\"951\">\n<p class=\"\" data-start=\"875\" data-end=\"951\">Siekiant u\u017etikrinti maksimali\u0105 apsaug\u0105, pakartotinai tepkite kas 2 valandas.<\/p>\n<\/li>\n<\/ol>\n<p class=\"\" data-start=\"953\" data-end=\"1043\">Prakti\u0161kas ir greitas b\u016bdas apsaugoti od\u0105 dienos eigoje, ypa\u010d patogu naudoti vir\u0161 makia\u017eo!<\/p>\n<p class=\"\" data-start=\"987\" data-end=\"1165\">","protected":false},"excerpt":{"rendered":"<p>Brush&amp;Go\u2122 SPF 50 \u2013 kasdien\u0117 odos apsauga nuo saul\u0117s<\/p>\n<p><strong>Noon Aesthetics products can only be purchased after a consultation.<\/strong><\/p>","protected":false},"featured_media":12257,"comment_status":"open","ping_status":"closed","template":"","meta":[],"product_cat":[153],"product_tag":[],"class_list":{"0":"post-4525","1":"product","2":"type-product","3":"status-publish","4":"has-post-thumbnail","6":"product_cat-spf-veido-prieziura","7":"pa_brands-noon-aestetics","8":"pa_talpa-10g","10":"first","11":"instock","12":"taxable","13":"shipping-taxable","14":"product-type-external"},"_links":{"self":[{"href":"https:\/\/miamedic.lt\/en\/wp-json\/wp\/v2\/product\/4525","targetHints":{"allow":["GET"]}}],"collection":[{"href":"https:\/\/miamedic.lt\/en\/wp-json\/wp\/v2\/product"}],"about":[{"href":"https:\/\/miamedic.lt\/en\/wp-json\/wp\/v2\/types\/product"}],"replies":[{"embeddable":true,"href":"https:\/\/miamedic.lt\/en\/wp-json\/wp\/v2\/comments?post=4525"}],"version-history":[{"count":3,"href":"https:\/\/miamedic.lt\/en\/wp-json\/wp\/v2\/product\/4525\/revisions"}],"predecessor-version":[{"id":6409,"href":"https:\/\/miamedic.lt\/en\/wp-json\/wp\/v2\/product\/4525\/revisions\/6409"}],"wp:featuredmedia":[{"embeddable":true,"href":"https:\/\/miamedic.lt\/en\/wp-json\/wp\/v2\/media\/12257"}],"wp:attachment":[{"href":"https:\/\/miamedic.lt\/en\/wp-json\/wp\/v2\/media?parent=4525"}],"wp:term":[{"taxonomy":"product_cat","embeddable":true,"href":"https:\/\/miamedic.lt\/en\/wp-json\/wp\/v2\/product_cat?post=4525"},{"taxonomy":"product_tag","embeddable":true,"href":"https:\/\/miamedic.lt\/en\/wp-json\/wp\/v2\/product_tag?post=4525"}],"curies":[{"name":"wp","href":"https:\/\/api.w.org\/{rel}","templated":true}]}}