{"id":4521,"date":"2025-03-20T17:34:38","date_gmt":"2025-03-20T17:34:38","guid":{"rendered":"https:\/\/miamedic.lt\/?post_type=product&#038;p=4521"},"modified":"2025-12-01T10:04:30","modified_gmt":"2025-12-01T10:04:30","slug":"noon-lacto-10","status":"publish","type":"product","link":"https:\/\/miamedic.lt\/en\/shop\/noon-lacto-10\/","title":{"rendered":"Noon lacto-10"},"content":{"rendered":"<p class=\"\" data-start=\"102\" data-end=\"459\"><strong data-start=\"102\" data-end=\"114\">Lacto-10<\/strong> \u2013 tai vienas veiksmingiausi\u0173 krem\u0173, skatinan\u010di\u0173 odos atsinaujinim\u0105, tobulinant\u012f jos tekst\u016br\u0105, i\u0161lyginant\u012f atspalv\u012f ir atkuriant\u012f dr\u0117gm\u0117s balans\u0105. D\u0117l unikalios <strong data-start=\"275\" data-end=\"290\">DermShield\u2122<\/strong> technologijos su auk\u0161ta 10% pieno r\u016bg\u0161ties koncentracija (pH 3.5), kremas tinka vis\u0173 tip\u0173 odai ir gali b\u016bti naudojamas i\u0161tisus metus nesukeliant sudirgimo ar sausumo.<\/p>\n<p class=\"\" data-start=\"461\" data-end=\"473\">Produktas:<\/p>\n<ul data-start=\"474\" data-end=\"670\">\n<li class=\"\" data-start=\"474\" data-end=\"514\">\n<p class=\"\" data-start=\"476\" data-end=\"514\">Greitai \u012fsigeria, be aliej\u0173 sud\u0117tyje<\/p>\n<\/li>\n<li class=\"\" data-start=\"515\" data-end=\"544\">\n<p class=\"\" data-start=\"517\" data-end=\"544\">Tinka naudoti aplink akis<\/p>\n<\/li>\n<li class=\"\" data-start=\"545\" data-end=\"627\">\n<p class=\"\" data-start=\"547\" data-end=\"627\">Puikiai dera su kitomis odos prie\u017ei\u016bros priemon\u0117mis bei medicininiais tepalais<\/p>\n<\/li>\n<li class=\"\" data-start=\"628\" data-end=\"670\">\n<p class=\"\" data-start=\"630\" data-end=\"670\">Saugus naudoti n\u0117\u0161tumo metu ir \u017eindant<\/p>\n<\/li>\n<\/ul>\n<p class=\"\" data-start=\"672\" data-end=\"932\"><strong data-start=\"672\" data-end=\"687\">Usage:<\/strong><br data-start=\"687\" data-end=\"690\" \/>Tepkite plonu sluoksniu ant veido ir kaklo odos iki 2 kart\u0173 per dien\u0105 arba kaip rekomendavo J\u016bs\u0173 odos prie\u017ei\u016bros specialistas. Dienos metu rekomenduojame naudoti kartu su <strong data-start=\"861\" data-end=\"891\">NOON Aesthetics Brush &amp; Go<\/strong> apsauginiais milteliais su SPF filtrais.<\/p>\n<p class=\"\" data-start=\"987\" data-end=\"1165\">Kvie\u010diame apsilankyti <em data-start=\"1009\" data-end=\"1019\">MiaMedic<\/em> klinikoje, pasikonsultuoti su m\u016bs\u0173 NOON specialistais ir \u012fsigyti produkt\u0173 vietoje: <a href=\"https:\/\/miamedic.lt\/en\/konsultacija\/\" target=\"_new\" rel=\"noopener\" data-start=\"1103\" data-end=\"1165\" data-is-last-node=\"\">Registracija konsultacijai<\/a><\/p>","protected":false},"excerpt":{"rendered":"<p>Intensyvaus poveikio kremas vis\u0173 tip\u0173 odai.<\/p>\n<p><strong>Noon Aesthetics products can only be purchased after a consultation.<\/strong><\/p>","protected":false},"featured_media":4522,"comment_status":"open","ping_status":"closed","template":"","meta":[],"product_cat":[129],"product_tag":[],"class_list":{"0":"post-4521","1":"product","2":"type-product","3":"status-publish","4":"has-post-thumbnail","6":"product_cat-veido-kremai","7":"pa_brands-noon-aestetics","8":"pa_talpa-50g","10":"first","11":"instock","12":"taxable","13":"shipping-taxable","14":"product-type-external"},"_links":{"self":[{"href":"https:\/\/miamedic.lt\/en\/wp-json\/wp\/v2\/product\/4521","targetHints":{"allow":["GET"]}}],"collection":[{"href":"https:\/\/miamedic.lt\/en\/wp-json\/wp\/v2\/product"}],"about":[{"href":"https:\/\/miamedic.lt\/en\/wp-json\/wp\/v2\/types\/product"}],"replies":[{"embeddable":true,"href":"https:\/\/miamedic.lt\/en\/wp-json\/wp\/v2\/comments?post=4521"}],"version-history":[{"count":2,"href":"https:\/\/miamedic.lt\/en\/wp-json\/wp\/v2\/product\/4521\/revisions"}],"predecessor-version":[{"id":4524,"href":"https:\/\/miamedic.lt\/en\/wp-json\/wp\/v2\/product\/4521\/revisions\/4524"}],"wp:featuredmedia":[{"embeddable":true,"href":"https:\/\/miamedic.lt\/en\/wp-json\/wp\/v2\/media\/4522"}],"wp:attachment":[{"href":"https:\/\/miamedic.lt\/en\/wp-json\/wp\/v2\/media?parent=4521"}],"wp:term":[{"taxonomy":"product_cat","embeddable":true,"href":"https:\/\/miamedic.lt\/en\/wp-json\/wp\/v2\/product_cat?post=4521"},{"taxonomy":"product_tag","embeddable":true,"href":"https:\/\/miamedic.lt\/en\/wp-json\/wp\/v2\/product_tag?post=4521"}],"curies":[{"name":"wp","href":"https:\/\/api.w.org\/{rel}","templated":true}]}}