{"id":4503,"date":"2025-03-20T16:56:52","date_gmt":"2025-03-20T16:56:52","guid":{"rendered":"https:\/\/miamedic.lt\/?post_type=product&#038;p=4503"},"modified":"2026-03-02T10:54:25","modified_gmt":"2026-03-02T10:54:25","slug":"extreme-protect-spf40","status":"publish","type":"product","link":"https:\/\/miamedic.lt\/en\/shop\/extreme-protect-spf40\/","title":{"rendered":"EXTREME PROTECT SPF40"},"content":{"rendered":"<p class=\"\" data-start=\"78\" data-end=\"480\">iS Clinical inovatyvus plataus spektro apsauginis kremas, kuris ne tik saugo nuo \u017ealing\u0173 saul\u0117s spinduli\u0173, bet ir aktyviai r\u016bpinasi odos sveikata. Unikalioje formul\u0117je dera patentuota <strong data-start=\"250\" data-end=\"266\">Extremozyme\u00ae<\/strong> technologija ir mikronizuoti skaidr\u016bs fiziniai filtrai \u2013 cinko oksidas bei titano dioksidas. \u0160is kremas efektyviai apsaugo nuo UVA\/UVB spinduli\u0173, saugo od\u0105 nuo laisv\u0173j\u0173 radikal\u0173, dr\u0117kina bei stiprina odos barjer\u0105.<\/p>\n<p data-start=\"482\" data-end=\"500\"><strong data-start=\"486\" data-end=\"498\">Effect<\/strong><\/p>\n<p class=\"\" data-start=\"501\" data-end=\"859\">\u2022 Skaidr\u016bs fiziniai filtrai patikimai saugo nuo saul\u0117s spinduli\u0173<br data-start=\"565\" data-end=\"568\" \/>\u2022 Apsaugo nuo UVA\/UVB spinduli\u0173 plataus spektro<br data-start=\"615\" data-end=\"618\" \/>\u2022 <strong data-start=\"620\" data-end=\"636\">Extremozyme\u00ae<\/strong> technologija apsaugo nuo aplinkos \u017ealos<br data-start=\"676\" data-end=\"679\" \/>\u2022 Sukuria stipr\u0173 antioksidacin\u012f apsaugin\u012f sluoksn\u012f<br data-start=\"729\" data-end=\"732\" data-is-only-node=\"\" \/>\u2022 U\u017ekerta keli\u0105 fotosen\u0117jimui, ma\u017eina odos v\u0117\u017eio rizik\u0105<br data-start=\"787\" data-end=\"790\" \/>\u2022 Galima rinktis i\u0161 3 atspalvi\u0173<br data-start=\"821\" data-end=\"824\" \/>\u2022 Be paraben\u0173, atsparus vandeniui<\/p>\n<p class=\"\" data-start=\"861\" data-end=\"1000\">Ideali priemon\u0117 kasdieninei apsaugai ir odos prie\u017ei\u016brai \u2013 u\u017etikrina ne tik efektyvi\u0105 apsaug\u0105, bet ir intensyv\u0173 dr\u0117kinim\u0105 bei odos komfort\u0105.<\/p>\n<p data-start=\"861\" data-end=\"1000\"><strong>Usage:<\/strong><\/p>\n<div class=\"page\" title=\"Page 38\">\n<div class=\"section\">\n<div class=\"layoutArea\">\n<div class=\"column\">\n<p>Pries\u030c is\u030ceinant i\u0328 saule\u0328, uz\u030ctepkite pakankama\u0328 kieki\u0328 kremo ir tolygiai paskirstykite. Pakartotinai taikykite pagal poreiki\u0328 arba po plaukimo, aktyvaus prakaitavimo ar prausimosi.<\/p>\n<\/div>\n<\/div>\n<\/div>\n<\/div>","protected":false},"excerpt":{"rendered":"<p>Inovatyvus plataus spektro apsauginis kremas, kuris ne tik saugo nuo \u017ealing\u0173 saul\u0117s spinduli\u0173, bet ir aktyviai r\u016bpinasi odos sveikata.<\/p>","protected":false},"featured_media":4504,"comment_status":"open","ping_status":"closed","template":"","meta":[],"product_cat":[448,417,181,153],"product_tag":[],"class_list":{"0":"post-4503","1":"product","2":"type-product","3":"status-publish","4":"has-post-thumbnail","6":"product_cat-is-clinical-ir-circadia","7":"product_cat-is-clinical-ir-valmont","8":"product_cat-makiazo-pagrindas","9":"product_cat-spf-veido-prieziura","10":"pa_brands-is-clinical","11":"pa_talpa-100g","13":"first","14":"instock","15":"taxable","16":"shipping-taxable","17":"purchasable","18":"product-type-variable"},"_links":{"self":[{"href":"https:\/\/miamedic.lt\/en\/wp-json\/wp\/v2\/product\/4503","targetHints":{"allow":["GET"]}}],"collection":[{"href":"https:\/\/miamedic.lt\/en\/wp-json\/wp\/v2\/product"}],"about":[{"href":"https:\/\/miamedic.lt\/en\/wp-json\/wp\/v2\/types\/product"}],"replies":[{"embeddable":true,"href":"https:\/\/miamedic.lt\/en\/wp-json\/wp\/v2\/comments?post=4503"}],"version-history":[{"count":5,"href":"https:\/\/miamedic.lt\/en\/wp-json\/wp\/v2\/product\/4503\/revisions"}],"predecessor-version":[{"id":12565,"href":"https:\/\/miamedic.lt\/en\/wp-json\/wp\/v2\/product\/4503\/revisions\/12565"}],"wp:featuredmedia":[{"embeddable":true,"href":"https:\/\/miamedic.lt\/en\/wp-json\/wp\/v2\/media\/4504"}],"wp:attachment":[{"href":"https:\/\/miamedic.lt\/en\/wp-json\/wp\/v2\/media?parent=4503"}],"wp:term":[{"taxonomy":"product_cat","embeddable":true,"href":"https:\/\/miamedic.lt\/en\/wp-json\/wp\/v2\/product_cat?post=4503"},{"taxonomy":"product_tag","embeddable":true,"href":"https:\/\/miamedic.lt\/en\/wp-json\/wp\/v2\/product_tag?post=4503"}],"curies":[{"name":"wp","href":"https:\/\/api.w.org\/{rel}","templated":true}]}}