{"id":4500,"date":"2025-03-20T16:42:15","date_gmt":"2025-03-20T16:42:15","guid":{"rendered":"https:\/\/miamedic.lt\/?post_type=product&#038;p=4500"},"modified":"2026-03-02T10:54:36","modified_gmt":"2026-03-02T10:54:36","slug":"extreme-protect-spf-30","status":"publish","type":"product","link":"https:\/\/miamedic.lt\/en\/shop\/extreme-protect-spf-30\/","title":{"rendered":"EXTREME PROTECT SPF 30"},"content":{"rendered":"<p class=\"\" data-start=\"446\" data-end=\"930\"><strong>iS Clinical EXTREME PROTECT SPF 30<\/strong> &#8211; Daugiafunkcis apsauginis kremas ne tik efektyviai saugo od\u0105 nuo \u017ealing\u0173 UVA\/UVB spinduli\u0173, bet ir pasi\u017eymi stipriomis atkuriamosiomis savyb\u0117mis. Formul\u0117je esanti <strong data-start=\"634\" data-end=\"650\">Extremozyme\u00ae<\/strong> technologija kartu su antioksidant\u0173 kompleksu apsaugo nuo oksidacinio streso, stiprina odos barjer\u0105, skatina kolageno regeneracij\u0105 ir ma\u017eina rauk\u0161li\u0173 bei paraudim\u0173 atsiradim\u0105. Ideali priemon\u0117 kasdienei odos prie\u017ei\u016brai, norint i\u0161laikyti sveik\u0105 ir jaunatvi\u0161k\u0105 i\u0161vaizd\u0105.<\/p>\n<p data-start=\"45\" data-end=\"63\"><strong data-start=\"49\" data-end=\"61\">Effect<\/strong><\/p>\n<p class=\"\" data-start=\"64\" data-end=\"470\">\u2022 Klini\u0161kai \u012frodyta l\u0105steli\u0173 DNR apsauga ir atk\u016brimas su <strong data-start=\"121\" data-end=\"137\">Extremozyme\u00ae<\/strong> technologija<br data-start=\"150\" data-end=\"153\" \/>\u2022 Saugo ir padeda atkurti kolageno strukt\u016br\u0105<br data-start=\"197\" data-end=\"200\" \/>\u2022 Ma\u017eina eritem\u0105 ir saul\u0117s nudegim\u0173 po\u017eymius<br data-start=\"244\" data-end=\"247\" \/>\u2022 Suma\u017eina smulki\u0173 ir gili\u0173 rauk\u0161li\u0173 atsiradim\u0105<br data-start=\"294\" data-end=\"297\" \/>\u2022 Intensyviai dr\u0117kina, mink\u0161tina ir lygina od\u0105<br data-start=\"343\" data-end=\"346\" \/>\u2022 Sukuria stipr\u0173 antioksidacin\u012f apsaugin\u012f barjer\u0105<br data-start=\"395\" data-end=\"398\" \/>\u2022 U\u017etikrina piln\u0105 UVA\/UVB spinduli\u0173 apsaug\u0105<br data-start=\"441\" data-end=\"444\" \/>\u2022 Sud\u0117tyje n\u0117ra paraben\u0173<\/p>\n<p data-start=\"585\" data-end=\"967\"><strong>Usage:<\/strong><\/p>\n<div class=\"page\" title=\"Page 11\">\n<div class=\"section\">\n<div class=\"layoutArea\">\n<div class=\"column\">\n<div class=\"page\" title=\"Page 16\">\n<div class=\"section\">\n<div class=\"layoutArea\">\n<div class=\"column\">\n<div class=\"page\" title=\"Page 21\">\n<div class=\"section\">\n<div class=\"layoutArea\">\n<div class=\"column\">\n<div class=\"page\" title=\"Page 22\">\n<div class=\"section\">\n<div class=\"layoutArea\">\n<div class=\"column\">\n<div class=\"page\" title=\"Page 23\">\n<div class=\"section\">\n<div class=\"layoutArea\">\n<div class=\"column\">\n<div class=\"page\" title=\"Page 24\">\n<div class=\"section\">\n<div class=\"layoutArea\">\n<div class=\"column\">\n<div class=\"page\" title=\"Page 25\">\n<div class=\"section\">\n<div class=\"layoutArea\">\n<div class=\"column\">\n<div class=\"page\" title=\"Page 26\">\n<div class=\"section\">\n<div class=\"layoutArea\">\n<div class=\"column\">\n<div class=\"page\" title=\"Page 27\">\n<div class=\"section\">\n<div class=\"layoutArea\">\n<div class=\"column\">\n<div class=\"page\" title=\"Page 28\">\n<div class=\"section\">\n<div class=\"layoutArea\">\n<div class=\"column\">\n<div class=\"page\" title=\"Page 29\">\n<div class=\"section\">\n<div class=\"layoutArea\">\n<div class=\"column\">\n<div class=\"page\" title=\"Page 30\">\n<div class=\"section\">\n<div class=\"layoutArea\">\n<div class=\"column\">\n<div class=\"page\" title=\"Page 34\">\n<div class=\"section\">\n<div class=\"layoutArea\">\n<div class=\"column\">\n<div class=\"page\" title=\"Page 35\">\n<div class=\"section\">\n<div class=\"layoutArea\">\n<div class=\"column\">\n<div class=\"page\" title=\"Page 37\">\n<div class=\"section\">\n<div class=\"layoutArea\">\n<div class=\"column\">\n<p>Pries\u030c is\u030ceidami i\u0328 saule\u0328 uz\u030ctepkite pakankama\u0328 kieki\u0328 kremo ir esant poreikiui, uz\u030ctepkite dar karta\u0328.<\/p>\n<\/div>\n<\/div>\n<\/div>\n<\/div>\n<\/div>\n<\/div>\n<\/div>\n<\/div>\n<\/div>\n<\/div>\n<\/div>\n<\/div>\n<\/div>\n<\/div>\n<\/div>\n<\/div>\n<\/div>\n<\/div>\n<\/div>\n<\/div>\n<\/div>\n<\/div>\n<\/div>\n<\/div>\n<\/div>\n<\/div>\n<\/div>\n<\/div>\n<\/div>\n<\/div>\n<\/div>\n<\/div>\n<\/div>\n<\/div>\n<\/div>\n<\/div>\n<\/div>\n<\/div>\n<\/div>\n<\/div>\n<\/div>\n<\/div>\n<\/div>\n<\/div>\n<\/div>\n<\/div>\n<\/div>\n<\/div>\n<\/div>\n<\/div>\n<\/div>\n<\/div>\n<\/div>\n<\/div>\n<\/div>\n<\/div>\n<\/div>\n<\/div>\n<\/div>\n<\/div>","protected":false},"excerpt":{"rendered":"<p>Daugiafunkcis apsauginis kremas, saugantis od\u0105 nuo \u017ealing\u0173 UVA\/UVB spinduli\u0173 ir pasi\u017eymi stipriomis atkuriamosiomis savyb\u0117mis.<\/p>","protected":false},"featured_media":4501,"comment_status":"open","ping_status":"closed","template":"","meta":[],"product_cat":[448,417,153],"product_tag":[],"class_list":{"0":"post-4500","1":"product","2":"type-product","3":"status-publish","4":"has-post-thumbnail","6":"product_cat-is-clinical-ir-circadia","7":"product_cat-is-clinical-ir-valmont","8":"product_cat-spf-veido-prieziura","9":"pa_brands-is-clinical","10":"pa_talpa-100g","12":"first","13":"instock","14":"taxable","15":"shipping-taxable","16":"purchasable","17":"product-type-simple"},"_links":{"self":[{"href":"https:\/\/miamedic.lt\/en\/wp-json\/wp\/v2\/product\/4500","targetHints":{"allow":["GET"]}}],"collection":[{"href":"https:\/\/miamedic.lt\/en\/wp-json\/wp\/v2\/product"}],"about":[{"href":"https:\/\/miamedic.lt\/en\/wp-json\/wp\/v2\/types\/product"}],"replies":[{"embeddable":true,"href":"https:\/\/miamedic.lt\/en\/wp-json\/wp\/v2\/comments?post=4500"}],"version-history":[{"count":3,"href":"https:\/\/miamedic.lt\/en\/wp-json\/wp\/v2\/product\/4500\/revisions"}],"predecessor-version":[{"id":12873,"href":"https:\/\/miamedic.lt\/en\/wp-json\/wp\/v2\/product\/4500\/revisions\/12873"}],"wp:featuredmedia":[{"embeddable":true,"href":"https:\/\/miamedic.lt\/en\/wp-json\/wp\/v2\/media\/4501"}],"wp:attachment":[{"href":"https:\/\/miamedic.lt\/en\/wp-json\/wp\/v2\/media?parent=4500"}],"wp:term":[{"taxonomy":"product_cat","embeddable":true,"href":"https:\/\/miamedic.lt\/en\/wp-json\/wp\/v2\/product_cat?post=4500"},{"taxonomy":"product_tag","embeddable":true,"href":"https:\/\/miamedic.lt\/en\/wp-json\/wp\/v2\/product_tag?post=4500"}],"curies":[{"name":"wp","href":"https:\/\/api.w.org\/{rel}","templated":true}]}}