{"id":4491,"date":"2025-03-20T16:35:29","date_gmt":"2025-03-20T16:35:29","guid":{"rendered":"https:\/\/miamedic.lt\/?post_type=product&#038;p=4491"},"modified":"2026-03-02T10:54:44","modified_gmt":"2026-03-02T10:54:44","slug":"sheald-recovery-balm","status":"publish","type":"product","link":"https:\/\/miamedic.lt\/en\/shop\/sheald-recovery-balm\/","title":{"rendered":"SHEALD RECOVERY BALM"},"content":{"rendered":"<p class=\"product_title entry-title\"><strong>is Clinical SHEALD RECOVERY balzamas<\/strong><\/p>\n<p class=\"\" data-start=\"446\" data-end=\"930\">Subalansuota atkuriamojo balzamo formul\u0117 sukurta tam, kad intensyviai dr\u0117kint\u0173, ramint\u0173 ir apsaugot\u0173 pa\u017eeist\u0105 od\u0105. Priemon\u0117 pagreitina odos gijimo proces\u0105 po nudegim\u0173, invazini\u0173 ar kosmetini\u0173 proced\u016br\u0173, ma\u017eina u\u017edegim\u0105 ir diskomfort\u0105, saugo nuo kiet\u0173 plut\u0173 ar rand\u0173 susidarymo. Tinka jautriai, sausai ar linkusiai \u012f sudirgimus odai.<\/p>\n<p data-start=\"45\" data-end=\"63\"><strong data-start=\"49\" data-end=\"61\">Effect<\/strong><\/p>\n<p class=\"\" data-start=\"64\" data-end=\"413\">\u2022 Sukuria apsaugin\u012f antimikrobin\u012f barjer\u0105<br data-start=\"105\" data-end=\"108\" \/>\u2022 Neleid\u017eia formuotis plutoms pa\u017eeistoje odos vietoje<br data-start=\"161\" data-end=\"164\" \/>\u2022 U\u017etikrina intensyv\u0173 dr\u0117kinim\u0105 ir apsaug\u0105 esant \u0161altam ar sausam orui<br data-start=\"234\" data-end=\"237\" \/>\u2022 Skatina greit\u0105 odos gijim\u0105 po \u012fvairi\u0173 traum\u0173 ir proced\u016br\u0173<br data-start=\"296\" data-end=\"299\" \/>\u2022 Ramina sudirgusi\u0105 od\u0105, ma\u017eina nie\u017e\u0117jim\u0105 ir diskomfort\u0105<br data-start=\"355\" data-end=\"358\" \/>\u2022 Mink\u0161tina, dr\u0117kina ir atkuria saus\u0105 bei jautri\u0105 od\u0105<\/p>\n<p data-start=\"585\" data-end=\"967\"><strong>Usage:<\/strong><\/p>\n<div class=\"page\" title=\"Page 11\">\n<div class=\"section\">\n<div class=\"layoutArea\">\n<div class=\"column\">\n<div class=\"page\" title=\"Page 16\">\n<div class=\"section\">\n<div class=\"layoutArea\">\n<div class=\"column\">\n<div class=\"page\" title=\"Page 21\">\n<div class=\"section\">\n<div class=\"layoutArea\">\n<div class=\"column\">\n<div class=\"page\" title=\"Page 22\">\n<div class=\"section\">\n<div class=\"layoutArea\">\n<div class=\"column\">\n<div class=\"page\" title=\"Page 23\">\n<div class=\"section\">\n<div class=\"layoutArea\">\n<div class=\"column\">\n<div class=\"page\" title=\"Page 24\">\n<div class=\"section\">\n<div class=\"layoutArea\">\n<div class=\"column\">\n<div class=\"page\" title=\"Page 25\">\n<div class=\"section\">\n<div class=\"layoutArea\">\n<div class=\"column\">\n<div class=\"page\" title=\"Page 26\">\n<div class=\"section\">\n<div class=\"layoutArea\">\n<div class=\"column\">\n<div class=\"page\" title=\"Page 27\">\n<div class=\"section\">\n<div class=\"layoutArea\">\n<div class=\"column\">\n<div class=\"page\" title=\"Page 28\">\n<div class=\"section\">\n<div class=\"layoutArea\">\n<div class=\"column\">\n<div class=\"page\" title=\"Page 29\">\n<div class=\"section\">\n<div class=\"layoutArea\">\n<div class=\"column\">\n<div class=\"page\" title=\"Page 30\">\n<div class=\"section\">\n<div class=\"layoutArea\">\n<div class=\"column\">\n<div class=\"page\" title=\"Page 36\">\n<div class=\"section\">\n<div class=\"layoutArea\">\n<div class=\"column\">\n<p>Ant nuvalytos odos uz\u030ctepkite pakankamu balzamo kiekiu. Po procedu\u0304rine\u0307 slaugoje jis naudojamas esant bu\u0304tinybei pas\u030calinti diskomforta\u0328 ar pasiekti norima\u0328 rezultata\u0328.<\/p>\n<\/div>\n<\/div>\n<\/div>\n<\/div>\n<\/div>\n<\/div>\n<\/div>\n<\/div>\n<\/div>\n<\/div>\n<\/div>\n<\/div>\n<\/div>\n<\/div>\n<\/div>\n<\/div>\n<\/div>\n<\/div>\n<\/div>\n<\/div>\n<\/div>\n<\/div>\n<\/div>\n<\/div>\n<\/div>\n<\/div>\n<\/div>\n<\/div>\n<\/div>\n<\/div>\n<\/div>\n<\/div>\n<\/div>\n<\/div>\n<\/div>\n<\/div>\n<\/div>\n<\/div>\n<\/div>\n<\/div>\n<\/div>\n<\/div>\n<\/div>\n<\/div>\n<\/div>\n<\/div>\n<\/div>\n<\/div>\n<\/div>\n<\/div>\n<\/div>\n<\/div>","protected":false},"excerpt":{"rendered":"<p>Lengvos tekst\u016bros serumas, kuris intensyviai dr\u0117kina, skatina nat\u016brali\u0105 hialurono r\u016bg\u0161ties gamyb\u0105 ir ramina od\u0105.<\/p>","protected":false},"featured_media":4496,"comment_status":"open","ping_status":"closed","template":"","meta":[],"product_cat":[448,417,129],"product_tag":[],"class_list":{"0":"post-4491","1":"product","2":"type-product","3":"status-publish","4":"has-post-thumbnail","6":"product_cat-is-clinical-ir-circadia","7":"product_cat-is-clinical-ir-valmont","8":"product_cat-veido-kremai","9":"pa_brands-is-clinical","10":"pa_talpa-15g","11":"pa_talpa-60g","13":"first","14":"instock","15":"taxable","16":"shipping-taxable","17":"purchasable","18":"product-type-variable"},"_links":{"self":[{"href":"https:\/\/miamedic.lt\/en\/wp-json\/wp\/v2\/product\/4491","targetHints":{"allow":["GET"]}}],"collection":[{"href":"https:\/\/miamedic.lt\/en\/wp-json\/wp\/v2\/product"}],"about":[{"href":"https:\/\/miamedic.lt\/en\/wp-json\/wp\/v2\/types\/product"}],"replies":[{"embeddable":true,"href":"https:\/\/miamedic.lt\/en\/wp-json\/wp\/v2\/comments?post=4491"}],"version-history":[{"count":1,"href":"https:\/\/miamedic.lt\/en\/wp-json\/wp\/v2\/product\/4491\/revisions"}],"predecessor-version":[{"id":4499,"href":"https:\/\/miamedic.lt\/en\/wp-json\/wp\/v2\/product\/4491\/revisions\/4499"}],"wp:featuredmedia":[{"embeddable":true,"href":"https:\/\/miamedic.lt\/en\/wp-json\/wp\/v2\/media\/4496"}],"wp:attachment":[{"href":"https:\/\/miamedic.lt\/en\/wp-json\/wp\/v2\/media?parent=4491"}],"wp:term":[{"taxonomy":"product_cat","embeddable":true,"href":"https:\/\/miamedic.lt\/en\/wp-json\/wp\/v2\/product_cat?post=4491"},{"taxonomy":"product_tag","embeddable":true,"href":"https:\/\/miamedic.lt\/en\/wp-json\/wp\/v2\/product_tag?post=4491"}],"curies":[{"name":"wp","href":"https:\/\/api.w.org\/{rel}","templated":true}]}}