{"id":4487,"date":"2025-03-20T16:29:48","date_gmt":"2025-03-20T16:29:48","guid":{"rendered":"https:\/\/miamedic.lt\/?post_type=product&#038;p=4487"},"modified":"2026-03-02T10:54:52","modified_gmt":"2026-03-02T10:54:52","slug":"moisture-emulsion","status":"publish","type":"product","link":"https:\/\/miamedic.lt\/en\/shop\/moisture-emulsion\/","title":{"rendered":"REPARATIVE MOISTURE EMULSION"},"content":{"rendered":"<p class=\"product_title entry-title\"><strong>iS Clinical Reparative moisture emulsion<\/strong><\/p>\n<p class=\"\" data-start=\"446\" data-end=\"930\">Sodrios, bet lengvai \u012fsigerian\u010dios sud\u0117ties emulsija sukurta taip, kad dr\u0117kint\u0173, regeneruot\u0173 ir stiprint\u0173 od\u0105. Formul\u0117je esantys aktyv\u016bs ingredientai, \u012fskaitant <strong data-start=\"578\" data-end=\"594\">Extremozyme\u00ae<\/strong> kompleks\u0105 ir superoksido dismutaz\u0119, efektyviai saugo od\u0105 nuo laisv\u0173j\u0173 radikal\u0173 bei DNR pa\u017eeidim\u0173. Emulsija didina odos elastingum\u0105, suteikia jai glotnumo ir \u0161vyt\u0117jimo, puikiai tinka kaip makia\u017eo pagrindas kasdienei prie\u017ei\u016brai.<\/p>\n<p data-start=\"45\" data-end=\"63\"><strong data-start=\"49\" data-end=\"61\">Effect<\/strong><\/p>\n<p class=\"\" data-start=\"64\" data-end=\"415\">\u2022 Giliai dr\u0117kina ir lygina odos pavir\u0161i\u0173<br data-start=\"104\" data-end=\"107\" \/>\u2022 Ma\u017eina smulki\u0173 bei gili\u0173 rauk\u0161li\u0173 atsiradim\u0105<br data-start=\"153\" data-end=\"156\" \/>\u2022 U\u017etikrina vidin\u0119 ir i\u0161orin\u0119 odos apsaug\u0105<br data-start=\"198\" data-end=\"201\" \/>\u2022 Tinka vis\u0173 tip\u0173 odai, taip pat jautriai ir riebiai<br data-start=\"253\" data-end=\"256\" \/>\u2022 Apsaugo l\u0105steli\u0173 DNR nuo pa\u017eeidim\u0173 d\u0117ka <strong data-start=\"298\" data-end=\"314\">Extremozyme\u00ae<\/strong> technologijos<br data-start=\"328\" data-end=\"331\" \/>\u2022 Paruo\u0161ia od\u0105 makia\u017eui \u2013 sukurta bendradarbiaujant su visa\u017eistais<br data-start=\"397\" data-end=\"400\" \/>\u2022 Be paraben\u0173<\/p>\n<p data-start=\"585\" data-end=\"967\"><strong>Usage:<\/strong><\/p>\n<div class=\"page\" title=\"Page 11\">\n<div class=\"section\">\n<div class=\"layoutArea\">\n<div class=\"column\">\n<div class=\"page\" title=\"Page 16\">\n<div class=\"section\">\n<div class=\"layoutArea\">\n<div class=\"column\">\n<div class=\"page\" title=\"Page 21\">\n<div class=\"section\">\n<div class=\"layoutArea\">\n<div class=\"column\">\n<div class=\"page\" title=\"Page 22\">\n<div class=\"section\">\n<div class=\"layoutArea\">\n<div class=\"column\">\n<div class=\"page\" title=\"Page 23\">\n<div class=\"section\">\n<div class=\"layoutArea\">\n<div class=\"column\">\n<div class=\"page\" title=\"Page 24\">\n<div class=\"section\">\n<div class=\"layoutArea\">\n<div class=\"column\">\n<div class=\"page\" title=\"Page 25\">\n<div class=\"section\">\n<div class=\"layoutArea\">\n<div class=\"column\">\n<div class=\"page\" title=\"Page 26\">\n<div class=\"section\">\n<div class=\"layoutArea\">\n<div class=\"column\">\n<div class=\"page\" title=\"Page 27\">\n<div class=\"section\">\n<div class=\"layoutArea\">\n<div class=\"column\">\n<div class=\"page\" title=\"Page 28\">\n<div class=\"section\">\n<div class=\"layoutArea\">\n<div class=\"column\">\n<div class=\"page\" title=\"Page 29\">\n<div class=\"section\">\n<div class=\"layoutArea\">\n<div class=\"column\">\n<div class=\"page\" title=\"Page 30\">\n<div class=\"section\">\n<div class=\"layoutArea\">\n<div class=\"column\">\n<div class=\"page\" title=\"Page 34\">\n<div class=\"section\">\n<div class=\"layoutArea\">\n<div class=\"column\">\n<div class=\"page\" title=\"Page 35\">\n<div class=\"section\">\n<div class=\"layoutArea\">\n<div class=\"column\">\n<p>Nedideli\u0328 kieki\u0328 emulsijos uz\u030ctepkite ant veido ir kaklo, paskirstyti tolygiai.<\/p>\n<\/div>\n<\/div>\n<\/div>\n<\/div>\n<\/div>\n<\/div>\n<\/div>\n<\/div>\n<\/div>\n<\/div>\n<\/div>\n<\/div>\n<\/div>\n<\/div>\n<\/div>\n<\/div>\n<\/div>\n<\/div>\n<\/div>\n<\/div>\n<\/div>\n<\/div>\n<\/div>\n<\/div>\n<\/div>\n<\/div>\n<\/div>\n<\/div>\n<\/div>\n<\/div>\n<\/div>\n<\/div>\n<\/div>\n<\/div>\n<\/div>\n<\/div>\n<\/div>\n<\/div>\n<\/div>\n<\/div>\n<\/div>\n<\/div>\n<\/div>\n<\/div>\n<\/div>\n<\/div>\n<\/div>\n<\/div>\n<\/div>\n<\/div>\n<\/div>\n<\/div>\n<\/div>\n<\/div>\n<\/div>\n<\/div>","protected":false},"excerpt":{"rendered":"<p>Sodrios, bet lengvai \u012fsigerian\u010dios sud\u0117ties emulsija sukurta taip, kad dr\u0117kint\u0173, regeneruot\u0173 ir stiprint\u0173 od\u0105.<\/p>","protected":false},"featured_media":4488,"comment_status":"open","ping_status":"closed","template":"","meta":[],"product_cat":[448,417,129],"product_tag":[],"class_list":{"0":"post-4487","1":"product","2":"type-product","3":"status-publish","4":"has-post-thumbnail","6":"product_cat-is-clinical-ir-circadia","7":"product_cat-is-clinical-ir-valmont","8":"product_cat-veido-kremai","9":"pa_brands-is-clinical","10":"pa_talpa-50g","12":"first","13":"instock","14":"taxable","15":"shipping-taxable","16":"purchasable","17":"product-type-simple"},"_links":{"self":[{"href":"https:\/\/miamedic.lt\/en\/wp-json\/wp\/v2\/product\/4487","targetHints":{"allow":["GET"]}}],"collection":[{"href":"https:\/\/miamedic.lt\/en\/wp-json\/wp\/v2\/product"}],"about":[{"href":"https:\/\/miamedic.lt\/en\/wp-json\/wp\/v2\/types\/product"}],"replies":[{"embeddable":true,"href":"https:\/\/miamedic.lt\/en\/wp-json\/wp\/v2\/comments?post=4487"}],"version-history":[{"count":3,"href":"https:\/\/miamedic.lt\/en\/wp-json\/wp\/v2\/product\/4487\/revisions"}],"predecessor-version":[{"id":12762,"href":"https:\/\/miamedic.lt\/en\/wp-json\/wp\/v2\/product\/4487\/revisions\/12762"}],"wp:featuredmedia":[{"embeddable":true,"href":"https:\/\/miamedic.lt\/en\/wp-json\/wp\/v2\/media\/4488"}],"wp:attachment":[{"href":"https:\/\/miamedic.lt\/en\/wp-json\/wp\/v2\/media?parent=4487"}],"wp:term":[{"taxonomy":"product_cat","embeddable":true,"href":"https:\/\/miamedic.lt\/en\/wp-json\/wp\/v2\/product_cat?post=4487"},{"taxonomy":"product_tag","embeddable":true,"href":"https:\/\/miamedic.lt\/en\/wp-json\/wp\/v2\/product_tag?post=4487"}],"curies":[{"name":"wp","href":"https:\/\/api.w.org\/{rel}","templated":true}]}}