{"id":4482,"date":"2025-03-20T16:22:24","date_gmt":"2025-03-20T16:22:24","guid":{"rendered":"https:\/\/miamedic.lt\/?post_type=product&#038;p=4482"},"modified":"2026-03-02T10:55:04","modified_gmt":"2026-03-02T10:55:04","slug":"moisturizing-complex","status":"publish","type":"product","link":"https:\/\/miamedic.lt\/en\/shop\/moisturizing-complex\/","title":{"rendered":"MOISTURIZING COMPLEX"},"content":{"rendered":"<p class=\"product_title entry-title\"><strong>iS Clinical moisturizing complex veido kremas<\/strong><\/p>\n<p class=\"\" data-start=\"446\" data-end=\"930\">Universalus dr\u0117kinamasis kremas, praturtintas galingais antioksidantais, augaliniais ekstraktais, vitaminais ir bioelementais. Formul\u0117 palaiko nat\u016bral\u0173 odos apsaugin\u012f barjer\u0105, stiprina jos elastingum\u0105 ir padeda kovoti su sen\u0117jimo po\u017eymiais. Tinka naudoti tiek ryte, tiek vakare, vis\u0173 tip\u0173 odai, nepriklausomai nuo am\u017eiaus. Puikus pasirinkimas norint intensyviai dr\u0117kinti, maitinti ir apsaugoti od\u0105.<\/p>\n<p data-start=\"45\" data-end=\"63\"><strong data-start=\"49\" data-end=\"61\">Effect<\/strong><\/p>\n<p class=\"\" data-start=\"64\" data-end=\"263\">\u2022 U\u017etikrina gil\u0173, ilgalaik\u012f odos dr\u0117kinim\u0105<br data-start=\"106\" data-end=\"109\" \/>\u2022 Ma\u017eina smulkias ir gilias rauk\u0161les<br data-start=\"145\" data-end=\"148\" \/>\u2022 Stiprina odos apsaugin\u012f antioksidacin\u012f barjer\u0105<br data-start=\"196\" data-end=\"199\" \/>\u2022 Mink\u0161tina, lygina ir glotnina od\u0105<br data-start=\"234\" data-end=\"237\" \/>\u2022 Sud\u0117tyje n\u0117ra paraben\u0173<\/p>\n<p data-start=\"585\" data-end=\"967\"><strong>Usage:<\/strong><\/p>\n<div class=\"page\" title=\"Page 11\">\n<div class=\"section\">\n<div class=\"layoutArea\">\n<div class=\"column\">\n<div class=\"page\" title=\"Page 16\">\n<div class=\"section\">\n<div class=\"layoutArea\">\n<div class=\"column\">\n<div class=\"page\" title=\"Page 21\">\n<div class=\"section\">\n<div class=\"layoutArea\">\n<div class=\"column\">\n<div class=\"page\" title=\"Page 22\">\n<div class=\"section\">\n<div class=\"layoutArea\">\n<div class=\"column\">\n<div class=\"page\" title=\"Page 23\">\n<div class=\"section\">\n<div class=\"layoutArea\">\n<div class=\"column\">\n<div class=\"page\" title=\"Page 24\">\n<div class=\"section\">\n<div class=\"layoutArea\">\n<div class=\"column\">\n<div class=\"page\" title=\"Page 25\">\n<div class=\"section\">\n<div class=\"layoutArea\">\n<div class=\"column\">\n<div class=\"page\" title=\"Page 26\">\n<div class=\"section\">\n<div class=\"layoutArea\">\n<div class=\"column\">\n<div class=\"page\" title=\"Page 27\">\n<div class=\"section\">\n<div class=\"layoutArea\">\n<div class=\"column\">\n<div class=\"page\" title=\"Page 28\">\n<div class=\"section\">\n<div class=\"layoutArea\">\n<div class=\"column\">\n<div class=\"page\" title=\"Page 29\">\n<div class=\"section\">\n<div class=\"layoutArea\">\n<div class=\"column\">\n<div class=\"page\" title=\"Page 30\">\n<div class=\"section\">\n<div class=\"layoutArea\">\n<div class=\"column\">\n<div class=\"page\" title=\"Page 34\">\n<div class=\"section\">\n<div class=\"layoutArea\">\n<div class=\"column\">\n<p>Nedideli\u0328 kieki\u0328 kremo uz\u030ctepkite ant veido, tolygiai paskirstykite<\/p>\n<\/div>\n<\/div>\n<\/div>\n<\/div>\n<\/div>\n<\/div>\n<\/div>\n<\/div>\n<\/div>\n<\/div>\n<\/div>\n<\/div>\n<\/div>\n<\/div>\n<\/div>\n<\/div>\n<\/div>\n<\/div>\n<\/div>\n<\/div>\n<\/div>\n<\/div>\n<\/div>\n<\/div>\n<\/div>\n<\/div>\n<\/div>\n<\/div>\n<\/div>\n<\/div>\n<\/div>\n<\/div>\n<\/div>\n<\/div>\n<\/div>\n<\/div>\n<\/div>\n<\/div>\n<\/div>\n<\/div>\n<\/div>\n<\/div>\n<\/div>\n<\/div>\n<\/div>\n<\/div>\n<\/div>\n<\/div>\n<\/div>\n<\/div>\n<\/div>\n<\/div>","protected":false},"excerpt":{"rendered":"<p>Universalus dr\u0117kinamasis kremas, praturtintas galingais antioksidantais, augaliniais ekstraktais, vitaminais ir bioelementais.<\/p>","protected":false},"featured_media":4483,"comment_status":"open","ping_status":"closed","template":"","meta":[],"product_cat":[448,417,129],"product_tag":[],"class_list":{"0":"post-4482","1":"product","2":"type-product","3":"status-publish","4":"has-post-thumbnail","6":"product_cat-is-clinical-ir-circadia","7":"product_cat-is-clinical-ir-valmont","8":"product_cat-veido-kremai","9":"pa_brands-is-clinical","10":"pa_talpa-50g","12":"first","13":"instock","14":"taxable","15":"shipping-taxable","16":"purchasable","17":"product-type-simple"},"_links":{"self":[{"href":"https:\/\/miamedic.lt\/en\/wp-json\/wp\/v2\/product\/4482","targetHints":{"allow":["GET"]}}],"collection":[{"href":"https:\/\/miamedic.lt\/en\/wp-json\/wp\/v2\/product"}],"about":[{"href":"https:\/\/miamedic.lt\/en\/wp-json\/wp\/v2\/types\/product"}],"replies":[{"embeddable":true,"href":"https:\/\/miamedic.lt\/en\/wp-json\/wp\/v2\/comments?post=4482"}],"version-history":[{"count":2,"href":"https:\/\/miamedic.lt\/en\/wp-json\/wp\/v2\/product\/4482\/revisions"}],"predecessor-version":[{"id":4486,"href":"https:\/\/miamedic.lt\/en\/wp-json\/wp\/v2\/product\/4482\/revisions\/4486"}],"wp:featuredmedia":[{"embeddable":true,"href":"https:\/\/miamedic.lt\/en\/wp-json\/wp\/v2\/media\/4483"}],"wp:attachment":[{"href":"https:\/\/miamedic.lt\/en\/wp-json\/wp\/v2\/media?parent=4482"}],"wp:term":[{"taxonomy":"product_cat","embeddable":true,"href":"https:\/\/miamedic.lt\/en\/wp-json\/wp\/v2\/product_cat?post=4482"},{"taxonomy":"product_tag","embeddable":true,"href":"https:\/\/miamedic.lt\/en\/wp-json\/wp\/v2\/product_tag?post=4482"}],"curies":[{"name":"wp","href":"https:\/\/api.w.org\/{rel}","templated":true}]}}