{"id":4475,"date":"2025-03-20T16:12:03","date_gmt":"2025-03-20T16:12:03","guid":{"rendered":"https:\/\/miamedic.lt\/?post_type=product&#038;p=4475"},"modified":"2026-03-02T10:55:12","modified_gmt":"2026-03-02T10:55:12","slug":"hydra-cool-serum","status":"publish","type":"product","link":"https:\/\/miamedic.lt\/en\/shop\/hydra-cool-serum\/","title":{"rendered":"Hydra-Cool Serum"},"content":{"rendered":"<p class=\"product_title entry-title\"><strong>is Clinical HYDRA-COOL SERUM<\/strong><\/p>\n<p class=\"\" data-start=\"446\" data-end=\"930\">Lengvos tekst\u016bros serumas, kuris intensyviai dr\u0117kina, skatina nat\u016brali\u0105 hialurono r\u016bg\u0161ties gamyb\u0105 ir ramina od\u0105. Idealiai tinka vis\u0173 tip\u0173 odai, \u012fskaitant jautri\u0105 ar linkusi\u0105 \u012f sudirgimus. D\u0117l gaivinan\u010dio poveikio da\u017enai rekomenduojamas naudoti kaip makia\u017eo pagrindas ar odos atgaivinimui dienos metu.<\/p>\n<p data-start=\"45\" data-end=\"63\"><strong data-start=\"49\" data-end=\"61\">Effect<\/strong><\/p>\n<p class=\"\" data-start=\"64\" data-end=\"511\">\u2022 U\u017etikrina gil\u0173 ir ilgalaik\u012f odos dr\u0117kinim\u0105<br data-start=\"108\" data-end=\"111\" \/>\u2022 Ramina, v\u0117sina ir mink\u0161tina saus\u0105, sudirgusi\u0105 ar pa\u017eeist\u0105 od\u0105<br data-start=\"174\" data-end=\"177\" \/>\u2022 Ma\u017eina akn\u0117s atsiradim\u0105 bei u\u017edegiminius procesus<br data-start=\"228\" data-end=\"231\" \/>\u2022 Suteikia stipri\u0105 antioksidacin\u0119 apsaug\u0105<br data-start=\"272\" data-end=\"275\" \/>\u2022 Ma\u017eina paraudim\u0105, odos sudirgimus ir saul\u0117s nudegimus<br data-start=\"330\" data-end=\"333\" \/>\u2022 Tinka naudoti po skutimosi<br data-start=\"361\" data-end=\"364\" \/>\u2022 Puikiai dera su kitomis \u201eActive\u201c linijos priemon\u0117mis<br data-start=\"418\" data-end=\"421\" \/>\u2022 Atkuria, stiprina od\u0105 ir tinka net onkologiniams pacientams<br data-start=\"482\" data-end=\"485\" \/>\u2022 Sud\u0117tyje n\u0117ra paraben\u0173<\/p>\n<p data-start=\"585\" data-end=\"967\"><strong>Usage:<\/strong><\/p>\n<div class=\"page\" title=\"Page 11\">\n<div class=\"section\">\n<div class=\"layoutArea\">\n<div class=\"column\">\n<div class=\"page\" title=\"Page 16\">\n<div class=\"section\">\n<div class=\"layoutArea\">\n<div class=\"column\">\n<div class=\"page\" title=\"Page 21\">\n<div class=\"section\">\n<div class=\"layoutArea\">\n<div class=\"column\">\n<div class=\"page\" title=\"Page 22\">\n<div class=\"section\">\n<div class=\"layoutArea\">\n<div class=\"column\">\n<div class=\"page\" title=\"Page 23\">\n<div class=\"section\">\n<div class=\"layoutArea\">\n<div class=\"column\">\n<div class=\"page\" title=\"Page 24\">\n<div class=\"section\">\n<div class=\"layoutArea\">\n<div class=\"column\">\n<div class=\"page\" title=\"Page 25\">\n<div class=\"section\">\n<div class=\"layoutArea\">\n<div class=\"column\">\n<div class=\"page\" title=\"Page 26\">\n<div class=\"section\">\n<div class=\"layoutArea\">\n<div class=\"column\">\n<div class=\"page\" title=\"Page 27\">\n<div class=\"section\">\n<div class=\"layoutArea\">\n<div class=\"column\">\n<div class=\"page\" title=\"Page 28\">\n<div class=\"section\">\n<div class=\"layoutArea\">\n<div class=\"column\">\n<div class=\"page\" title=\"Page 29\">\n<div class=\"section\">\n<div class=\"layoutArea\">\n<div class=\"column\">\n<div class=\"page\" title=\"Page 30\">\n<div class=\"section\">\n<div class=\"layoutArea\">\n<div class=\"column\">\n<p>To instantly hydrate, spray a small amount of serum mist onto the skin.<\/p>\n<\/div>\n<\/div>\n<\/div>\n<\/div>\n<\/div>\n<\/div>\n<\/div>\n<\/div>\n<\/div>\n<\/div>\n<\/div>\n<\/div>\n<\/div>\n<\/div>\n<\/div>\n<\/div>\n<\/div>\n<\/div>\n<\/div>\n<\/div>\n<\/div>\n<\/div>\n<\/div>\n<\/div>\n<\/div>\n<\/div>\n<\/div>\n<\/div>\n<\/div>\n<\/div>\n<\/div>\n<\/div>\n<\/div>\n<\/div>\n<\/div>\n<\/div>\n<\/div>\n<\/div>\n<\/div>\n<\/div>\n<\/div>\n<\/div>\n<\/div>\n<\/div>\n<\/div>\n<\/div>\n<\/div>\n<\/div>","protected":false},"excerpt":{"rendered":"<p>Lengvos tekst\u016bros serumas, kuris intensyviai dr\u0117kina, skatina nat\u016brali\u0105 hialurono r\u016bg\u0161ties gamyb\u0105 ir ramina od\u0105.<\/p>","protected":false},"featured_media":4478,"comment_status":"open","ping_status":"closed","template":"","meta":[],"product_cat":[448,417,107],"product_tag":[],"class_list":{"0":"post-4475","1":"product","2":"type-product","3":"status-publish","4":"has-post-thumbnail","6":"product_cat-is-clinical-ir-circadia","7":"product_cat-is-clinical-ir-valmont","8":"product_cat-serumai","9":"pa_brands-is-clinical","10":"pa_talpa-15ml","11":"pa_talpa-375ml","12":"pa_talpa-30ml-2","14":"first","15":"instock","16":"taxable","17":"shipping-taxable","18":"purchasable","19":"product-type-variable"},"_links":{"self":[{"href":"https:\/\/miamedic.lt\/en\/wp-json\/wp\/v2\/product\/4475","targetHints":{"allow":["GET"]}}],"collection":[{"href":"https:\/\/miamedic.lt\/en\/wp-json\/wp\/v2\/product"}],"about":[{"href":"https:\/\/miamedic.lt\/en\/wp-json\/wp\/v2\/types\/product"}],"replies":[{"embeddable":true,"href":"https:\/\/miamedic.lt\/en\/wp-json\/wp\/v2\/comments?post=4475"}],"version-history":[{"count":1,"href":"https:\/\/miamedic.lt\/en\/wp-json\/wp\/v2\/product\/4475\/revisions"}],"predecessor-version":[{"id":4481,"href":"https:\/\/miamedic.lt\/en\/wp-json\/wp\/v2\/product\/4475\/revisions\/4481"}],"wp:featuredmedia":[{"embeddable":true,"href":"https:\/\/miamedic.lt\/en\/wp-json\/wp\/v2\/media\/4478"}],"wp:attachment":[{"href":"https:\/\/miamedic.lt\/en\/wp-json\/wp\/v2\/media?parent=4475"}],"wp:term":[{"taxonomy":"product_cat","embeddable":true,"href":"https:\/\/miamedic.lt\/en\/wp-json\/wp\/v2\/product_cat?post=4475"},{"taxonomy":"product_tag","embeddable":true,"href":"https:\/\/miamedic.lt\/en\/wp-json\/wp\/v2\/product_tag?post=4475"}],"curies":[{"name":"wp","href":"https:\/\/api.w.org\/{rel}","templated":true}]}}