{"id":4470,"date":"2025-03-20T16:03:45","date_gmt":"2025-03-20T16:03:45","guid":{"rendered":"https:\/\/miamedic.lt\/?post_type=product&#038;p=4470"},"modified":"2026-03-02T10:55:22","modified_gmt":"2026-03-02T10:55:22","slug":"copper-firming-mist","status":"publish","type":"product","link":"https:\/\/miamedic.lt\/en\/shop\/copper-firming-mist\/","title":{"rendered":"COPPER FIRMING MIST"},"content":{"rendered":"<p class=\"product_title entry-title\"><strong>is Clinical Copper Firming mistas- tonikas<\/strong><\/p>\n<p class=\"\" data-start=\"446\" data-end=\"930\">\u0160is tonizuojantis pur\u0161kiklis greitai atgaivina, dr\u0117kina od\u0105 ir suteikia subtil\u0173 liftingo efekt\u0105. Formul\u0117je esantis vario biopeptido ir resveratrolio derinys palaiko odos pusiausvyr\u0105, gerina jos tonus\u0105 bei padeda i\u0161laikyti nepriekai\u0161ting\u0105 i\u0161vaizd\u0105 vis\u0105 dien\u0105. Puikiai tinka naudoti tiek dienos metu, tiek vir\u0161 makia\u017eo.<\/p>\n<p data-start=\"45\" data-end=\"63\"><strong data-start=\"49\" data-end=\"61\">Effect<\/strong><\/p>\n<p class=\"\" data-start=\"64\" data-end=\"450\">\u2022 Akimirksniu suteikia intensyv\u0173 dr\u0117kinim\u0105<br data-start=\"106\" data-end=\"109\" \/>\u2022 Pagerina odos elastingum\u0105 ir stangrum\u0105<br data-start=\"149\" data-end=\"152\" \/>\u2022 Padeda atkurti nat\u016bral\u0173 odos apsaugin\u012f barjer\u0105<br data-start=\"200\" data-end=\"203\" \/>\u2022 Atgaivina ir suteikia odai gaivumo poj\u016bt\u012f<br data-start=\"246\" data-end=\"249\" \/>\u2022 Nesausina odos \u2013 be alkoholio<br data-start=\"280\" data-end=\"283\" \/>\u2022 Pailgina makia\u017eo i\u0161silaikym\u0105 vis\u0105 dien\u0105<br data-start=\"324\" data-end=\"327\" \/>\u2022 Naudojama mikrodaleli\u0173 pur\u0161kimo technologija draugi\u0161ka aplinkai, nepa\u017eeid\u017eia ozono sluoksnio<br data-start=\"421\" data-end=\"424\" \/>\u2022 Sud\u0117tyje n\u0117ra paraben\u0173<\/p>\n<p data-start=\"585\" data-end=\"967\"><strong>Usage:<\/strong><\/p>\n<div class=\"page\" title=\"Page 11\">\n<div class=\"section\">\n<div class=\"layoutArea\">\n<div class=\"column\">\n<div class=\"page\" title=\"Page 16\">\n<div class=\"section\">\n<div class=\"layoutArea\">\n<div class=\"column\">\n<div class=\"page\" title=\"Page 21\">\n<div class=\"section\">\n<div class=\"layoutArea\">\n<div class=\"column\">\n<div class=\"page\" title=\"Page 22\">\n<div class=\"section\">\n<div class=\"layoutArea\">\n<div class=\"column\">\n<div class=\"page\" title=\"Page 23\">\n<div class=\"section\">\n<div class=\"layoutArea\">\n<div class=\"column\">\n<div class=\"page\" title=\"Page 24\">\n<div class=\"section\">\n<div class=\"layoutArea\">\n<div class=\"column\">\n<div class=\"page\" title=\"Page 25\">\n<div class=\"section\">\n<div class=\"layoutArea\">\n<div class=\"column\">\n<div class=\"page\" title=\"Page 26\">\n<div class=\"section\">\n<div class=\"layoutArea\">\n<div class=\"column\">\n<div class=\"page\" title=\"Page 27\">\n<div class=\"section\">\n<div class=\"layoutArea\">\n<div class=\"column\">\n<div class=\"page\" title=\"Page 28\">\n<div class=\"section\">\n<div class=\"layoutArea\">\n<div class=\"column\">\n<div class=\"page\" title=\"Page 29\">\n<div class=\"section\">\n<div class=\"layoutArea\">\n<div class=\"column\">\n<div class=\"page\" title=\"Page 30\">\n<div class=\"section\">\n<div class=\"layoutArea\">\n<div class=\"column\">\n<p>To instantly hydrate, spray a small amount of serum mist onto the skin.<\/p>\n<\/div>\n<\/div>\n<\/div>\n<\/div>\n<\/div>\n<\/div>\n<\/div>\n<\/div>\n<\/div>\n<\/div>\n<\/div>\n<\/div>\n<\/div>\n<\/div>\n<\/div>\n<\/div>\n<\/div>\n<\/div>\n<\/div>\n<\/div>\n<\/div>\n<\/div>\n<\/div>\n<\/div>\n<\/div>\n<\/div>\n<\/div>\n<\/div>\n<\/div>\n<\/div>\n<\/div>\n<\/div>\n<\/div>\n<\/div>\n<\/div>\n<\/div>\n<\/div>\n<\/div>\n<\/div>\n<\/div>\n<\/div>\n<\/div>\n<\/div>\n<\/div>\n<\/div>\n<\/div>\n<\/div>\n<\/div>","protected":false},"excerpt":{"rendered":"<p>\u0160is tonizuojantis pur\u0161kiklis greitai atgaivina, dr\u0117kina od\u0105 ir suteikia subtil\u0173 liftingo efekt\u0105.<\/p>","protected":false},"featured_media":4471,"comment_status":"open","ping_status":"closed","template":"","meta":[],"product_cat":[448,417,139,224],"product_tag":[],"class_list":{"0":"post-4470","1":"product","2":"type-product","3":"status-publish","4":"has-post-thumbnail","6":"product_cat-is-clinical-ir-circadia","7":"product_cat-is-clinical-ir-valmont","8":"product_cat-dekolte","9":"product_cat-dulksnos","10":"pa_brands-is-clinical","11":"pa_talpa-75ml","13":"first","14":"instock","15":"taxable","16":"shipping-taxable","17":"purchasable","18":"product-type-simple"},"_links":{"self":[{"href":"https:\/\/miamedic.lt\/en\/wp-json\/wp\/v2\/product\/4470","targetHints":{"allow":["GET"]}}],"collection":[{"href":"https:\/\/miamedic.lt\/en\/wp-json\/wp\/v2\/product"}],"about":[{"href":"https:\/\/miamedic.lt\/en\/wp-json\/wp\/v2\/types\/product"}],"replies":[{"embeddable":true,"href":"https:\/\/miamedic.lt\/en\/wp-json\/wp\/v2\/comments?post=4470"}],"version-history":[{"count":2,"href":"https:\/\/miamedic.lt\/en\/wp-json\/wp\/v2\/product\/4470\/revisions"}],"predecessor-version":[{"id":4473,"href":"https:\/\/miamedic.lt\/en\/wp-json\/wp\/v2\/product\/4470\/revisions\/4473"}],"wp:featuredmedia":[{"embeddable":true,"href":"https:\/\/miamedic.lt\/en\/wp-json\/wp\/v2\/media\/4471"}],"wp:attachment":[{"href":"https:\/\/miamedic.lt\/en\/wp-json\/wp\/v2\/media?parent=4470"}],"wp:term":[{"taxonomy":"product_cat","embeddable":true,"href":"https:\/\/miamedic.lt\/en\/wp-json\/wp\/v2\/product_cat?post=4470"},{"taxonomy":"product_tag","embeddable":true,"href":"https:\/\/miamedic.lt\/en\/wp-json\/wp\/v2\/product_tag?post=4470"}],"curies":[{"name":"wp","href":"https:\/\/api.w.org\/{rel}","templated":true}]}}