{"id":4467,"date":"2025-03-20T15:47:44","date_gmt":"2025-03-20T15:47:44","guid":{"rendered":"https:\/\/miamedic.lt\/?post_type=product&#038;p=4467"},"modified":"2026-03-02T10:55:31","modified_gmt":"2026-03-02T10:55:31","slug":"body-complex","status":"publish","type":"product","link":"https:\/\/miamedic.lt\/en\/shop\/body-complex\/","title":{"rendered":"BODY COMPLEX"},"content":{"rendered":"<p class=\"\" data-start=\"446\" data-end=\"930\"><strong data-start=\"373\" data-end=\"389\">iS CLINICAL BODY COMPLEX<\/strong> \u2013 tai intensyviai dr\u0117kinantis k\u016bno prie\u017ei\u016bros produktas, kuris apr\u016bpina od\u0105 b\u016btiniausiais vitaminais, augalin\u0117s kilm\u0117s raminan\u010diais ingredientais bei stipriais antioksidantais. Priemon\u0117 \u0161velniai \u0161vei\u010dia, atkuria odos barjer\u0105 ir saugo nuo \u017ealingo aplinkos poveikio. Po naudojimo oda tampa \u0161velni, elastinga, giliai sudr\u0117kinta ir apsaugota. Puikiai tinka jautriai, linkusiai \u012f sudirgimus odai.<\/p>\n<p data-start=\"45\" data-end=\"63\"><strong data-start=\"49\" data-end=\"61\">Effect<\/strong><\/p>\n<p class=\"\" data-start=\"64\" data-end=\"371\">\u2022 Intensyvi gydomoji k\u016bno odos prie\u017ei\u016bra<br data-start=\"104\" data-end=\"107\" \/>\u2022 Akimirksniu dr\u0117kina ir mink\u0161tina od\u0105<br data-start=\"145\" data-end=\"148\" \/>\u2022 Lygina odos pavir\u0161i\u0173 ir gerina jos tekst\u016br\u0105<br data-start=\"193\" data-end=\"196\" \/>\u2022 Sukuria stipr\u0173 antioksidacin\u012f apsaugin\u012f barjer\u0105<br data-start=\"245\" data-end=\"248\" \/>\u2022 Atjaunina, ramina ir atkuria od\u0105<br data-start=\"282\" data-end=\"285\" \/>\u2022 Tinka odai su kontaktiniu dermatitu, egzema ar psoriaze<br data-start=\"342\" data-end=\"345\" \/>\u2022 Sud\u0117tyje n\u0117ra paraben\u0173<\/p>\n<p data-start=\"585\" data-end=\"967\"><strong>Usage:<\/strong><\/p>\n<div class=\"page\" title=\"Page 11\">\n<div class=\"section\">\n<div class=\"layoutArea\">\n<div class=\"column\">\n<div class=\"page\" title=\"Page 16\">\n<div class=\"section\">\n<div class=\"layoutArea\">\n<div class=\"column\">\n<div class=\"page\" title=\"Page 21\">\n<div class=\"section\">\n<div class=\"layoutArea\">\n<div class=\"column\">\n<div class=\"page\" title=\"Page 22\">\n<div class=\"section\">\n<div class=\"layoutArea\">\n<div class=\"column\">\n<div class=\"page\" title=\"Page 23\">\n<div class=\"section\">\n<div class=\"layoutArea\">\n<div class=\"column\">\n<div class=\"page\" title=\"Page 24\">\n<div class=\"section\">\n<div class=\"layoutArea\">\n<div class=\"column\">\n<div class=\"page\" title=\"Page 25\">\n<div class=\"section\">\n<div class=\"layoutArea\">\n<div class=\"column\">\n<div class=\"page\" title=\"Page 26\">\n<div class=\"section\">\n<div class=\"layoutArea\">\n<div class=\"column\">\n<div class=\"page\" title=\"Page 27\">\n<div class=\"section\">\n<div class=\"layoutArea\">\n<div class=\"column\">\n<div class=\"page\" title=\"Page 28\">\n<div class=\"section\">\n<div class=\"layoutArea\">\n<div class=\"column\">\n<div class=\"page\" title=\"Page 29\">\n<div class=\"section\">\n<div class=\"layoutArea\">\n<div class=\"column\">\n<div class=\"page\" title=\"Page 30\">\n<div class=\"section\">\n<div class=\"layoutArea\">\n<div class=\"column\">\n<p>To instantly hydrate, spray a small amount of serum mist onto the skin.<\/p>\n<\/div>\n<\/div>\n<\/div>\n<\/div>\n<\/div>\n<\/div>\n<\/div>\n<\/div>\n<\/div>\n<\/div>\n<\/div>\n<\/div>\n<\/div>\n<\/div>\n<\/div>\n<\/div>\n<\/div>\n<\/div>\n<\/div>\n<\/div>\n<\/div>\n<\/div>\n<\/div>\n<\/div>\n<\/div>\n<\/div>\n<\/div>\n<\/div>\n<\/div>\n<\/div>\n<\/div>\n<\/div>\n<\/div>\n<\/div>\n<\/div>\n<\/div>\n<\/div>\n<\/div>\n<\/div>\n<\/div>\n<\/div>\n<\/div>\n<\/div>\n<\/div>\n<\/div>\n<\/div>\n<\/div>\n<\/div>","protected":false},"excerpt":{"rendered":"<p>Intensyviai dr\u0117kinantis k\u016bno prie\u017ei\u016bros produktas, kuris apr\u016bpina od\u0105 b\u016btiniausiais vitaminais bei stipriais antioksidantais.<\/p>","protected":false},"featured_media":4468,"comment_status":"open","ping_status":"closed","template":"","meta":[],"product_cat":[448,417,113],"product_tag":[],"class_list":{"0":"post-4467","1":"product","2":"type-product","3":"status-publish","4":"has-post-thumbnail","6":"product_cat-is-clinical-ir-circadia","7":"product_cat-is-clinical-ir-valmont","8":"product_cat-kuno-kremas","9":"pa_brands-is-clinical","10":"pa_talpa-180ml","12":"first","13":"instock","14":"taxable","15":"shipping-taxable","16":"purchasable","17":"product-type-simple"},"_links":{"self":[{"href":"https:\/\/miamedic.lt\/en\/wp-json\/wp\/v2\/product\/4467","targetHints":{"allow":["GET"]}}],"collection":[{"href":"https:\/\/miamedic.lt\/en\/wp-json\/wp\/v2\/product"}],"about":[{"href":"https:\/\/miamedic.lt\/en\/wp-json\/wp\/v2\/types\/product"}],"replies":[{"embeddable":true,"href":"https:\/\/miamedic.lt\/en\/wp-json\/wp\/v2\/comments?post=4467"}],"version-history":[{"count":2,"href":"https:\/\/miamedic.lt\/en\/wp-json\/wp\/v2\/product\/4467\/revisions"}],"predecessor-version":[{"id":12872,"href":"https:\/\/miamedic.lt\/en\/wp-json\/wp\/v2\/product\/4467\/revisions\/12872"}],"wp:featuredmedia":[{"embeddable":true,"href":"https:\/\/miamedic.lt\/en\/wp-json\/wp\/v2\/media\/4468"}],"wp:attachment":[{"href":"https:\/\/miamedic.lt\/en\/wp-json\/wp\/v2\/media?parent=4467"}],"wp:term":[{"taxonomy":"product_cat","embeddable":true,"href":"https:\/\/miamedic.lt\/en\/wp-json\/wp\/v2\/product_cat?post=4467"},{"taxonomy":"product_tag","embeddable":true,"href":"https:\/\/miamedic.lt\/en\/wp-json\/wp\/v2\/product_tag?post=4467"}],"curies":[{"name":"wp","href":"https:\/\/api.w.org\/{rel}","templated":true}]}}