{"id":4463,"date":"2025-03-20T15:35:39","date_gmt":"2025-03-20T15:35:39","guid":{"rendered":"https:\/\/miamedic.lt\/?post_type=product&#038;p=4463"},"modified":"2026-03-02T10:55:41","modified_gmt":"2026-03-02T10:55:41","slug":"youth-body-serum","status":"publish","type":"product","link":"https:\/\/miamedic.lt\/en\/shop\/youth-body-serum\/","title":{"rendered":"Youth Body Serum"},"content":{"rendered":"<p class=\"\" data-start=\"446\" data-end=\"930\"><strong data-start=\"446\" data-end=\"466\">iS Clinical YOUTH BODY SERUM<\/strong> \u2013 lengvos tekst\u016bros pur\u0161kiamas k\u016bno serumas, kuris greitai susigeria ir suteikia ilgalaik\u012f dr\u0117kinim\u0105 bei apsaug\u0105. Formul\u0117je esantys arb\u016bz\u0173, m\u0117lyn\u0173j\u0173 mikrodumbli\u0173, Kalifornijos eriodiktiono ekstraktai, saldymed\u017eio \u0161aknis, hialurono r\u016bg\u0161tis, vitaminas B5 ir Extremozyme\u00ae kompleksas efektyviai maitina, mink\u0161tina od\u0105 ir saugo nuo \u017ealingo aplinkos poveikio. Idealiai tinka kasdienei k\u016bno odos prie\u017ei\u016brai, ypa\u010d po buvimo saul\u0117je, suteikiant gaivumo ir komforto poj\u016bt\u012f.<\/p>\n<p data-start=\"45\" data-end=\"63\"><strong data-start=\"49\" data-end=\"61\">Effect<\/strong><\/p>\n<p class=\"translation-block\" data-start=\"74\" data-end=\"444\">\u2022 Deeply hydrates, smooths, and softens the skin<br data-start=\"115\" data-end=\"118\">\n\u2022 Provides strong antioxidant protection<br data-start=\"159\" data-end=\"162\">\n\u2022 Protects against harmful environmental factors using the patented <strong data-start=\"223\" data-end=\"239\">Extremozyme\u00ae<\/strong> technology<br data-start=\"252\" data-end=\"255\">\n\u2022 Protects cells from DNA damage<br data-start=\"291\" data-end=\"294\">\n\u2022 Increases skin elasticity and firmness<br data-start=\"332\" data-end=\"335\">\n\u2022 Helps combat early signs of aging<br data-start=\"382\" data-end=\"385\">\n\u2022 Stimulates cell metabolism<br data-start=\"415\" data-end=\"418\">\n\u2022 Paraben-free<\/p>\n<p data-start=\"585\" data-end=\"967\"><strong>Usage:<\/strong><\/p>\n<div class=\"page\" title=\"Page 11\">\n<div class=\"section\">\n<div class=\"layoutArea\">\n<div class=\"column\">\n<div class=\"page\" title=\"Page 16\">\n<div class=\"section\">\n<div class=\"layoutArea\">\n<div class=\"column\">\n<div class=\"page\" title=\"Page 21\">\n<div class=\"section\">\n<div class=\"layoutArea\">\n<div class=\"column\">\n<div class=\"page\" title=\"Page 22\">\n<div class=\"section\">\n<div class=\"layoutArea\">\n<div class=\"column\">\n<div class=\"page\" title=\"Page 23\">\n<div class=\"section\">\n<div class=\"layoutArea\">\n<div class=\"column\">\n<div class=\"page\" title=\"Page 24\">\n<div class=\"section\">\n<div class=\"layoutArea\">\n<div class=\"column\">\n<div class=\"page\" title=\"Page 25\">\n<div class=\"section\">\n<div class=\"layoutArea\">\n<div class=\"column\">\n<div class=\"page\" title=\"Page 26\">\n<div class=\"section\">\n<div class=\"layoutArea\">\n<div class=\"column\">\n<div class=\"page\" title=\"Page 27\">\n<div class=\"section\">\n<div class=\"layoutArea\">\n<div class=\"column\">\n<div class=\"page\" title=\"Page 28\">\n<div class=\"section\">\n<div class=\"layoutArea\">\n<div class=\"column\">\n<div class=\"page\" title=\"Page 29\">\n<div class=\"section\">\n<div class=\"layoutArea\">\n<div class=\"column\">\n<div class=\"page\" title=\"Page 30\">\n<div class=\"section\">\n<div class=\"layoutArea\">\n<div class=\"column\">\n<p>To instantly hydrate, spray a small amount of serum mist onto the skin.<\/p>\n<\/div>\n<\/div>\n<\/div>\n<\/div>\n<\/div>\n<\/div>\n<\/div>\n<\/div>\n<\/div>\n<\/div>\n<\/div>\n<\/div>\n<\/div>\n<\/div>\n<\/div>\n<\/div>\n<\/div>\n<\/div>\n<\/div>\n<\/div>\n<\/div>\n<\/div>\n<\/div>\n<\/div>\n<\/div>\n<\/div>\n<\/div>\n<\/div>\n<\/div>\n<\/div>\n<\/div>\n<\/div>\n<\/div>\n<\/div>\n<\/div>\n<\/div>\n<\/div>\n<\/div>\n<\/div>\n<\/div>\n<\/div>\n<\/div>\n<\/div>\n<\/div>\n<\/div>\n<\/div>\n<\/div>\n<\/div>","protected":false},"excerpt":{"rendered":"<p>Lightweight, spray-on body serum that quickly absorbs and provides long-lasting hydration and protection.<\/p>","protected":false},"featured_media":4464,"comment_status":"open","ping_status":"closed","template":"","meta":[],"product_cat":[448,417,113],"product_tag":[],"class_list":{"0":"post-4463","1":"product","2":"type-product","3":"status-publish","4":"has-post-thumbnail","6":"product_cat-is-clinical-ir-circadia","7":"product_cat-is-clinical-ir-valmont","8":"product_cat-kuno-kremas","9":"pa_brands-is-clinical","10":"pa_talpa-15ml","11":"pa_talpa-200-ml","13":"first","14":"instock","15":"taxable","16":"shipping-taxable","17":"purchasable","18":"product-type-variable"},"_links":{"self":[{"href":"https:\/\/miamedic.lt\/en\/wp-json\/wp\/v2\/product\/4463","targetHints":{"allow":["GET"]}}],"collection":[{"href":"https:\/\/miamedic.lt\/en\/wp-json\/wp\/v2\/product"}],"about":[{"href":"https:\/\/miamedic.lt\/en\/wp-json\/wp\/v2\/types\/product"}],"replies":[{"embeddable":true,"href":"https:\/\/miamedic.lt\/en\/wp-json\/wp\/v2\/comments?post=4463"}],"version-history":[{"count":2,"href":"https:\/\/miamedic.lt\/en\/wp-json\/wp\/v2\/product\/4463\/revisions"}],"predecessor-version":[{"id":12868,"href":"https:\/\/miamedic.lt\/en\/wp-json\/wp\/v2\/product\/4463\/revisions\/12868"}],"wp:featuredmedia":[{"embeddable":true,"href":"https:\/\/miamedic.lt\/en\/wp-json\/wp\/v2\/media\/4464"}],"wp:attachment":[{"href":"https:\/\/miamedic.lt\/en\/wp-json\/wp\/v2\/media?parent=4463"}],"wp:term":[{"taxonomy":"product_cat","embeddable":true,"href":"https:\/\/miamedic.lt\/en\/wp-json\/wp\/v2\/product_cat?post=4463"},{"taxonomy":"product_tag","embeddable":true,"href":"https:\/\/miamedic.lt\/en\/wp-json\/wp\/v2\/product_tag?post=4463"}],"curies":[{"name":"wp","href":"https:\/\/api.w.org\/{rel}","templated":true}]}}