{"id":4459,"date":"2025-03-20T15:13:25","date_gmt":"2025-03-20T15:13:25","guid":{"rendered":"https:\/\/miamedic.lt\/?post_type=product&#038;p=4459"},"modified":"2026-03-02T10:55:50","modified_gmt":"2026-03-02T10:55:50","slug":"hydra-intensive-cooling-masque","status":"publish","type":"product","link":"https:\/\/miamedic.lt\/en\/shop\/hydra-intensive-cooling-masque\/","title":{"rendered":"HYDRA-INTENSIVE COOLING MASQUE"},"content":{"rendered":"<p class=\"\" data-start=\"296\" data-end=\"671\"><strong>iS Clinical HYDRA-INTENSIVE COOLING MASQUE<\/strong> &#8211; \u0160i prabangi v\u0117sinanti kauk\u0117 sukurta taip, kad intensyviai dr\u0117kint\u0173, ramint\u0173 bei stiprint\u0173 odos apsaugin\u012f barjer\u0105. Formul\u0117je esantis nat\u016brali\u0173 antioksidant\u0173 kompleksas, \u012fskaitant centella asiatica, pycnogenol fermentus, \u017ealiosios arbatos, alavijo ir rozmarino ekstraktus, kartu su augalin\u0117s kilm\u0117s hialurono r\u016bg\u0161timi, efektyviai ma\u017eina sudirgimus, u\u017edegimus bei atgaivina pavargusi\u0105 od\u0105. Ideali priemon\u0117 jautriai ar sudirgusiai odai, ypa\u010d po saul\u0117s poveikio ar proced\u016br\u0173.<\/p>\n<p data-start=\"45\" data-end=\"63\"><strong data-start=\"49\" data-end=\"61\">Effect<\/strong><\/p>\n<p class=\"\" data-start=\"64\" data-end=\"317\">\u2022 U\u017etikrina gil\u0173 ir ilgalaik\u012f odos dr\u0117kinim\u0105<br data-start=\"108\" data-end=\"111\" \/>\u2022 Ramina, gaivina ir atstato od\u0105<br data-start=\"143\" data-end=\"146\" \/>\u2022 Suteikia apsaug\u0105 nuo laisv\u0173j\u0173 radikal\u0173 poveikio<br data-start=\"195\" data-end=\"198\" \/>\u2022 Ma\u017eina paraudim\u0105, u\u017edegimus bei saul\u0117s nudegimus<br data-start=\"248\" data-end=\"251\" \/>\u2022 Palengvina sudirgimus ir u\u017edegiminius procesus<br data-start=\"299\" data-end=\"302\" \/>\u2022 Be paraben\u0173<\/p>\n<p data-start=\"585\" data-end=\"967\"><strong>Usage:<\/strong><\/p>\n<div class=\"page\" title=\"Page 11\">\n<div class=\"section\">\n<div class=\"layoutArea\">\n<div class=\"column\">\n<div class=\"page\" title=\"Page 16\">\n<div class=\"section\">\n<div class=\"layoutArea\">\n<div class=\"column\">\n<div class=\"page\" title=\"Page 21\">\n<div class=\"section\">\n<div class=\"layoutArea\">\n<div class=\"column\">\n<div class=\"page\" title=\"Page 22\">\n<div class=\"section\">\n<div class=\"layoutArea\">\n<div class=\"column\">\n<div class=\"page\" title=\"Page 23\">\n<div class=\"section\">\n<div class=\"layoutArea\">\n<div class=\"column\">\n<div class=\"page\" title=\"Page 24\">\n<div class=\"section\">\n<div class=\"layoutArea\">\n<div class=\"column\">\n<div class=\"page\" title=\"Page 25\">\n<div class=\"section\">\n<div class=\"layoutArea\">\n<div class=\"column\">\n<div class=\"page\" title=\"Page 26\">\n<div class=\"section\">\n<div class=\"layoutArea\">\n<div class=\"column\">\n<div class=\"page\" title=\"Page 27\">\n<div class=\"section\">\n<div class=\"layoutArea\">\n<div class=\"column\">\n<div class=\"page\" title=\"Page 28\">\n<div class=\"section\">\n<div class=\"layoutArea\">\n<div class=\"column\">\n<div class=\"page\" title=\"Page 29\">\n<div class=\"section\">\n<div class=\"layoutArea\">\n<div class=\"column\">\n<p>Uz\u030ctepkite plona\u0328 sluoksni\u0328 ant nuvalytos veido ir kaklo odos. Kauke\u0307s ekspozicijos laikas yra nuo 5 iki 20 minuc\u030ciu\u0328<\/p>\n<\/div>\n<\/div>\n<\/div>\n<\/div>\n<\/div>\n<\/div>\n<\/div>\n<\/div>\n<\/div>\n<\/div>\n<\/div>\n<\/div>\n<\/div>\n<\/div>\n<\/div>\n<\/div>\n<\/div>\n<\/div>\n<\/div>\n<\/div>\n<\/div>\n<\/div>\n<\/div>\n<\/div>\n<\/div>\n<\/div>\n<\/div>\n<\/div>\n<\/div>\n<\/div>\n<\/div>\n<\/div>\n<\/div>\n<\/div>\n<\/div>\n<\/div>\n<\/div>\n<\/div>\n<\/div>\n<\/div>\n<\/div>\n<\/div>\n<\/div>\n<\/div>","protected":false},"excerpt":{"rendered":"<p>\u0160i prabangi v\u0117sinanti kauk\u0117 sukurta taip, kad intensyviai dr\u0117kint\u0173, ramint\u0173 bei stiprint\u0173 odos apsaugin\u012f barjer\u0105.<\/p>","protected":false},"featured_media":4460,"comment_status":"open","ping_status":"closed","template":"","meta":[],"product_cat":[448,417,420],"product_tag":[],"class_list":{"0":"post-4459","1":"product","2":"type-product","3":"status-publish","4":"has-post-thumbnail","6":"product_cat-is-clinical-ir-circadia","7":"product_cat-is-clinical-ir-valmont","8":"product_cat-veido-kaukes","9":"pa_brands-is-clinical","10":"pa_talpa-120g","12":"first","13":"instock","14":"taxable","15":"shipping-taxable","16":"purchasable","17":"product-type-simple"},"_links":{"self":[{"href":"https:\/\/miamedic.lt\/en\/wp-json\/wp\/v2\/product\/4459","targetHints":{"allow":["GET"]}}],"collection":[{"href":"https:\/\/miamedic.lt\/en\/wp-json\/wp\/v2\/product"}],"about":[{"href":"https:\/\/miamedic.lt\/en\/wp-json\/wp\/v2\/types\/product"}],"replies":[{"embeddable":true,"href":"https:\/\/miamedic.lt\/en\/wp-json\/wp\/v2\/comments?post=4459"}],"version-history":[{"count":5,"href":"https:\/\/miamedic.lt\/en\/wp-json\/wp\/v2\/product\/4459\/revisions"}],"predecessor-version":[{"id":12876,"href":"https:\/\/miamedic.lt\/en\/wp-json\/wp\/v2\/product\/4459\/revisions\/12876"}],"wp:featuredmedia":[{"embeddable":true,"href":"https:\/\/miamedic.lt\/en\/wp-json\/wp\/v2\/media\/4460"}],"wp:attachment":[{"href":"https:\/\/miamedic.lt\/en\/wp-json\/wp\/v2\/media?parent=4459"}],"wp:term":[{"taxonomy":"product_cat","embeddable":true,"href":"https:\/\/miamedic.lt\/en\/wp-json\/wp\/v2\/product_cat?post=4459"},{"taxonomy":"product_tag","embeddable":true,"href":"https:\/\/miamedic.lt\/en\/wp-json\/wp\/v2\/product_tag?post=4459"}],"curies":[{"name":"wp","href":"https:\/\/api.w.org\/{rel}","templated":true}]}}