{"id":4456,"date":"2025-03-20T15:09:12","date_gmt":"2025-03-20T15:09:12","guid":{"rendered":"https:\/\/miamedic.lt\/?post_type=product&#038;p=4456"},"modified":"2026-03-02T10:55:58","modified_gmt":"2026-03-02T10:55:58","slug":"eye-complex","status":"publish","type":"product","link":"https:\/\/miamedic.lt\/en\/shop\/eye-complex\/","title":{"rendered":"EYE COMPLEX"},"content":{"rendered":"<p class=\"\" data-start=\"296\" data-end=\"671\"><strong>iS Clinical EYE COMPLEX<\/strong> &#8211; \u0160velnios, ta\u010diau veiksmingos formul\u0117s paaki\u0173 kremas sukurtas specialiai jautriai aki\u0173 zonai. Jame derinami \u0161velniai eksfoliuojantys ingredientai ir aktyv\u016bs augal\u0173 ekstraktai, kurie efektyviai ma\u017eina patinim\u0105, intensyviai dr\u0117kina ir saugo nuo laisv\u0173j\u0173 radikal\u0173. Reguliariai naudojant, suma\u017e\u0117ja smulkios bei gilios rauk\u0161lel\u0117s, oda tampa stangresn\u0117, o tams\u016bs ratilai pastebimai pa\u0161vies\u0117ja.<\/p>\n<p data-start=\"45\" data-end=\"63\"><strong data-start=\"49\" data-end=\"61\">Effect<\/strong><\/p>\n<p class=\"\" data-start=\"64\" data-end=\"344\">\u2022 Ma\u017eina rauk\u0161les aplink akis (periorbitalin\u0117je zonoje)<br data-start=\"119\" data-end=\"122\" \/>\u2022 \u0160viesina tamsius ratilus po akimis<br data-start=\"158\" data-end=\"161\" \/>\u2022 Suma\u017eina paaki\u0173 patinim\u0105<br data-start=\"187\" data-end=\"190\" \/>\u2022 Sukuria stipr\u0173 antioksidacin\u012f apsaugin\u012f barjer\u0105<br data-start=\"239\" data-end=\"242\" \/>\u2022 Gerina odos elastingum\u0105 ir stangrum\u0105<br data-start=\"280\" data-end=\"283\" \/>\u2022 Greitas efektas ir ilgalaikiai rezultatai<br data-start=\"326\" data-end=\"329\" \/>\u2022 Be paraben\u0173<\/p>\n<p data-start=\"585\" data-end=\"967\"><strong>Usage:<\/strong><\/p>\n<div class=\"page\" title=\"Page 11\">\n<div class=\"section\">\n<div class=\"layoutArea\">\n<div class=\"column\">\n<div class=\"page\" title=\"Page 16\">\n<div class=\"section\">\n<div class=\"layoutArea\">\n<div class=\"column\">\n<div class=\"page\" title=\"Page 21\">\n<div class=\"section\">\n<div class=\"layoutArea\">\n<div class=\"column\">\n<div class=\"page\" title=\"Page 22\">\n<div class=\"section\">\n<div class=\"layoutArea\">\n<div class=\"column\">\n<div class=\"page\" title=\"Page 23\">\n<div class=\"section\">\n<div class=\"layoutArea\">\n<div class=\"column\">\n<div class=\"page\" title=\"Page 24\">\n<div class=\"section\">\n<div class=\"layoutArea\">\n<div class=\"column\">\n<div class=\"page\" title=\"Page 25\">\n<div class=\"section\">\n<div class=\"layoutArea\">\n<div class=\"column\">\n<div class=\"page\" title=\"Page 26\">\n<div class=\"section\">\n<div class=\"layoutArea\">\n<div class=\"column\">\n<div class=\"page\" title=\"Page 27\">\n<div class=\"section\">\n<div class=\"layoutArea\">\n<div class=\"column\">\n<div class=\"page\" title=\"Page 28\">\n<div class=\"section\">\n<div class=\"layoutArea\">\n<div class=\"column\">\n<p>Uz\u030ctepkite nedideli\u0328 kieki\u0328 kremo (1\/2 paspaudimai) periorbitaline\u0307je srityje is\u030cilgai kaulo kras\u030cto<\/p>\n<\/div>\n<\/div>\n<\/div>\n<\/div>\n<\/div>\n<\/div>\n<\/div>\n<\/div>\n<\/div>\n<\/div>\n<\/div>\n<\/div>\n<\/div>\n<\/div>\n<\/div>\n<\/div>\n<\/div>\n<\/div>\n<\/div>\n<\/div>\n<\/div>\n<\/div>\n<\/div>\n<\/div>\n<\/div>\n<\/div>\n<\/div>\n<\/div>\n<\/div>\n<\/div>\n<\/div>\n<\/div>\n<\/div>\n<\/div>\n<\/div>\n<\/div>\n<\/div>\n<\/div>\n<\/div>\n<\/div>","protected":false},"excerpt":{"rendered":"<p>A gentle yet effective eye cream formula designed specifically for the sensitive eye area.<\/p>","protected":false},"featured_media":4457,"comment_status":"open","ping_status":"closed","template":"","meta":[],"product_cat":[448,417,83],"product_tag":[],"class_list":{"0":"post-4456","1":"product","2":"type-product","3":"status-publish","4":"has-post-thumbnail","6":"product_cat-is-clinical-ir-circadia","7":"product_cat-is-clinical-ir-valmont","8":"product_cat-paakiu-kremai","9":"pa_brands-is-clinical","10":"pa_talpa-15g","12":"first","13":"instock","14":"taxable","15":"shipping-taxable","16":"purchasable","17":"product-type-simple"},"_links":{"self":[{"href":"https:\/\/miamedic.lt\/en\/wp-json\/wp\/v2\/product\/4456","targetHints":{"allow":["GET"]}}],"collection":[{"href":"https:\/\/miamedic.lt\/en\/wp-json\/wp\/v2\/product"}],"about":[{"href":"https:\/\/miamedic.lt\/en\/wp-json\/wp\/v2\/types\/product"}],"replies":[{"embeddable":true,"href":"https:\/\/miamedic.lt\/en\/wp-json\/wp\/v2\/comments?post=4456"}],"version-history":[{"count":2,"href":"https:\/\/miamedic.lt\/en\/wp-json\/wp\/v2\/product\/4456\/revisions"}],"predecessor-version":[{"id":12874,"href":"https:\/\/miamedic.lt\/en\/wp-json\/wp\/v2\/product\/4456\/revisions\/12874"}],"wp:featuredmedia":[{"embeddable":true,"href":"https:\/\/miamedic.lt\/en\/wp-json\/wp\/v2\/media\/4457"}],"wp:attachment":[{"href":"https:\/\/miamedic.lt\/en\/wp-json\/wp\/v2\/media?parent=4456"}],"wp:term":[{"taxonomy":"product_cat","embeddable":true,"href":"https:\/\/miamedic.lt\/en\/wp-json\/wp\/v2\/product_cat?post=4456"},{"taxonomy":"product_tag","embeddable":true,"href":"https:\/\/miamedic.lt\/en\/wp-json\/wp\/v2\/product_tag?post=4456"}],"curies":[{"name":"wp","href":"https:\/\/api.w.org\/{rel}","templated":true}]}}