{"id":4451,"date":"2025-03-20T14:44:21","date_gmt":"2025-03-20T14:44:21","guid":{"rendered":"https:\/\/miamedic.lt\/?post_type=product&#038;p=4451"},"modified":"2026-03-02T10:56:07","modified_gmt":"2026-03-02T10:56:07","slug":"neckperfect-complex","status":"publish","type":"product","link":"https:\/\/miamedic.lt\/en\/shop\/neckperfect-complex\/","title":{"rendered":"NECKPERFECT COMPLEX"},"content":{"rendered":"<p class=\"\" data-start=\"296\" data-end=\"671\"><strong>iS Clinical NECKPERFECT COMPLEX<\/strong> &#8211; Revoliucin\u0117 kaklo ir dekolt\u0117 srities prie\u017ei\u016brai skirta formul\u0117 sukurta atsi\u017evelgiant \u012f \u0161ios jautrios odos ypatumus. Peptid\u0173, vaisi\u0173 r\u016bg\u0161\u010di\u0173, hialurono r\u016bg\u0161ties bei augalini\u0173 ekstrakt\u0173 kompleksas \u0161velniai \u0161vei\u010dia od\u0105, suteikia matom\u0105 liftingo efekt\u0105, stangrina bei modeliuoja kaklo kont\u016br\u0105. Kremas intensyviai dr\u0117kina, pagerina odos tekst\u016br\u0105 ir ton\u0105, atkurdamas jos jaunatvi\u0161k\u0105 i\u0161vaizd\u0105.<\/p>\n<p data-start=\"45\" data-end=\"63\"><strong data-start=\"49\" data-end=\"61\">Effect<\/strong><\/p>\n<p class=\"\" data-start=\"79\" data-end=\"217\">\u2022 Padeda i\u0161laikyti odos stangrum\u0105 ir tamprum\u0105<br data-start=\"124\" data-end=\"127\" \/>\u2022 Atkuria elastingum\u0105 kaklo ir dekolt\u0117 srityje<br data-start=\"173\" data-end=\"176\" \/>\u2022 Ma\u017eina pavir\u0161ines bei gilias rauk\u0161les<\/p>\n<p data-start=\"585\" data-end=\"967\"><strong>Usage:<\/strong><\/p>\n<div class=\"page\" title=\"Page 11\">\n<div class=\"section\">\n<div class=\"layoutArea\">\n<div class=\"column\">\n<div class=\"page\" title=\"Page 16\">\n<div class=\"section\">\n<div class=\"layoutArea\">\n<div class=\"column\">\n<div class=\"page\" title=\"Page 21\">\n<div class=\"section\">\n<div class=\"layoutArea\">\n<div class=\"column\">\n<div class=\"page\" title=\"Page 22\">\n<div class=\"section\">\n<div class=\"layoutArea\">\n<div class=\"column\">\n<div class=\"page\" title=\"Page 23\">\n<div class=\"section\">\n<div class=\"layoutArea\">\n<div class=\"column\">\n<div class=\"page\" title=\"Page 24\">\n<div class=\"section\">\n<div class=\"layoutArea\">\n<div class=\"column\">\n<div class=\"page\" title=\"Page 25\">\n<div class=\"section\">\n<div class=\"layoutArea\">\n<div class=\"column\">\n<div class=\"page\" title=\"Page 26\">\n<div class=\"section\">\n<div class=\"layoutArea\">\n<div class=\"column\">\n<div class=\"page\" title=\"Page 27\">\n<div class=\"section\">\n<div class=\"layoutArea\">\n<div class=\"column\">\n<p>Uz\u030ctepkite nedideli\u0328 kieki\u0328 kremo (1-2 pompos paspaudimai). ant nuvalytos kaklo ir dekolte\u0307 odos is\u030cilgai masaz\u030co liniju\u0328.<\/p>\n<\/div>\n<\/div>\n<\/div>\n<\/div>\n<\/div>\n<\/div>\n<\/div>\n<\/div>\n<\/div>\n<\/div>\n<\/div>\n<\/div>\n<\/div>\n<\/div>\n<\/div>\n<\/div>\n<\/div>\n<\/div>\n<\/div>\n<\/div>\n<\/div>\n<\/div>\n<\/div>\n<\/div>\n<\/div>\n<\/div>\n<\/div>\n<\/div>\n<\/div>\n<\/div>\n<\/div>\n<\/div>\n<\/div>\n<\/div>\n<\/div>\n<\/div>","protected":false},"excerpt":{"rendered":"<p>Revoliucin\u0117 kaklo ir dekolt\u0117 srities prie\u017ei\u016brai skirta formul\u0117 sukurta atsi\u017evelgiant \u012f \u0161ios jautrios odos ypatumus.<\/p>","protected":false},"featured_media":4452,"comment_status":"open","ping_status":"closed","template":"","meta":[],"product_cat":[448,417,139],"product_tag":[],"class_list":{"0":"post-4451","1":"product","2":"type-product","3":"status-publish","4":"has-post-thumbnail","6":"product_cat-is-clinical-ir-circadia","7":"product_cat-is-clinical-ir-valmont","8":"product_cat-dekolte","9":"pa_brands-is-clinical","10":"pa_talpa-50g","11":"pa_talpa-5g","13":"first","14":"instock","15":"taxable","16":"shipping-taxable","17":"purchasable","18":"product-type-variable"},"_links":{"self":[{"href":"https:\/\/miamedic.lt\/en\/wp-json\/wp\/v2\/product\/4451","targetHints":{"allow":["GET"]}}],"collection":[{"href":"https:\/\/miamedic.lt\/en\/wp-json\/wp\/v2\/product"}],"about":[{"href":"https:\/\/miamedic.lt\/en\/wp-json\/wp\/v2\/types\/product"}],"replies":[{"embeddable":true,"href":"https:\/\/miamedic.lt\/en\/wp-json\/wp\/v2\/comments?post=4451"}],"version-history":[{"count":4,"href":"https:\/\/miamedic.lt\/en\/wp-json\/wp\/v2\/product\/4451\/revisions"}],"predecessor-version":[{"id":12864,"href":"https:\/\/miamedic.lt\/en\/wp-json\/wp\/v2\/product\/4451\/revisions\/12864"}],"wp:featuredmedia":[{"embeddable":true,"href":"https:\/\/miamedic.lt\/en\/wp-json\/wp\/v2\/media\/4452"}],"wp:attachment":[{"href":"https:\/\/miamedic.lt\/en\/wp-json\/wp\/v2\/media?parent=4451"}],"wp:term":[{"taxonomy":"product_cat","embeddable":true,"href":"https:\/\/miamedic.lt\/en\/wp-json\/wp\/v2\/product_cat?post=4451"},{"taxonomy":"product_tag","embeddable":true,"href":"https:\/\/miamedic.lt\/en\/wp-json\/wp\/v2\/product_tag?post=4451"}],"curies":[{"name":"wp","href":"https:\/\/api.w.org\/{rel}","templated":true}]}}