{"id":4447,"date":"2025-03-20T14:34:49","date_gmt":"2025-03-20T14:34:49","guid":{"rendered":"https:\/\/miamedic.lt\/?post_type=product&#038;p=4447"},"modified":"2026-03-02T10:56:15","modified_gmt":"2026-03-02T10:56:15","slug":"firming-complex","status":"publish","type":"product","link":"https:\/\/miamedic.lt\/en\/shop\/firming-complex\/","title":{"rendered":"FIRMING COMPLEX"},"content":{"rendered":"<p class=\"\" data-start=\"296\" data-end=\"671\"><strong>iS CLINICAL FIRMING COMPLEX<\/strong> &#8211; \u0160is stiprinantis kremas sukurtas i\u0161 subalansuoto vaisi\u0173 r\u016bg\u0161\u010di\u0173 derinio, galing\u0173 antioksidant\u0173 ir i\u0161grynint\u0173 augalini\u0173 ekstrakt\u0173, kurie kartu veikia od\u0105 keliomis kryptimis. Formul\u0117 efektyviai stangrina, suteikia liftingo efekt\u0105, lygina rauk\u0161les, ma\u017eina por\u0173 i\u0161sipl\u0117tim\u0105 bei gerina bendr\u0105 odos tonus\u0105 ir tekst\u016br\u0105. Puikus pasirinkimas tiek brand\u017eiai, tiek probleminei odai, norint i\u0161laikyti \u0161vytin\u010di\u0105, elasting\u0105 i\u0161vaizd\u0105.<\/p>\n<p data-start=\"45\" data-end=\"63\"><strong data-start=\"49\" data-end=\"61\">Effect<\/strong><\/p>\n<p class=\"\" data-start=\"72\" data-end=\"367\">\u2022 Stangrina ir lygina od\u0105<br data-start=\"97\" data-end=\"100\" \/>\u2022 Ma\u017eina smulkias bei gilias rauk\u0161les<br data-start=\"137\" data-end=\"140\" \/>\u2022 Puikiai tinka brand\u017eiai, senstan\u010diai odai<br data-start=\"183\" data-end=\"186\" \/>\u2022 Padeda esant aknei ir u\u017edegimams<br data-start=\"220\" data-end=\"223\" \/>\u2022 Ma\u017eina por\u0173 matomum\u0105<br data-start=\"245\" data-end=\"248\" \/>\u2022 Gerina plonos, rauk\u0161li\u0173 pa\u017eeistos odos b\u016bkl\u0119<br data-start=\"294\" data-end=\"297\" \/>\u2022 Suteikia stipri\u0105 antioksidacin\u0119 apsaug\u0105<br data-start=\"338\" data-end=\"341\" \/>\u2022 Sud\u0117tyje n\u0117ra paraben\u0173<\/p>\n<p data-start=\"585\" data-end=\"967\"><strong>Usage:<\/strong><\/p>\n<div class=\"page\" title=\"Page 11\">\n<div class=\"section\">\n<div class=\"layoutArea\">\n<div class=\"column\">\n<div class=\"page\" title=\"Page 16\">\n<div class=\"section\">\n<div class=\"layoutArea\">\n<div class=\"column\">\n<div class=\"page\" title=\"Page 21\">\n<div class=\"section\">\n<div class=\"layoutArea\">\n<div class=\"column\">\n<div class=\"page\" title=\"Page 22\">\n<div class=\"section\">\n<div class=\"layoutArea\">\n<div class=\"column\">\n<div class=\"page\" title=\"Page 23\">\n<div class=\"section\">\n<div class=\"layoutArea\">\n<div class=\"column\">\n<div class=\"page\" title=\"Page 24\">\n<div class=\"section\">\n<div class=\"layoutArea\">\n<div class=\"column\">\n<div class=\"page\" title=\"Page 25\">\n<div class=\"section\">\n<div class=\"layoutArea\">\n<div class=\"column\">\n<div class=\"page\" title=\"Page 26\">\n<div class=\"section\">\n<div class=\"layoutArea\">\n<div class=\"column\">\n<p>Nedideli\u0328 kieki\u0328 kremo uz\u030ctepkite ant veido ir kaklo ir tolygiai paskirstykite.<\/p>\n<\/div>\n<\/div>\n<\/div>\n<\/div>\n<\/div>\n<\/div>\n<\/div>\n<\/div>\n<\/div>\n<\/div>\n<\/div>\n<\/div>\n<\/div>\n<\/div>\n<\/div>\n<\/div>\n<\/div>\n<\/div>\n<\/div>\n<\/div>\n<\/div>\n<\/div>\n<\/div>\n<\/div>\n<\/div>\n<\/div>\n<\/div>\n<\/div>\n<\/div>\n<\/div>\n<\/div>\n<\/div>","protected":false},"excerpt":{"rendered":"<p>Puikus kremo pasirinkimas tiek brand\u017eiai, tiek probleminei odai, norint i\u0161laikyti \u0161vytin\u010di\u0105, elasting\u0105 i\u0161vaizd\u0105.<\/p>","protected":false},"featured_media":4450,"comment_status":"open","ping_status":"closed","template":"","meta":[],"product_cat":[448,417,129],"product_tag":[],"class_list":{"0":"post-4447","1":"product","2":"type-product","3":"status-publish","4":"has-post-thumbnail","6":"product_cat-is-clinical-ir-circadia","7":"product_cat-is-clinical-ir-valmont","8":"product_cat-veido-kremai","9":"pa_brands-is-clinical","10":"pa_talpa-50ml-2","12":"first","13":"instock","14":"taxable","15":"shipping-taxable","16":"purchasable","17":"product-type-simple"},"_links":{"self":[{"href":"https:\/\/miamedic.lt\/en\/wp-json\/wp\/v2\/product\/4447","targetHints":{"allow":["GET"]}}],"collection":[{"href":"https:\/\/miamedic.lt\/en\/wp-json\/wp\/v2\/product"}],"about":[{"href":"https:\/\/miamedic.lt\/en\/wp-json\/wp\/v2\/types\/product"}],"replies":[{"embeddable":true,"href":"https:\/\/miamedic.lt\/en\/wp-json\/wp\/v2\/comments?post=4447"}],"version-history":[{"count":2,"href":"https:\/\/miamedic.lt\/en\/wp-json\/wp\/v2\/product\/4447\/revisions"}],"predecessor-version":[{"id":12877,"href":"https:\/\/miamedic.lt\/en\/wp-json\/wp\/v2\/product\/4447\/revisions\/12877"}],"wp:featuredmedia":[{"embeddable":true,"href":"https:\/\/miamedic.lt\/en\/wp-json\/wp\/v2\/media\/4450"}],"wp:attachment":[{"href":"https:\/\/miamedic.lt\/en\/wp-json\/wp\/v2\/media?parent=4447"}],"wp:term":[{"taxonomy":"product_cat","embeddable":true,"href":"https:\/\/miamedic.lt\/en\/wp-json\/wp\/v2\/product_cat?post=4447"},{"taxonomy":"product_tag","embeddable":true,"href":"https:\/\/miamedic.lt\/en\/wp-json\/wp\/v2\/product_tag?post=4447"}],"curies":[{"name":"wp","href":"https:\/\/api.w.org\/{rel}","templated":true}]}}