{"id":4443,"date":"2025-03-20T14:29:17","date_gmt":"2025-03-20T14:29:17","guid":{"rendered":"https:\/\/miamedic.lt\/?post_type=product&#038;p=4443"},"modified":"2026-03-02T10:56:23","modified_gmt":"2026-03-02T10:56:23","slug":"youth-lip-elixir","status":"publish","type":"product","link":"https:\/\/miamedic.lt\/en\/shop\/youth-lip-elixir\/","title":{"rendered":"YOUTH LIP ELIXIR"},"content":{"rendered":"<p class=\"\" data-start=\"296\" data-end=\"671\"><strong>iS CLINICAL YOUTH LIP ELIXIR<\/strong> &#8211; Prabangus l\u016bp\u0173 eliksyras, sukurtas i\u0161 kruop\u0161\u010diai atrinkt\u0173 augal\u0173 ekstrakt\u0173 ir antioksidant\u0173, giliai dr\u0117kina, mink\u0161tina ir vizualiai padidina l\u016bpas. Novatori\u0161ka formul\u0117 papildyta patentuotu <strong data-start=\"502\" data-end=\"518\">Extremozyme\u00ae<\/strong> kompleksu, kuris padeda apsaugoti l\u0105steli\u0173 DNR nuo \u017ealing\u0173 aplinkos veiksni\u0173. Rezultatas \u2013 putlesn\u0117s, lygesn\u0117s ir sveikiau atrodan\u010dios l\u016bpos su ilgalaikiu poveikiu.<\/p>\n<p data-start=\"45\" data-end=\"63\"><strong data-start=\"49\" data-end=\"61\">Effect<\/strong><\/p>\n<p class=\"translation-block\" data-start=\"64\" data-end=\"311\">\u2022 Intensively hydrates, restores, and protects dry and chapped lips\n\u2022 Reduces fine lines around the lips\n\u2022 Gives lips fullness and smoothness\n\u2022 Enhances the lip contour\n\u2022 Quick visible and long-lasting results\n\u2022 Paraben-free<\/p>\n<p data-start=\"585\" data-end=\"967\"><strong>Usage:<\/strong><\/p>\n<div class=\"page\" title=\"Page 11\">\n<div class=\"section\">\n<div class=\"layoutArea\">\n<div class=\"column\">\n<div class=\"page\" title=\"Page 16\">\n<div class=\"section\">\n<div class=\"layoutArea\">\n<div class=\"column\">\n<div class=\"page\" title=\"Page 21\">\n<div class=\"section\">\n<div class=\"layoutArea\">\n<div class=\"column\">\n<div class=\"page\" title=\"Page 22\">\n<div class=\"section\">\n<div class=\"layoutArea\">\n<div class=\"column\">\n<div class=\"page\" title=\"Page 23\">\n<div class=\"section\">\n<div class=\"layoutArea\">\n<div class=\"column\">\n<div class=\"page\" title=\"Page 24\">\n<div class=\"section\">\n<div class=\"layoutArea\">\n<div class=\"column\">\n<div class=\"page\" title=\"Page 25\">\n<div class=\"section\">\n<div class=\"layoutArea\">\n<div class=\"column\">\n<p>Apply a small amount to the lips as needed.<\/p>\n<\/div>\n<\/div>\n<\/div>\n<\/div>\n<\/div>\n<\/div>\n<\/div>\n<\/div>\n<\/div>\n<\/div>\n<\/div>\n<\/div>\n<\/div>\n<\/div>\n<\/div>\n<\/div>\n<\/div>\n<\/div>\n<\/div>\n<\/div>\n<\/div>\n<\/div>\n<\/div>\n<\/div>\n<\/div>\n<\/div>\n<\/div>\n<\/div>","protected":false},"excerpt":{"rendered":"<p>A luxurious lip elixir, created from carefully selected plant extracts and antioxidants, deeply hydrates, softens, and visually enhances the lips.<\/p>","protected":false},"featured_media":4444,"comment_status":"open","ping_status":"closed","template":"","meta":[],"product_cat":[448,417,239],"product_tag":[],"class_list":{"0":"post-4443","1":"product","2":"type-product","3":"status-publish","4":"has-post-thumbnail","6":"product_cat-is-clinical-ir-circadia","7":"product_cat-is-clinical-ir-valmont","8":"product_cat-lupu-balzamai","9":"pa_brands-is-clinical","10":"pa_talpa-35g","12":"first","13":"instock","14":"taxable","15":"shipping-taxable","16":"purchasable","17":"product-type-simple"},"_links":{"self":[{"href":"https:\/\/miamedic.lt\/en\/wp-json\/wp\/v2\/product\/4443","targetHints":{"allow":["GET"]}}],"collection":[{"href":"https:\/\/miamedic.lt\/en\/wp-json\/wp\/v2\/product"}],"about":[{"href":"https:\/\/miamedic.lt\/en\/wp-json\/wp\/v2\/types\/product"}],"replies":[{"embeddable":true,"href":"https:\/\/miamedic.lt\/en\/wp-json\/wp\/v2\/comments?post=4443"}],"version-history":[{"count":2,"href":"https:\/\/miamedic.lt\/en\/wp-json\/wp\/v2\/product\/4443\/revisions"}],"predecessor-version":[{"id":12871,"href":"https:\/\/miamedic.lt\/en\/wp-json\/wp\/v2\/product\/4443\/revisions\/12871"}],"wp:featuredmedia":[{"embeddable":true,"href":"https:\/\/miamedic.lt\/en\/wp-json\/wp\/v2\/media\/4444"}],"wp:attachment":[{"href":"https:\/\/miamedic.lt\/en\/wp-json\/wp\/v2\/media?parent=4443"}],"wp:term":[{"taxonomy":"product_cat","embeddable":true,"href":"https:\/\/miamedic.lt\/en\/wp-json\/wp\/v2\/product_cat?post=4443"},{"taxonomy":"product_tag","embeddable":true,"href":"https:\/\/miamedic.lt\/en\/wp-json\/wp\/v2\/product_tag?post=4443"}],"curies":[{"name":"wp","href":"https:\/\/api.w.org\/{rel}","templated":true}]}}